{"id":154,"date":"2014-03-17T10:16:10","date_gmt":"2014-03-17T10:16:10","guid":{"rendered":"http:\/\/stronghold-terrain.de\/produkt\/dark-age-warriors-40\/"},"modified":"2026-04-12T15:54:32","modified_gmt":"2026-04-12T15:54:32","slug":"dark-age-warriors-40","status":"publish","type":"product","link":"https:\/\/stronghold-terrain.de\/en\/shop\/dark-age-warriors-40\/","title":{"rendered":"Dark Age Krieger (40)"},"content":{"rendered":"<p>Die Box enth\u00e4lt insgesamt 40 detailierte Kunststoff Dark Age Krieger. Jeder Krieger kann mit einem Speer bewaffnet werden. F\u00fcr weitere Flexibilit\u00e4t enth\u00e4lt der Bausatz zus\u00e4tzliche Teile um bis zu 8 Krieger mit Schwert, 32 mit Schleudern und bis zu 16 mit Wurfspeeren, ausr\u00fcsten zu k\u00f6nnen.<\/p>\n<p>Dar\u00fcber hinaus sind Teile f\u00fcr Hornbl\u00e4ser und Basen enthalten.<\/p>\n<p>Die Box ist daher bestens geeignet, um beispielsweise f\u00fcr SAGA unger\u00fcstete Krieger f\u00fcr viele unterschiedliche V\u00f6lker darzustellen. Die Teile des Kunsstoffbausatzes sind wunderbar mit den anderen Baus\u00e4tzen austauschbar.<\/p>\n<p>&nbsp;<\/p>\n<p><strong>Wir haben auch die wunderbaren Schild Designs von Little Big Men. Du findest sie <a href=\"http:\/\/stronghold-terrain.de\/index.php\/dark-age\/accessory\/shield-designs-little-big-men.html?___store=german&amp;___from_store=default\" target=\"_blank\" rel=\"noopener noreferrer\">hier.<\/a><\/strong><\/p>\n<p>&nbsp;<\/p>\n","protected":false},"excerpt":{"rendered":"<p>Die Box enth\u00e4lt insgesamt 40 detailierte Kunststoff Dark Age Krieger. Jeder Krieger kann mit einem Speer bewaffnet werden. F\u00fcr weitere Flexibilit\u00e4t enth\u00e4lt der Bausatz zus\u00e4tzliche Teile um bis zu 8 Krieger mit Schwert, 32 mit Schleudern und bis zu 16 mit Wurfspeeren, ausr\u00fcsten zu k\u00f6nnen. Dar\u00fcber hinaus sind Teile f\u00fcr Hornbl\u00e4ser und Basen enthalten. Die [&hellip;]<\/p>\n","protected":false},"featured_media":152,"template":"","meta":{"_crdt_document":"","_uag_custom_page_level_css":"","site-sidebar-layout":"default","site-content-layout":"","ast-site-content-layout":"","site-content-style":"default","site-sidebar-style":"default","ast-global-header-display":"","ast-banner-title-visibility":"","ast-main-header-display":"","ast-hfb-above-header-display":"","ast-hfb-below-header-display":"","ast-hfb-mobile-header-display":"","site-post-title":"","ast-breadcrumbs-content":"","ast-featured-img":"","footer-sml-layout":"","theme-transparent-header-meta":"","adv-header-id-meta":"","stick-header-meta":"","header-above-stick-meta":"","header-main-stick-meta":"","header-below-stick-meta":"","astra-migrate-meta-layouts":"default","ast-page-background-enabled":"default","ast-page-background-meta":{"desktop":{"background-color":"var(--ast-global-color-4)","background-image":"","background-repeat":"repeat","background-position":"center center","background-size":"auto","background-attachment":"scroll","background-type":"","background-media":"","overlay-type":"","overlay-color":"","overlay-opacity":"","overlay-gradient":""},"tablet":{"background-color":"","background-image":"","background-repeat":"repeat","background-position":"center center","background-size":"auto","background-attachment":"scroll","background-type":"","background-media":"","overlay-type":"","overlay-color":"","overlay-opacity":"","overlay-gradient":""},"mobile":{"background-color":"","background-image":"","background-repeat":"repeat","background-position":"center center","background-size":"auto","background-attachment":"scroll","background-type":"","background-media":"","overlay-type":"","overlay-color":"","overlay-opacity":"","overlay-gradient":""}},"ast-content-background-meta":{"desktop":{"background-color":"var(--ast-global-color-5)","background-image":"","background-repeat":"repeat","background-position":"center center","background-size":"auto","background-attachment":"scroll","background-type":"","background-media":"","overlay-type":"","overlay-color":"","overlay-opacity":"","overlay-gradient":""},"tablet":{"background-color":"var(--ast-global-color-5)","background-image":"","background-repeat":"repeat","background-position":"center center","background-size":"auto","background-attachment":"scroll","background-type":"","background-media":"","overlay-type":"","overlay-color":"","overlay-opacity":"","overlay-gradient":""},"mobile":{"background-color":"var(--ast-global-color-5)","background-image":"","background-repeat":"repeat","background-position":"center center","background-size":"auto","background-attachment":"scroll","background-type":"","background-media":"","overlay-type":"","overlay-color":"","overlay-opacity":"","overlay-gradient":""}}},"product_brand":[],"product_cat":[270,263,403,279,396,281,343,282,256,838,284,405,285,404,286,264,267,257],"product_tag":[],"class_list":{"0":"post-154","1":"product","2":"type-product","3":"status-publish","4":"has-post-thumbnail","6":"product_cat-anglo-saxons","7":"product_cat-anglo-danish","8":"product_cat-britons-aetius-arthur","9":"product_cat-franks","10":"product_cat-gripping-beast","11":"product_cat-pagan-rus","12":"product_cat-irish","13":"product_cat-jomsvikings","14":"product_cat-crusader","15":"product_cat-kunststoff-sets","16":"product_cat-norse-gaels","17":"product_cat-picts-aetius-arthur","18":"product_cat-era-of-rus-princes","19":"product_cat-saxons","20":"product_cat-scots","21":"product_cat-spanish","22":"product_cat-welsh","23":"product_cat-vikings","24":"pa_delivery_conditions-17-bausatz_unbemalt_basennich","25":"pa_delivery_time-41-2-3tage","26":"pa_dimension-29-28mm","27":"pa_material-96-kunststoff","28":"desktop-align-left","29":"tablet-align-left","30":"mobile-align-left","32":"first","33":"outofstock","34":"sale","35":"taxable","36":"shipping-taxable","37":"purchasable","38":"product-type-simple"},"uagb_featured_image_src":{"full":["https:\/\/stronghold-terrain.de\/wp-content\/uploads\/2014\/03\/dark_age_warriors.jpg",320,214,false],"thumbnail":["https:\/\/stronghold-terrain.de\/wp-content\/uploads\/2014\/03\/dark_age_warriors-150x150.jpg",150,150,true],"medium":["https:\/\/stronghold-terrain.de\/wp-content\/uploads\/2014\/03\/dark_age_warriors-300x201.jpg",300,201,true],"medium_large":["https:\/\/stronghold-terrain.de\/wp-content\/uploads\/2014\/03\/dark_age_warriors.jpg",320,214,false],"large":["https:\/\/stronghold-terrain.de\/wp-content\/uploads\/2014\/03\/dark_age_warriors.jpg",320,214,false],"1536x1536":["https:\/\/stronghold-terrain.de\/wp-content\/uploads\/2014\/03\/dark_age_warriors.jpg",320,214,false],"2048x2048":["https:\/\/stronghold-terrain.de\/wp-content\/uploads\/2014\/03\/dark_age_warriors.jpg",320,214,false],"woocommerce_thumbnail":["https:\/\/stronghold-terrain.de\/wp-content\/uploads\/2014\/03\/dark_age_warriors-262x214.jpg",262,214,true],"woocommerce_single":["https:\/\/stronghold-terrain.de\/wp-content\/uploads\/2014\/03\/dark_age_warriors.jpg",320,214,false],"woocommerce_gallery_thumbnail":["https:\/\/stronghold-terrain.de\/wp-content\/uploads\/2014\/03\/dark_age_warriors-100x100.jpg",100,100,true],"woosq":["https:\/\/stronghold-terrain.de\/wp-content\/uploads\/2014\/03\/dark_age_warriors.jpg",320,214,false]},"uagb_author_info":{"display_name":"mediadesignlab","author_link":"https:\/\/stronghold-terrain.de\/en\/author\/"},"uagb_comment_info":0,"uagb_excerpt":"Die Box enth\u00e4lt insgesamt 40 detailierte Kunststoff Dark Age Krieger. Jeder Krieger kann mit einem Speer bewaffnet werden. F\u00fcr weitere Flexibilit\u00e4t enth\u00e4lt der Bausatz zus\u00e4tzliche Teile um bis zu 8 Krieger mit Schwert, 32 mit Schleudern und bis zu 16 mit Wurfspeeren, ausr\u00fcsten zu k\u00f6nnen. Dar\u00fcber hinaus sind Teile f\u00fcr Hornbl\u00e4ser und Basen enthalten. Die&hellip;","_links":{"self":[{"href":"https:\/\/stronghold-terrain.de\/en\/wp-json\/wp\/v2\/product\/154","targetHints":{"allow":["GET"]}}],"collection":[{"href":"https:\/\/stronghold-terrain.de\/en\/wp-json\/wp\/v2\/product"}],"about":[{"href":"https:\/\/stronghold-terrain.de\/en\/wp-json\/wp\/v2\/types\/product"}],"wp:featuredmedia":[{"embeddable":true,"href":"https:\/\/stronghold-terrain.de\/en\/wp-json\/wp\/v2\/media\/152"}],"wp:attachment":[{"href":"https:\/\/stronghold-terrain.de\/en\/wp-json\/wp\/v2\/media?parent=154"}],"wp:term":[{"taxonomy":"product_brand","embeddable":true,"href":"https:\/\/stronghold-terrain.de\/en\/wp-json\/wp\/v2\/product_brand?post=154"},{"taxonomy":"product_cat","embeddable":true,"href":"https:\/\/stronghold-terrain.de\/en\/wp-json\/wp\/v2\/product_cat?post=154"},{"taxonomy":"product_tag","embeddable":true,"href":"https:\/\/stronghold-terrain.de\/en\/wp-json\/wp\/v2\/product_tag?post=154"}],"curies":[{"name":"wp","href":"https:\/\/api.w.org\/{rel}","templated":true}]}}