{"id":15954,"date":"2019-07-30T11:50:21","date_gmt":"2019-07-30T11:50:21","guid":{"rendered":"https:\/\/stronghold-terrain.de\/?post_type=product&#038;p=15954"},"modified":"2026-04-17T07:56:37","modified_gmt":"2026-04-17T07:56:37","slug":"vorbestellung-saga-erweiterung-aera-der-magie-gratis-magier","status":"publish","type":"product","link":"https:\/\/stronghold-terrain.de\/en\/shop\/vorbestellung-saga-erweiterung-aera-der-magie-gratis-magier\/","title":{"rendered":"SAGA-Erweiterung \u00c4ra der Magie (deutsch) + Gratis Magier"},"content":{"rendered":"<p><em>Das Fantasy-Genre ist der Schmelztiegel, in dem die heroischsten Geschichten \u00fcberhaupt geschmiedet werden. Hier kann ein einfacher Barbar zum K\u00f6nig aufsteigen, ein uralter Magier die verschiedenste V\u00f6lker zum letzten Gefecht gegen die M\u00e4chte des Schattens vereinen, und eine Armee der Toten kann sich aus den Gr\u00e4bern erheben &#8230;<\/em><\/p>\n<p><em>Drachen, Magier und Paladine steigen in der \u00c4ra der Magie auf die Saga-Spieltische herab!<\/em><br \/>\n<em>Stelle eine Armee f\u00fcr eine der sechs Fraktionen zusammen, rekrutiere neue Einheiten wie Monster, Kreaturen und Kriegsmaschinen, und stelle dich deinen Gegnern mit der Unterst\u00fctzung m\u00e4chtiger Zauber.<\/em><\/p>\n<p><strong>Fakten:<\/strong><\/p>\n<ul>\n<li>108 Seiten Hardcover mit Leseb\u00e4ndchen (20 Seiten mehr Umfang als die anderen Epochenb\u00fccher)<\/li>\n<li>6 Papp-Schlachtpl\u00e4ne<\/li>\n<li>Zweiseitiger Papp Referenzbogen (in der englischen Version nicht enthalten)<\/li>\n<li>Im Vergleich zur englischen Version erratiert (inklusive dem 2019er SAGA FAQ)<\/li>\n<li>6 Fraktionen\n<ul>\n<li>Die Gro\u00dfen K\u00f6nigreiche<\/li>\n<li>Die Herren der Wildnis<\/li>\n<li>Die Horde<\/li>\n<li>Die Untoten Legionen<\/li>\n<li>Die Anderswelt<\/li>\n<li>Die Herrscher des Unterreichs<\/li>\n<\/ul>\n<\/li>\n<li>Zauberbuch mit 36 Zauberspr\u00fcchen aus 6 Schulen der Magie<\/li>\n<li>Jeder Vorbesteller erh\u00e4lt zus\u00e4tzlich einen Gratis Magier inklusive 3 Kopfvarianten, so dass du mit ihm entweder einen Menschen, einen Nekromanten oder einen Elfen Magier darstellen kannst<\/li>\n<\/ul>\n<p><em>\u00c4ra der Magie ist eine vollst\u00e4ndige SAGA-Spielwelt, die folgende Dinge enth\u00e4lt:<\/em><\/p>\n<ul>\n<li>6 archetypische Fraktionen aus der Welt der Fantasy, mit denen du deine Sammlung passender Modelle bei SAGA einsetzen kannst.<\/li>\n<li>Legend\u00e4re Einheiten und Armeelisten f\u00fcr jede Fraktion lassen dich deine Armeen noch individueller gestalten.<\/li>\n<li>Neue Einheiten und Ausr\u00fcstungsgegenst\u00e4nde, um die m\u00e4chtigsten Einheiten dieser Welten darzustellen.<\/li>\n<li>Vollst\u00e4ndige Magieregeln.<\/li>\n<li>Ein Zauberbuch mit mehr 36 Zaubern aus sechs Lehren der Magie.<\/li>\n<li>Beeindruckende Fotos von Armeen und Kampfszenen, die dich zu neuen Armeen inspirieren<br \/>\nk\u00f6nnen.<\/li>\n<\/ul>\n<p>\u00c4ra der Magie gibt den Spielern alle Werkzeuge, die sie brauchen, um ihre Fantasyminiaturen bei SAGA zu nutzen und ihre eigenen Spielwelten zu erschaffen.<\/p>\n<p>Um SAGA: \u00c4ra der Magie zu spielen, ben\u00f6tigst du eine Ausgabe des SAGA-Regelbuchs. \u00a0Des Weiteren empfehlen wir dir das Buch der Schlachten, um deine SAGA Spiele noch interessanter und abwechslungsreicher zu gestalten.<\/p>\n<p>Schreibe deine eigene Saga in der \u00c4ra der Magie!<\/p>\n<p><strong>Hier findet ihr einen ausf\u00fchrlichen Artikel zu SAGA \u00c4ra der Magie<\/strong> <a href=\"http:\/\/Das Fantasy-Genre ist der Schmelztiegel, in dem die heroischsten Geschichten \u00fcberhaupt geschmiedet werden. Hier kann ein einfacher Barbar zum K\u00f6nig aufsteigen, ein uralter Magier die verschiedenste V\u00f6lker zum letzten Gefecht gegen die M\u00e4chte des Schattens vereinen, und eine Armee der Toten kann sich aus den Gr\u00e4bern erheben ... Drachen, Magier und Paladine steigen in der \u00c4ra der Magie auf die Saga-Spieltische herab! Stelle eine Armee f\u00fcr eine der sechs Fraktionen zusammen, rekrutiere neue Einheiten wie Monster, Kreaturen und Kriegsmaschinen, und stelle dich deinen Gegnern mit der Unterst\u00fctzung m\u00e4chtiger Zauber. \u00c4ra der Magie ist eine vollst\u00e4ndige SAGA-Spielwelt, die folgende Dinge enth\u00e4lt: \u2022 6 archetypische Fraktionen aus der Welt der Fantasy, mit denen du deine Sammlung passender Modelle bei SAGA einsetzen kannst. \u2022 Legend\u00e4re Einheiten und Armeelisten f\u00fcr jede Fraktion lassen dich deine Armeen noch individueller gestalten. \u2022 Neue Einheiten und Ausr\u00fcstungsgegenst\u00e4nde, um die m\u00e4chtigsten Einheiten dieser Welten darzustellen. \u2022 Vollst\u00e4ndige Magieregeln. \u2022 Ein Zauberbuch mit mehr als drei\u00dfig Zaubern aus sechs Lehren der Magie. \u2022 Beeindruckende Fotos von Armeen und Kampfszenen, die dich zu neuen Armeen inspirieren k\u00f6nnen. \u00c4ra der Magie gibt den Spielern alle Werkzeuge, die sie brauchen, um ihre Fantasyminiaturen bei SAGA zu nutzen und ihre eigenen Spielwelten zu erschaffen. Folgende V\u00f6lker sind in diesem Buch enthalten: Die Gro\u00dfen K\u00f6nigreiche Die Herren der Wildnis Die Untoten Legionen Die Horde Die Anderswelt Die Herrscher des Unterreichs Um SAGA: \u00c4ra der Magie zu spielen, ben\u00f6tigst du eine Ausgabe des SAGA-Regelbuchs. Diese Erweiterung beinhaltet 6 Schlachtpl\u00e4ne, die nicht separat erh\u00e4ltlich sind. Des Weiteren empfehlen wir dir das Buch der Schlachten, um deine SAGA Spiele noch interessanter und abwechslungsreicher zu gestalten. Schreibe deine eigene Saga in der \u00c4ra der Magie!\"><strong>LINK<\/strong><\/a><\/p>\n<p><strong>Und hier ein ausf\u00fchrlicher Podcast mit Tom von Magabotato<\/strong><\/p>\n<p><img loading=\"lazy\" decoding=\"async\" class=\"alignnone size-medium wp-image-16252\" src=\"https:\/\/stronghold-terrain.de\/wp-content\/uploads\/2019\/08\/magabotato_400x400-1-300x300.jpg\" alt=\"\" width=\"300\" height=\"300\" srcset=\"https:\/\/stronghold-terrain.de\/wp-content\/uploads\/2019\/08\/magabotato_400x400-1-300x300.jpg 300w, https:\/\/stronghold-terrain.de\/wp-content\/uploads\/2019\/08\/magabotato_400x400-1-150x150.jpg 150w, https:\/\/stronghold-terrain.de\/wp-content\/uploads\/2019\/08\/magabotato_400x400-1-100x100.jpg 100w, https:\/\/stronghold-terrain.de\/wp-content\/uploads\/2019\/08\/magabotato_400x400-1.jpg 400w\" sizes=\"auto, (max-width: 300px) 100vw, 300px\" \/><\/p>\n<audio class=\"wp-audio-shortcode\" id=\"audio-15954-1\" preload=\"none\" style=\"width: 100%;\" controls=\"controls\"><source type=\"audio\/mpeg\" src=\"https:\/\/stronghold-terrain.de\/wp-content\/uploads\/2019\/08\/MagabotatoPodcastEpisode163.mp3?_=1\" \/><a href=\"https:\/\/stronghold-terrain.de\/wp-content\/uploads\/2019\/08\/MagabotatoPodcastEpisode163.mp3\">https:\/\/stronghold-terrain.de\/wp-content\/uploads\/2019\/08\/MagabotatoPodcastEpisode163.mp3<\/a><\/audio>\n","protected":false},"excerpt":{"rendered":"<p>Das Fantasy-Genre ist der Schmelztiegel, in dem die heroischsten Geschichten \u00fcberhaupt geschmiedet werden. Hier kann ein einfacher Barbar zum K\u00f6nig aufsteigen, ein uralter Magier die verschiedenste V\u00f6lker zum letzten Gefecht gegen die M\u00e4chte des Schattens vereinen, und eine Armee der Toten kann sich aus den Gr\u00e4bern erheben &#8230; Drachen, Magier und Paladine steigen in der [&hellip;]<\/p>\n","protected":false},"featured_media":47206,"template":"","meta":{"_crdt_document":"","_uag_custom_page_level_css":"","site-sidebar-layout":"default","site-content-layout":"","ast-site-content-layout":"","site-content-style":"default","site-sidebar-style":"default","ast-global-header-display":"","ast-banner-title-visibility":"","ast-main-header-display":"","ast-hfb-above-header-display":"","ast-hfb-below-header-display":"","ast-hfb-mobile-header-display":"","site-post-title":"","ast-breadcrumbs-content":"","ast-featured-img":"","footer-sml-layout":"","theme-transparent-header-meta":"","adv-header-id-meta":"","stick-header-meta":"","header-above-stick-meta":"","header-main-stick-meta":"","header-below-stick-meta":"","astra-migrate-meta-layouts":"default","ast-page-background-enabled":"default","ast-page-background-meta":{"desktop":{"background-color":"var(--ast-global-color-4)","background-image":"","background-repeat":"repeat","background-position":"center center","background-size":"auto","background-attachment":"scroll","background-type":"","background-media":"","overlay-type":"","overlay-color":"","overlay-opacity":"","overlay-gradient":""},"tablet":{"background-color":"","background-image":"","background-repeat":"repeat","background-position":"center center","background-size":"auto","background-attachment":"scroll","background-type":"","background-media":"","overlay-type":"","overlay-color":"","overlay-opacity":"","overlay-gradient":""},"mobile":{"background-color":"","background-image":"","background-repeat":"repeat","background-position":"center center","background-size":"auto","background-attachment":"scroll","background-type":"","background-media":"","overlay-type":"","overlay-color":"","overlay-opacity":"","overlay-gradient":""}},"ast-content-background-meta":{"desktop":{"background-color":"var(--ast-global-color-5)","background-image":"","background-repeat":"repeat","background-position":"center center","background-size":"auto","background-attachment":"scroll","background-type":"","background-media":"","overlay-type":"","overlay-color":"","overlay-opacity":"","overlay-gradient":""},"tablet":{"background-color":"var(--ast-global-color-5)","background-image":"","background-repeat":"repeat","background-position":"center center","background-size":"auto","background-attachment":"scroll","background-type":"","background-media":"","overlay-type":"","overlay-color":"","overlay-opacity":"","overlay-gradient":""},"mobile":{"background-color":"var(--ast-global-color-5)","background-image":"","background-repeat":"repeat","background-position":"center center","background-size":"auto","background-attachment":"scroll","background-type":"","background-media":"","overlay-type":"","overlay-color":"","overlay-opacity":"","overlay-gradient":""}}},"product_brand":[],"product_cat":[741,236],"product_tag":[1304],"class_list":{"0":"post-15954","1":"product","2":"type-product","3":"status-publish","4":"has-post-thumbnail","6":"product_cat-regelbuecher-deutsch","7":"product_cat-saga-rules","8":"product_tag-regelbuch","9":"pa_delivery_conditions-31-neu","10":"pa_delivery_time-anfang-maerz","11":"pa_dimension-22-a4","12":"pa_material-24-papier","13":"pa_teile-49-6","14":"desktop-align-left","15":"tablet-align-left","16":"mobile-align-left","18":"first","19":"instock","20":"taxable","21":"shipping-taxable","22":"purchasable","23":"product-type-simple"},"uagb_featured_image_src":{"full":["https:\/\/stronghold-terrain.de\/wp-content\/uploads\/2019\/07\/SARB50-Aera-der-Magie-Cover-GRatis-Magier.jpg",913,1280,false],"thumbnail":["https:\/\/stronghold-terrain.de\/wp-content\/uploads\/2019\/07\/SARB50-Aera-der-Magie-Cover-GRatis-Magier-150x150.jpg",150,150,true],"medium":["https:\/\/stronghold-terrain.de\/wp-content\/uploads\/2019\/07\/SARB50-Aera-der-Magie-Cover-GRatis-Magier-214x300.jpg",214,300,true],"medium_large":["https:\/\/stronghold-terrain.de\/wp-content\/uploads\/2019\/07\/SARB50-Aera-der-Magie-Cover-GRatis-Magier-768x1077.jpg",768,1077,true],"large":["https:\/\/stronghold-terrain.de\/wp-content\/uploads\/2019\/07\/SARB50-Aera-der-Magie-Cover-GRatis-Magier-730x1024.jpg",730,1024,true],"1536x1536":["https:\/\/stronghold-terrain.de\/wp-content\/uploads\/2019\/07\/SARB50-Aera-der-Magie-Cover-GRatis-Magier.jpg",913,1280,false],"2048x2048":["https:\/\/stronghold-terrain.de\/wp-content\/uploads\/2019\/07\/SARB50-Aera-der-Magie-Cover-GRatis-Magier.jpg",913,1280,false],"woocommerce_thumbnail":["https:\/\/stronghold-terrain.de\/wp-content\/uploads\/2019\/07\/SARB50-Aera-der-Magie-Cover-GRatis-Magier-262x328.jpg",262,328,true],"woocommerce_single":["https:\/\/stronghold-terrain.de\/wp-content\/uploads\/2019\/07\/SARB50-Aera-der-Magie-Cover-GRatis-Magier-555x778.jpg",555,778,true],"woocommerce_gallery_thumbnail":["https:\/\/stronghold-terrain.de\/wp-content\/uploads\/2019\/07\/SARB50-Aera-der-Magie-Cover-GRatis-Magier-100x100.jpg",100,100,true],"woosq":["https:\/\/stronghold-terrain.de\/wp-content\/uploads\/2019\/07\/SARB50-Aera-der-Magie-Cover-GRatis-Magier-460x460.jpg",460,460,true]},"uagb_author_info":{"display_name":"Mirco Wenning","author_link":"https:\/\/stronghold-terrain.de\/en\/author\/"},"uagb_comment_info":0,"uagb_excerpt":"Das Fantasy-Genre ist der Schmelztiegel, in dem die heroischsten Geschichten \u00fcberhaupt geschmiedet werden. Hier kann ein einfacher Barbar zum K\u00f6nig aufsteigen, ein uralter Magier die verschiedenste V\u00f6lker zum letzten Gefecht gegen die M\u00e4chte des Schattens vereinen, und eine Armee der Toten kann sich aus den Gr\u00e4bern erheben &#8230; Drachen, Magier und Paladine steigen in der&hellip;","_links":{"self":[{"href":"https:\/\/stronghold-terrain.de\/en\/wp-json\/wp\/v2\/product\/15954","targetHints":{"allow":["GET"]}}],"collection":[{"href":"https:\/\/stronghold-terrain.de\/en\/wp-json\/wp\/v2\/product"}],"about":[{"href":"https:\/\/stronghold-terrain.de\/en\/wp-json\/wp\/v2\/types\/product"}],"wp:featuredmedia":[{"embeddable":true,"href":"https:\/\/stronghold-terrain.de\/en\/wp-json\/wp\/v2\/media\/47206"}],"wp:attachment":[{"href":"https:\/\/stronghold-terrain.de\/en\/wp-json\/wp\/v2\/media?parent=15954"}],"wp:term":[{"taxonomy":"product_brand","embeddable":true,"href":"https:\/\/stronghold-terrain.de\/en\/wp-json\/wp\/v2\/product_brand?post=15954"},{"taxonomy":"product_cat","embeddable":true,"href":"https:\/\/stronghold-terrain.de\/en\/wp-json\/wp\/v2\/product_cat?post=15954"},{"taxonomy":"product_tag","embeddable":true,"href":"https:\/\/stronghold-terrain.de\/en\/wp-json\/wp\/v2\/product_tag?post=15954"}],"curies":[{"name":"wp","href":"https:\/\/api.w.org\/{rel}","templated":true}]}}