{"id":15969,"date":"2019-07-30T12:05:57","date_gmt":"2019-07-30T12:05:57","guid":{"rendered":"https:\/\/stronghold-terrain.de\/?post_type=product&#038;p=15969"},"modified":"2026-03-04T07:44:13","modified_gmt":"2026-03-04T07:44:13","slug":"vorbestellung-saga-aera-der-maegie-magiekarten-36","status":"publish","type":"product","link":"https:\/\/stronghold-terrain.de\/en\/shop\/vorbestellung-saga-aera-der-maegie-magiekarten-36\/","title":{"rendered":"SAGA \u00c4ra der Magie &#8211; Magiekarten (36) (deutsch)"},"content":{"rendered":"<p>Die Magiekarten sind ein zus\u00e4tzliches Werkzeug f\u00fcr faule Spieler wie wir, um schnell auf die Vielzahl der in SAGA \u00c4ra der Magie verf\u00fcgbaren Zauberspr\u00fcche zugreifen zu k\u00f6nnen.<\/p>\n<p>Die Karten haben Tarotkarten Gr\u00f6\u00dfe (120 x 70mm) und abgerundete Ecken.<\/p>\n<p>Die Magiekarten werden folgenderma\u00dfen verwendet:<\/p>\n<ul>\n<li>Jede Fraktion hat in der Regel Zugriff auf zwei der insgesamt 6 verschiedenen Magielehren.<\/li>\n<li>F\u00fcr jeden Zauberer deiner Armee Zauberer darfst du dir aus deinen beiden Lehren der Magie 3 unterschiedliche Zauberspr\u00fcche ausw\u00e4hlen, wobei jeder Zauberspruch in deiner Armee nur insgesamt einmal gew\u00e4hlt werden darf.<\/li>\n<li>Jede Magiekarte wird \u00e4hnlich wie dein Schlachtplan verwendet und enth\u00e4lt alle n\u00f6tigen Regeln wie der Zauberspruch durchzuf\u00fchren ist.<\/li>\n<\/ul>\n<p>Die Regeln f\u00fcr diese Karten finden Sie auch im Buch und die Karten werden auch als kostenloser Download zur Verf\u00fcgung gestellt.<\/p>\n<p><strong>\u00a0<\/strong><\/p>\n<p>&nbsp;<\/p>\n<p>&nbsp;<\/p>\n<p>&nbsp;<\/p>\n<p><strong>\u00a0<\/strong><\/p>","protected":false},"excerpt":{"rendered":"<p>Die Magiekarten sind ein zus\u00e4tzliches Werkzeug f\u00fcr faule Spieler wie wir, um schnell auf die Vielzahl der in SAGA \u00c4ra der Magie verf\u00fcgbaren Zauberspr\u00fcche zugreifen zu k\u00f6nnen. Die Karten haben Tarotkarten Gr\u00f6\u00dfe (120 x 70mm) und abgerundete Ecken. Die Magiekarten werden folgenderma\u00dfen verwendet: Jede Fraktion hat in der Regel Zugriff auf zwei der insgesamt 6 [&hellip;]<\/p>\n","protected":false},"featured_media":16756,"template":"","meta":{"_crdt_document":"","_uag_custom_page_level_css":"","site-sidebar-layout":"default","site-content-layout":"","ast-site-content-layout":"","site-content-style":"default","site-sidebar-style":"default","ast-global-header-display":"","ast-banner-title-visibility":"","ast-main-header-display":"","ast-hfb-above-header-display":"","ast-hfb-below-header-display":"","ast-hfb-mobile-header-display":"","site-post-title":"","ast-breadcrumbs-content":"","ast-featured-img":"","footer-sml-layout":"","theme-transparent-header-meta":"","adv-header-id-meta":"","stick-header-meta":"","header-above-stick-meta":"","header-main-stick-meta":"","header-below-stick-meta":"","astra-migrate-meta-layouts":"default","ast-page-background-enabled":"default","ast-page-background-meta":{"desktop":{"background-color":"var(--ast-global-color-4)","background-image":"","background-repeat":"repeat","background-position":"center center","background-size":"auto","background-attachment":"scroll","background-type":"","background-media":"","overlay-type":"","overlay-color":"","overlay-opacity":"","overlay-gradient":""},"tablet":{"background-color":"","background-image":"","background-repeat":"repeat","background-position":"center center","background-size":"auto","background-attachment":"scroll","background-type":"","background-media":"","overlay-type":"","overlay-color":"","overlay-opacity":"","overlay-gradient":""},"mobile":{"background-color":"","background-image":"","background-repeat":"repeat","background-position":"center center","background-size":"auto","background-attachment":"scroll","background-type":"","background-media":"","overlay-type":"","overlay-color":"","overlay-opacity":"","overlay-gradient":""}},"ast-content-background-meta":{"desktop":{"background-color":"var(--ast-global-color-5)","background-image":"","background-repeat":"repeat","background-position":"center center","background-size":"auto","background-attachment":"scroll","background-type":"","background-media":"","overlay-type":"","overlay-color":"","overlay-opacity":"","overlay-gradient":""},"tablet":{"background-color":"var(--ast-global-color-5)","background-image":"","background-repeat":"repeat","background-position":"center center","background-size":"auto","background-attachment":"scroll","background-type":"","background-media":"","overlay-type":"","overlay-color":"","overlay-opacity":"","overlay-gradient":""},"mobile":{"background-color":"var(--ast-global-color-5)","background-image":"","background-repeat":"repeat","background-position":"center center","background-size":"auto","background-attachment":"scroll","background-type":"","background-media":"","overlay-type":"","overlay-color":"","overlay-opacity":"","overlay-gradient":""}}},"product_brand":[],"product_cat":[741,236],"product_tag":[],"class_list":{"0":"post-15969","1":"product","2":"type-product","3":"status-publish","4":"has-post-thumbnail","6":"product_cat-regelbuecher-deutsch","7":"product_cat-saga-rules","8":"pa_delivery_conditions-31-neu","9":"pa_delivery_time-mitte-november","10":"pa_dimension-22-a4","11":"pa_material-24-papier","12":"pa_teile-49-6","13":"desktop-align-left","14":"tablet-align-left","15":"mobile-align-left","17":"first","18":"instock","19":"taxable","20":"shipping-taxable","21":"purchasable","22":"product-type-simple"},"uagb_featured_image_src":{"full":["https:\/\/stronghold-terrain.de\/wp-content\/uploads\/2019\/07\/Magiekarten.jpg",917,676,false],"thumbnail":["https:\/\/stronghold-terrain.de\/wp-content\/uploads\/2019\/07\/Magiekarten-150x150.jpg",150,150,true],"medium":["https:\/\/stronghold-terrain.de\/wp-content\/uploads\/2019\/07\/Magiekarten-300x221.jpg",300,221,true],"medium_large":["https:\/\/stronghold-terrain.de\/wp-content\/uploads\/2019\/07\/Magiekarten-768x566.jpg",768,566,true],"large":["https:\/\/stronghold-terrain.de\/wp-content\/uploads\/2019\/07\/Magiekarten.jpg",917,676,false],"1536x1536":["https:\/\/stronghold-terrain.de\/wp-content\/uploads\/2019\/07\/Magiekarten.jpg",917,676,false],"2048x2048":["https:\/\/stronghold-terrain.de\/wp-content\/uploads\/2019\/07\/Magiekarten.jpg",917,676,false],"woocommerce_thumbnail":["https:\/\/stronghold-terrain.de\/wp-content\/uploads\/2019\/07\/Magiekarten-262x328.jpg",262,328,true],"woocommerce_single":["https:\/\/stronghold-terrain.de\/wp-content\/uploads\/2019\/07\/Magiekarten-555x409.jpg",555,409,true],"woocommerce_gallery_thumbnail":["https:\/\/stronghold-terrain.de\/wp-content\/uploads\/2019\/07\/Magiekarten-100x100.jpg",100,100,true],"woosq":["https:\/\/stronghold-terrain.de\/wp-content\/uploads\/2019\/07\/Magiekarten-460x460.jpg",460,460,true]},"uagb_author_info":{"display_name":"Mirco Wenning","author_link":"https:\/\/stronghold-terrain.de\/en\/author\/"},"uagb_comment_info":0,"uagb_excerpt":"Die Magiekarten sind ein zus\u00e4tzliches Werkzeug f\u00fcr faule Spieler wie wir, um schnell auf die Vielzahl der in SAGA \u00c4ra der Magie verf\u00fcgbaren Zauberspr\u00fcche zugreifen zu k\u00f6nnen. Die Karten haben Tarotkarten Gr\u00f6\u00dfe (120 x 70mm) und abgerundete Ecken. Die Magiekarten werden folgenderma\u00dfen verwendet: Jede Fraktion hat in der Regel Zugriff auf zwei der insgesamt 6&hellip;","_links":{"self":[{"href":"https:\/\/stronghold-terrain.de\/en\/wp-json\/wp\/v2\/product\/15969","targetHints":{"allow":["GET"]}}],"collection":[{"href":"https:\/\/stronghold-terrain.de\/en\/wp-json\/wp\/v2\/product"}],"about":[{"href":"https:\/\/stronghold-terrain.de\/en\/wp-json\/wp\/v2\/types\/product"}],"wp:featuredmedia":[{"embeddable":true,"href":"https:\/\/stronghold-terrain.de\/en\/wp-json\/wp\/v2\/media\/16756"}],"wp:attachment":[{"href":"https:\/\/stronghold-terrain.de\/en\/wp-json\/wp\/v2\/media?parent=15969"}],"wp:term":[{"taxonomy":"product_brand","embeddable":true,"href":"https:\/\/stronghold-terrain.de\/en\/wp-json\/wp\/v2\/product_brand?post=15969"},{"taxonomy":"product_cat","embeddable":true,"href":"https:\/\/stronghold-terrain.de\/en\/wp-json\/wp\/v2\/product_cat?post=15969"},{"taxonomy":"product_tag","embeddable":true,"href":"https:\/\/stronghold-terrain.de\/en\/wp-json\/wp\/v2\/product_tag?post=15969"}],"curies":[{"name":"wp","href":"https:\/\/api.w.org\/{rel}","templated":true}]}}