{"id":264,"date":"2014-05-22T11:48:31","date_gmt":"2014-05-22T11:48:31","guid":{"rendered":"http:\/\/stronghold-terrain.de\/produkt\/norse-gael-starter-warband\/"},"modified":"2025-12-08T17:47:46","modified_gmt":"2025-12-08T17:47:46","slug":"norse-gael-starter-warband","status":"publish","type":"product","link":"https:\/\/stronghold-terrain.de\/en\/shop\/norse-gael-starter-warband\/","title":{"rendered":"SAGA Starterarmee: 4 Punkte Nordische G\u00e4len"},"content":{"rendered":"<p>Die Box enth\u00e4lt einen\u00a0 Kriegsherrn,\u00a0 4\u00a0 Veteranen mit D\u00e4nen\u00e4xten, 4 Veteranen, 8 Krieger mit D\u00e4nen\u00e4xten und 8 Krieger.<\/p>\n<p>Insgesamt 25 Miniaturen. Alle ben\u00f6tigten Waffen, Schilde und Bases sind enthalten.<\/p>\n<p>Die Regeln f\u00fcr die Iren sind Teil der englischen Raven&#8217;s Shadow SAGA-Erweiterung.<\/p>\n<p>Deutsche Regeln folgen.<\/p>\n","protected":false},"excerpt":{"rendered":"<p>Die Box enth\u00e4lt einen\u00a0 Kriegsherrn,\u00a0 4\u00a0 Veteranen mit D\u00e4nen\u00e4xten, 4 Veteranen, 8 Krieger mit D\u00e4nen\u00e4xten und 8 Krieger. Insgesamt 25 Miniaturen. Alle ben\u00f6tigten Waffen, Schilde und Bases sind enthalten. Die Regeln f\u00fcr die Iren sind Teil der englischen Raven&#8217;s Shadow SAGA-Erweiterung. Deutsche Regeln folgen.<\/p>\n","protected":false},"featured_media":263,"template":"","meta":{"_crdt_document":"","_uag_custom_page_level_css":"","site-sidebar-layout":"default","site-content-layout":"","ast-site-content-layout":"","site-content-style":"default","site-sidebar-style":"default","ast-global-header-display":"","ast-banner-title-visibility":"","ast-main-header-display":"","ast-hfb-above-header-display":"","ast-hfb-below-header-display":"","ast-hfb-mobile-header-display":"","site-post-title":"","ast-breadcrumbs-content":"","ast-featured-img":"","footer-sml-layout":"","theme-transparent-header-meta":"","adv-header-id-meta":"","stick-header-meta":"","header-above-stick-meta":"","header-main-stick-meta":"","header-below-stick-meta":"","astra-migrate-meta-layouts":"default","ast-page-background-enabled":"default","ast-page-background-meta":{"desktop":{"background-color":"var(--ast-global-color-4)","background-image":"","background-repeat":"repeat","background-position":"center center","background-size":"auto","background-attachment":"scroll","background-type":"","background-media":"","overlay-type":"","overlay-color":"","overlay-opacity":"","overlay-gradient":""},"tablet":{"background-color":"","background-image":"","background-repeat":"repeat","background-position":"center center","background-size":"auto","background-attachment":"scroll","background-type":"","background-media":"","overlay-type":"","overlay-color":"","overlay-opacity":"","overlay-gradient":""},"mobile":{"background-color":"","background-image":"","background-repeat":"repeat","background-position":"center center","background-size":"auto","background-attachment":"scroll","background-type":"","background-media":"","overlay-type":"","overlay-color":"","overlay-opacity":"","overlay-gradient":""}},"ast-content-background-meta":{"desktop":{"background-color":"var(--ast-global-color-5)","background-image":"","background-repeat":"repeat","background-position":"center center","background-size":"auto","background-attachment":"scroll","background-type":"","background-media":"","overlay-type":"","overlay-color":"","overlay-opacity":"","overlay-gradient":""},"tablet":{"background-color":"var(--ast-global-color-5)","background-image":"","background-repeat":"repeat","background-position":"center center","background-size":"auto","background-attachment":"scroll","background-type":"","background-media":"","overlay-type":"","overlay-color":"","overlay-opacity":"","overlay-gradient":""},"mobile":{"background-color":"var(--ast-global-color-5)","background-image":"","background-repeat":"repeat","background-position":"center center","background-size":"auto","background-attachment":"scroll","background-type":"","background-media":"","overlay-type":"","overlay-color":"","overlay-opacity":"","overlay-gradient":""}}},"product_brand":[],"product_cat":[396,494,284],"product_tag":[],"class_list":{"0":"post-264","1":"product","2":"type-product","3":"status-publish","4":"has-post-thumbnail","6":"product_cat-gripping-beast","7":"product_cat-4-miniatures","8":"product_cat-norse-gaels","9":"pa_delivery_conditions-21-bausatz_unbemalt","10":"pa_delivery_time-41-2-3tage","11":"pa_dimension-29-28mm","12":"pa_material-35-weimetall","13":"pa_teile-14-25miniaturen","14":"desktop-align-left","15":"tablet-align-left","16":"mobile-align-left","18":"first","19":"outofstock","20":"sale","21":"taxable","22":"shipping-taxable","23":"purchasable","24":"product-type-simple"},"uagb_featured_image_src":{"full":["https:\/\/stronghold-terrain.de\/wp-content\/uploads\/2014\/05\/4_point_norse_gael.jpg",888,478,false],"thumbnail":["https:\/\/stronghold-terrain.de\/wp-content\/uploads\/2014\/05\/4_point_norse_gael-150x150.jpg",150,150,true],"medium":["https:\/\/stronghold-terrain.de\/wp-content\/uploads\/2014\/05\/4_point_norse_gael-300x161.jpg",300,161,true],"medium_large":["https:\/\/stronghold-terrain.de\/wp-content\/uploads\/2014\/05\/4_point_norse_gael-768x413.jpg",768,413,true],"large":["https:\/\/stronghold-terrain.de\/wp-content\/uploads\/2014\/05\/4_point_norse_gael.jpg",888,478,false],"1536x1536":["https:\/\/stronghold-terrain.de\/wp-content\/uploads\/2014\/05\/4_point_norse_gael.jpg",888,478,false],"2048x2048":["https:\/\/stronghold-terrain.de\/wp-content\/uploads\/2014\/05\/4_point_norse_gael.jpg",888,478,false],"woocommerce_thumbnail":["https:\/\/stronghold-terrain.de\/wp-content\/uploads\/2014\/05\/4_point_norse_gael-262x328.jpg",262,328,true],"woocommerce_single":["https:\/\/stronghold-terrain.de\/wp-content\/uploads\/2014\/05\/4_point_norse_gael-555x299.jpg",555,299,true],"woocommerce_gallery_thumbnail":["https:\/\/stronghold-terrain.de\/wp-content\/uploads\/2014\/05\/4_point_norse_gael-100x100.jpg",100,100,true],"woosq":["https:\/\/stronghold-terrain.de\/wp-content\/uploads\/2014\/05\/4_point_norse_gael-460x460.jpg",460,460,true]},"uagb_author_info":{"display_name":"mediadesignlab","author_link":"https:\/\/stronghold-terrain.de\/en\/author\/"},"uagb_comment_info":0,"uagb_excerpt":"Die Box enth\u00e4lt einen\u00a0 Kriegsherrn,\u00a0 4\u00a0 Veteranen mit D\u00e4nen\u00e4xten, 4 Veteranen, 8 Krieger mit D\u00e4nen\u00e4xten und 8 Krieger. Insgesamt 25 Miniaturen. Alle ben\u00f6tigten Waffen, Schilde und Bases sind enthalten. Die Regeln f\u00fcr die Iren sind Teil der englischen Raven&#8217;s Shadow SAGA-Erweiterung. Deutsche Regeln folgen.","_links":{"self":[{"href":"https:\/\/stronghold-terrain.de\/en\/wp-json\/wp\/v2\/product\/264","targetHints":{"allow":["GET"]}}],"collection":[{"href":"https:\/\/stronghold-terrain.de\/en\/wp-json\/wp\/v2\/product"}],"about":[{"href":"https:\/\/stronghold-terrain.de\/en\/wp-json\/wp\/v2\/types\/product"}],"wp:featuredmedia":[{"embeddable":true,"href":"https:\/\/stronghold-terrain.de\/en\/wp-json\/wp\/v2\/media\/263"}],"wp:attachment":[{"href":"https:\/\/stronghold-terrain.de\/en\/wp-json\/wp\/v2\/media?parent=264"}],"wp:term":[{"taxonomy":"product_brand","embeddable":true,"href":"https:\/\/stronghold-terrain.de\/en\/wp-json\/wp\/v2\/product_brand?post=264"},{"taxonomy":"product_cat","embeddable":true,"href":"https:\/\/stronghold-terrain.de\/en\/wp-json\/wp\/v2\/product_cat?post=264"},{"taxonomy":"product_tag","embeddable":true,"href":"https:\/\/stronghold-terrain.de\/en\/wp-json\/wp\/v2\/product_tag?post=264"}],"curies":[{"name":"wp","href":"https:\/\/api.w.org\/{rel}","templated":true}]}}