{"id":36434,"date":"2020-04-15T09:15:09","date_gmt":"2020-04-15T09:15:09","guid":{"rendered":"https:\/\/stronghold-terrain.de\/?post_type=product&#038;p=36434"},"modified":"2026-02-24T14:55:38","modified_gmt":"2026-02-24T14:55:38","slug":"vallejo-surface-pure-red-17ml","status":"publish","type":"product","link":"https:\/\/stronghold-terrain.de\/en\/shop\/vallejo-surface-pure-red-17ml\/","title":{"rendered":"Vallejo Surface Pure Red 17ml"},"content":{"rendered":"<p>Diese neu zusammengesetzte Grundierung mit ist speziell f\u00fcr die anschlie\u00dfende Verwendung der Vallejo-Acrylfarben (Model Color, Model Air, Game Color) entwickelt. Es entsteht eine \u00e4u\u00dferst feine, satinierte, schnell trocknende und harte Oberfl\u00e4che, die kurz darauf mit dem Pinsel oder dem Airbrush auf beeindruckende Weise bemalt werden kann.<br \/>\nIm Falle von Airbrush kann die Grundierung direkt aus der Flasche verwendet oder auf Wunsch mit etwas Wasser verd\u00fcnnt werden.<br \/>\nGame Air performs exceptionally well on all surfaces; the adherence of the colors on resin, plastic, steel and white metal is extraordinary. Compressor adjustment for these colors is recommended at 15 \u2013 20 PSI or 0.5 a 1 kg. For best airbrush maintenance we recommend using the Vallejo Airbrush Cleaner.<br \/>\n<b>Safety:<\/b>\u00a0Game Color is not flammable, and does not contain solvents. Please see also certified safety information of the product on the Safety page.<br \/>\n<b>Packaging:<\/b>\u00a0Game Color is presented in bottles of 17 ml.\/0.57 fl.oz. with eyedropper. This packaging prevents the paint from evaporating and drying in the container, so that It can be used in minimal quantities and preserved for a long time.<\/p>","protected":false},"excerpt":{"rendered":"<p>Diese neu zusammengesetzte Grundierung mit ist speziell f\u00fcr die anschlie\u00dfende Verwendung der Vallejo-Acrylfarben (Model Color, Model Air, Game Color) entwickelt. Es entsteht eine \u00e4u\u00dferst feine, satinierte, schnell trocknende und harte Oberfl\u00e4che, die kurz darauf mit dem Pinsel oder dem Airbrush auf beeindruckende Weise bemalt werden kann. Im Falle von Airbrush kann die Grundierung direkt aus [&hellip;]<\/p>\n","protected":false},"featured_media":36435,"template":"","meta":{"_crdt_document":"","_uag_custom_page_level_css":"","site-sidebar-layout":"default","site-content-layout":"","ast-site-content-layout":"","site-content-style":"default","site-sidebar-style":"default","ast-global-header-display":"","ast-banner-title-visibility":"","ast-main-header-display":"","ast-hfb-above-header-display":"","ast-hfb-below-header-display":"","ast-hfb-mobile-header-display":"","site-post-title":"","ast-breadcrumbs-content":"","ast-featured-img":"","footer-sml-layout":"","theme-transparent-header-meta":"","adv-header-id-meta":"","stick-header-meta":"","header-above-stick-meta":"","header-main-stick-meta":"","header-below-stick-meta":"","astra-migrate-meta-layouts":"default","ast-page-background-enabled":"default","ast-page-background-meta":{"desktop":{"background-color":"var(--ast-global-color-4)","background-image":"","background-repeat":"repeat","background-position":"center center","background-size":"auto","background-attachment":"scroll","background-type":"","background-media":"","overlay-type":"","overlay-color":"","overlay-opacity":"","overlay-gradient":""},"tablet":{"background-color":"","background-image":"","background-repeat":"repeat","background-position":"center center","background-size":"auto","background-attachment":"scroll","background-type":"","background-media":"","overlay-type":"","overlay-color":"","overlay-opacity":"","overlay-gradient":""},"mobile":{"background-color":"","background-image":"","background-repeat":"repeat","background-position":"center center","background-size":"auto","background-attachment":"scroll","background-type":"","background-media":"","overlay-type":"","overlay-color":"","overlay-opacity":"","overlay-gradient":""}},"ast-content-background-meta":{"desktop":{"background-color":"var(--ast-global-color-5)","background-image":"","background-repeat":"repeat","background-position":"center center","background-size":"auto","background-attachment":"scroll","background-type":"","background-media":"","overlay-type":"","overlay-color":"","overlay-opacity":"","overlay-gradient":""},"tablet":{"background-color":"var(--ast-global-color-5)","background-image":"","background-repeat":"repeat","background-position":"center center","background-size":"auto","background-attachment":"scroll","background-type":"","background-media":"","overlay-type":"","overlay-color":"","overlay-opacity":"","overlay-gradient":""},"mobile":{"background-color":"var(--ast-global-color-5)","background-image":"","background-repeat":"repeat","background-position":"center center","background-size":"auto","background-attachment":"scroll","background-type":"","background-media":"","overlay-type":"","overlay-color":"","overlay-opacity":"","overlay-gradient":""}}},"product_brand":[],"product_cat":[518,536],"product_tag":[],"class_list":{"0":"post-36434","1":"product","2":"type-product","3":"status-publish","4":"has-post-thumbnail","6":"product_cat-farben-vallejo","7":"product_cat-surface-primer-17ml","8":"pa_delivery_conditions-21-bausatz_unbemalt","9":"pa_delivery_time-2-3","10":"pa_dimension-29-28mm","11":"pa_material-35-weimetall","12":"pa_teile-40-4","13":"desktop-align-left","14":"tablet-align-left","15":"mobile-align-left","17":"first","18":"instock","19":"taxable","20":"shipping-taxable","21":"purchasable","22":"product-type-simple"},"uagb_featured_image_src":{"full":["https:\/\/stronghold-terrain.de\/wp-content\/uploads\/2020\/04\/vallejo-surface-pure-red-17ml_VA70624.jpg",500,500,false],"thumbnail":["https:\/\/stronghold-terrain.de\/wp-content\/uploads\/2020\/04\/vallejo-surface-pure-red-17ml_VA70624-150x150.jpg",150,150,true],"medium":["https:\/\/stronghold-terrain.de\/wp-content\/uploads\/2020\/04\/vallejo-surface-pure-red-17ml_VA70624-300x300.jpg",300,300,true],"medium_large":["https:\/\/stronghold-terrain.de\/wp-content\/uploads\/2020\/04\/vallejo-surface-pure-red-17ml_VA70624.jpg",500,500,false],"large":["https:\/\/stronghold-terrain.de\/wp-content\/uploads\/2020\/04\/vallejo-surface-pure-red-17ml_VA70624.jpg",500,500,false],"1536x1536":["https:\/\/stronghold-terrain.de\/wp-content\/uploads\/2020\/04\/vallejo-surface-pure-red-17ml_VA70624.jpg",500,500,false],"2048x2048":["https:\/\/stronghold-terrain.de\/wp-content\/uploads\/2020\/04\/vallejo-surface-pure-red-17ml_VA70624.jpg",500,500,false],"woocommerce_thumbnail":["https:\/\/stronghold-terrain.de\/wp-content\/uploads\/2020\/04\/vallejo-surface-pure-red-17ml_VA70624-262x328.jpg",262,328,true],"woocommerce_single":["https:\/\/stronghold-terrain.de\/wp-content\/uploads\/2020\/04\/vallejo-surface-pure-red-17ml_VA70624.jpg",500,500,false],"woocommerce_gallery_thumbnail":["https:\/\/stronghold-terrain.de\/wp-content\/uploads\/2020\/04\/vallejo-surface-pure-red-17ml_VA70624-100x100.jpg",100,100,true],"woosq":["https:\/\/stronghold-terrain.de\/wp-content\/uploads\/2020\/04\/vallejo-surface-pure-red-17ml_VA70624-460x460.jpg",460,460,true]},"uagb_author_info":{"display_name":"Mirco Wenning","author_link":"https:\/\/stronghold-terrain.de\/en\/author\/"},"uagb_comment_info":0,"uagb_excerpt":"Diese neu zusammengesetzte Grundierung mit ist speziell f\u00fcr die anschlie\u00dfende Verwendung der Vallejo-Acrylfarben (Model Color, Model Air, Game Color) entwickelt. Es entsteht eine \u00e4u\u00dferst feine, satinierte, schnell trocknende und harte Oberfl\u00e4che, die kurz darauf mit dem Pinsel oder dem Airbrush auf beeindruckende Weise bemalt werden kann. Im Falle von Airbrush kann die Grundierung direkt aus&hellip;","_links":{"self":[{"href":"https:\/\/stronghold-terrain.de\/en\/wp-json\/wp\/v2\/product\/36434","targetHints":{"allow":["GET"]}}],"collection":[{"href":"https:\/\/stronghold-terrain.de\/en\/wp-json\/wp\/v2\/product"}],"about":[{"href":"https:\/\/stronghold-terrain.de\/en\/wp-json\/wp\/v2\/types\/product"}],"wp:featuredmedia":[{"embeddable":true,"href":"https:\/\/stronghold-terrain.de\/en\/wp-json\/wp\/v2\/media\/36435"}],"wp:attachment":[{"href":"https:\/\/stronghold-terrain.de\/en\/wp-json\/wp\/v2\/media?parent=36434"}],"wp:term":[{"taxonomy":"product_brand","embeddable":true,"href":"https:\/\/stronghold-terrain.de\/en\/wp-json\/wp\/v2\/product_brand?post=36434"},{"taxonomy":"product_cat","embeddable":true,"href":"https:\/\/stronghold-terrain.de\/en\/wp-json\/wp\/v2\/product_cat?post=36434"},{"taxonomy":"product_tag","embeddable":true,"href":"https:\/\/stronghold-terrain.de\/en\/wp-json\/wp\/v2\/product_tag?post=36434"}],"curies":[{"name":"wp","href":"https:\/\/api.w.org\/{rel}","templated":true}]}}