{"id":36525,"date":"2020-04-15T12:03:33","date_gmt":"2020-04-15T12:03:33","guid":{"rendered":"https:\/\/stronghold-terrain.de\/?post_type=product&#038;p=36525"},"modified":"2026-04-07T15:26:40","modified_gmt":"2026-04-07T15:26:40","slug":"vallejo-premium-varnish-spray-matte-mattlack-400ml","status":"publish","type":"product","link":"https:\/\/stronghold-terrain.de\/en\/shop\/vallejo-premium-varnish-spray-matte-mattlack-400ml\/","title":{"rendered":"Vallejo Premium Varnish Spray Matte (Mattlack) (400ml)"},"content":{"rendered":"<p>Wasserbasierte Acryllacke mit neuer, schnell trocknender Formel und einem Acrylharz von au\u00dfergew\u00f6hnlicher H\u00e4rte und Dauerhaftigkeit. Sch\u00fctzt lackierte Modelle vor Staub, Kratzern, Schmutz und Feuchtigkeit. Acryllack sollte niemals aufgetragen werden, bis die Farbe vollst\u00e4ndig getrocknet ist Es wird empfohlen, mindestens 24 Stunden zu warten. Der Lack sollte im Abstand von etwa vier Stunden in feinen Schichten aufgetragen werden. B\u00fcrsten oder andere Utensilien sollten w\u00e4hrend der Arbeit feucht gehalten werden.<\/p>\n<p>Eigenschaften:<\/p>\n<p>ModelColor Acryllack wird in drei Ausf\u00fchrungen angeboten: Glanz, Satin oder Matt. Sie trocknen schnell, bilden einen flexiblen Film, der nach dem Trocknen widerstandsf\u00e4hig und wasserdicht ist und nicht vergilbt oder bricht.<\/p>\n<p>Hinweis:<\/p>\n<p>Normalerweise trocknen Acrylfarben schnell, dies h\u00e4ngt jedoch stark von Temperatur, Luftfeuchtigkeit, Licht und Luftstrom sowie von der Oberfl\u00e4che ab auf der das Produkt aufgetragen wird. Bei der Anwendung auf saugf\u00e4higem Untergrund verdunstet das Wasser schnell. Bei nicht por\u00f6sen Oberfl\u00e4chen wie Acetat, Metall oder Kunststoff muss die Verdampfung des Wassergehalts durch die Farbschicht oder das Gel erfolgen. Beim Auftragen dieser Produkte in dicken Schichten zur Erleichterung und Textur Das vollst\u00e4ndige Trocknen kann Wochen dauern.<\/p>\n<p>&nbsp;<\/p>\n","protected":false},"excerpt":{"rendered":"<p>Wasserbasierte Acryllacke mit neuer, schnell trocknender Formel und einem Acrylharz von au\u00dfergew\u00f6hnlicher H\u00e4rte und Dauerhaftigkeit. Sch\u00fctzt lackierte Modelle vor Staub, Kratzern, Schmutz und Feuchtigkeit. Acryllack sollte niemals aufgetragen werden, bis die Farbe vollst\u00e4ndig getrocknet ist Es wird empfohlen, mindestens 24 Stunden zu warten. Der Lack sollte im Abstand von etwa vier Stunden in feinen Schichten [&hellip;]<\/p>\n","protected":false},"featured_media":36526,"template":"","meta":{"_crdt_document":"","_uag_custom_page_level_css":"","site-sidebar-layout":"default","site-content-layout":"","ast-site-content-layout":"","site-content-style":"default","site-sidebar-style":"default","ast-global-header-display":"","ast-banner-title-visibility":"","ast-main-header-display":"","ast-hfb-above-header-display":"","ast-hfb-below-header-display":"","ast-hfb-mobile-header-display":"","site-post-title":"","ast-breadcrumbs-content":"","ast-featured-img":"","footer-sml-layout":"","theme-transparent-header-meta":"","adv-header-id-meta":"","stick-header-meta":"","header-above-stick-meta":"","header-main-stick-meta":"","header-below-stick-meta":"","astra-migrate-meta-layouts":"default","ast-page-background-enabled":"default","ast-page-background-meta":{"desktop":{"background-color":"var(--ast-global-color-4)","background-image":"","background-repeat":"repeat","background-position":"center center","background-size":"auto","background-attachment":"scroll","background-type":"","background-media":"","overlay-type":"","overlay-color":"","overlay-opacity":"","overlay-gradient":""},"tablet":{"background-color":"","background-image":"","background-repeat":"repeat","background-position":"center center","background-size":"auto","background-attachment":"scroll","background-type":"","background-media":"","overlay-type":"","overlay-color":"","overlay-opacity":"","overlay-gradient":""},"mobile":{"background-color":"","background-image":"","background-repeat":"repeat","background-position":"center center","background-size":"auto","background-attachment":"scroll","background-type":"","background-media":"","overlay-type":"","overlay-color":"","overlay-opacity":"","overlay-gradient":""}},"ast-content-background-meta":{"desktop":{"background-color":"var(--ast-global-color-5)","background-image":"","background-repeat":"repeat","background-position":"center center","background-size":"auto","background-attachment":"scroll","background-type":"","background-media":"","overlay-type":"","overlay-color":"","overlay-opacity":"","overlay-gradient":""},"tablet":{"background-color":"var(--ast-global-color-5)","background-image":"","background-repeat":"repeat","background-position":"center center","background-size":"auto","background-attachment":"scroll","background-type":"","background-media":"","overlay-type":"","overlay-color":"","overlay-opacity":"","overlay-gradient":""},"mobile":{"background-color":"var(--ast-global-color-5)","background-image":"","background-repeat":"repeat","background-position":"center center","background-size":"auto","background-attachment":"scroll","background-type":"","background-media":"","overlay-type":"","overlay-color":"","overlay-opacity":"","overlay-gradient":""}}},"product_brand":[],"product_cat":[534,518,530],"product_tag":[],"class_list":{"0":"post-36525","1":"product","2":"type-product","3":"status-publish","4":"has-post-thumbnail","6":"product_cat-aerosol-varnish","7":"product_cat-farben-vallejo","8":"product_cat-hobby-paint-sprays","9":"pa_delivery_conditions-21-bausatz_unbemalt","10":"pa_delivery_time-2-3","11":"pa_dimension-29-28mm","12":"pa_material-35-weimetall","13":"pa_teile-40-4","14":"desktop-align-left","15":"tablet-align-left","16":"mobile-align-left","18":"first","19":"instock","20":"taxable","21":"shipping-taxable","22":"purchasable","23":"product-type-simple"},"uagb_featured_image_src":{"full":["https:\/\/stronghold-terrain.de\/wp-content\/uploads\/2020\/04\/vallejo-premium-varnish-spray-matte-mattlack-400ml_VA28531.jpg",500,625,false],"thumbnail":["https:\/\/stronghold-terrain.de\/wp-content\/uploads\/2020\/04\/vallejo-premium-varnish-spray-matte-mattlack-400ml_VA28531-150x150.jpg",150,150,true],"medium":["https:\/\/stronghold-terrain.de\/wp-content\/uploads\/2020\/04\/vallejo-premium-varnish-spray-matte-mattlack-400ml_VA28531-240x300.jpg",240,300,true],"medium_large":["https:\/\/stronghold-terrain.de\/wp-content\/uploads\/2020\/04\/vallejo-premium-varnish-spray-matte-mattlack-400ml_VA28531.jpg",500,625,false],"large":["https:\/\/stronghold-terrain.de\/wp-content\/uploads\/2020\/04\/vallejo-premium-varnish-spray-matte-mattlack-400ml_VA28531.jpg",500,625,false],"1536x1536":["https:\/\/stronghold-terrain.de\/wp-content\/uploads\/2020\/04\/vallejo-premium-varnish-spray-matte-mattlack-400ml_VA28531.jpg",500,625,false],"2048x2048":["https:\/\/stronghold-terrain.de\/wp-content\/uploads\/2020\/04\/vallejo-premium-varnish-spray-matte-mattlack-400ml_VA28531.jpg",500,625,false],"woocommerce_thumbnail":["https:\/\/stronghold-terrain.de\/wp-content\/uploads\/2020\/04\/vallejo-premium-varnish-spray-matte-mattlack-400ml_VA28531-262x328.jpg",262,328,true],"woocommerce_single":["https:\/\/stronghold-terrain.de\/wp-content\/uploads\/2020\/04\/vallejo-premium-varnish-spray-matte-mattlack-400ml_VA28531.jpg",500,625,false],"woocommerce_gallery_thumbnail":["https:\/\/stronghold-terrain.de\/wp-content\/uploads\/2020\/04\/vallejo-premium-varnish-spray-matte-mattlack-400ml_VA28531-100x100.jpg",100,100,true],"woosq":["https:\/\/stronghold-terrain.de\/wp-content\/uploads\/2020\/04\/vallejo-premium-varnish-spray-matte-mattlack-400ml_VA28531-460x460.jpg",460,460,true]},"uagb_author_info":{"display_name":"Mirco Wenning","author_link":"https:\/\/stronghold-terrain.de\/en\/author\/"},"uagb_comment_info":0,"uagb_excerpt":"Wasserbasierte Acryllacke mit neuer, schnell trocknender Formel und einem Acrylharz von au\u00dfergew\u00f6hnlicher H\u00e4rte und Dauerhaftigkeit. Sch\u00fctzt lackierte Modelle vor Staub, Kratzern, Schmutz und Feuchtigkeit. Acryllack sollte niemals aufgetragen werden, bis die Farbe vollst\u00e4ndig getrocknet ist Es wird empfohlen, mindestens 24 Stunden zu warten. Der Lack sollte im Abstand von etwa vier Stunden in feinen Schichten&hellip;","_links":{"self":[{"href":"https:\/\/stronghold-terrain.de\/en\/wp-json\/wp\/v2\/product\/36525","targetHints":{"allow":["GET"]}}],"collection":[{"href":"https:\/\/stronghold-terrain.de\/en\/wp-json\/wp\/v2\/product"}],"about":[{"href":"https:\/\/stronghold-terrain.de\/en\/wp-json\/wp\/v2\/types\/product"}],"wp:featuredmedia":[{"embeddable":true,"href":"https:\/\/stronghold-terrain.de\/en\/wp-json\/wp\/v2\/media\/36526"}],"wp:attachment":[{"href":"https:\/\/stronghold-terrain.de\/en\/wp-json\/wp\/v2\/media?parent=36525"}],"wp:term":[{"taxonomy":"product_brand","embeddable":true,"href":"https:\/\/stronghold-terrain.de\/en\/wp-json\/wp\/v2\/product_brand?post=36525"},{"taxonomy":"product_cat","embeddable":true,"href":"https:\/\/stronghold-terrain.de\/en\/wp-json\/wp\/v2\/product_cat?post=36525"},{"taxonomy":"product_tag","embeddable":true,"href":"https:\/\/stronghold-terrain.de\/en\/wp-json\/wp\/v2\/product_tag?post=36525"}],"curies":[{"name":"wp","href":"https:\/\/api.w.org\/{rel}","templated":true}]}}