{"id":36535,"date":"2020-04-15T12:29:55","date_gmt":"2020-04-15T12:29:55","guid":{"rendered":"https:\/\/stronghold-terrain.de\/?post_type=product&#038;p=36535"},"modified":"2025-12-21T12:59:32","modified_gmt":"2025-12-21T12:59:32","slug":"the-army-painter-anti-shine-matt-varnish-400ml","status":"publish","type":"product","link":"https:\/\/stronghold-terrain.de\/en\/shop\/the-army-painter-anti-shine-matt-varnish-400ml\/","title":{"rendered":"The Army Painter: Anti-Shine, Matt Varnish (400ml)"},"content":{"rendered":"<p>Qualitativ sehr hochwertiger Spr\u00fch- Mattlack, ideal geeignet zur Veredelung und zum Schutz eurer liebevoll bemalten Miniaturen.<\/p>\n<p>&#8211; Spray-Dosen in Armee-Gr\u00f6\u00dfe (400ml)!<\/p>\n<p>Hinweis:<\/p>\n<p>Normalerweise trocknen Acrylfarben schnell, dies h\u00e4ngt jedoch stark von Temperatur, Luftfeuchtigkeit, Licht und Luftstrom sowie von der Oberfl\u00e4che ab auf der das Produkt aufgetragen wird. Bei der Anwendung auf saugf\u00e4higem Untergrund verdunstet das Wasser schnell. Bei nicht por\u00f6sen Oberfl\u00e4chen wie Acetat, Metall oder Kunststoff muss die Verdampfung des Wassergehalts durch die Farbschicht oder das Gel erfolgen. Beim Auftragen dieser Produkte in dicken Schichten zur Erleichterung und Textur Das vollst\u00e4ndige Trocknen kann Wochen dauern.<\/p>\n<p>&nbsp;<\/p>\n","protected":false},"excerpt":{"rendered":"<p>Qualitativ sehr hochwertiger Spr\u00fch- Mattlack, ideal geeignet zur Veredelung und zum Schutz eurer liebevoll bemalten Miniaturen. &#8211; Spray-Dosen in Armee-Gr\u00f6\u00dfe (400ml)! Hinweis: Normalerweise trocknen Acrylfarben schnell, dies h\u00e4ngt jedoch stark von Temperatur, Luftfeuchtigkeit, Licht und Luftstrom sowie von der Oberfl\u00e4che ab auf der das Produkt aufgetragen wird. Bei der Anwendung auf saugf\u00e4higem Untergrund verdunstet das [&hellip;]<\/p>\n","protected":false},"featured_media":36536,"template":"","meta":{"_crdt_document":"","_uag_custom_page_level_css":"","site-sidebar-layout":"default","site-content-layout":"","ast-site-content-layout":"","site-content-style":"default","site-sidebar-style":"default","ast-global-header-display":"","ast-banner-title-visibility":"","ast-main-header-display":"","ast-hfb-above-header-display":"","ast-hfb-below-header-display":"","ast-hfb-mobile-header-display":"","site-post-title":"","ast-breadcrumbs-content":"","ast-featured-img":"","footer-sml-layout":"","theme-transparent-header-meta":"","adv-header-id-meta":"","stick-header-meta":"","header-above-stick-meta":"","header-main-stick-meta":"","header-below-stick-meta":"","astra-migrate-meta-layouts":"default","ast-page-background-enabled":"default","ast-page-background-meta":{"desktop":{"background-color":"var(--ast-global-color-4)","background-image":"","background-repeat":"repeat","background-position":"center center","background-size":"auto","background-attachment":"scroll","background-type":"","background-media":"","overlay-type":"","overlay-color":"","overlay-opacity":"","overlay-gradient":""},"tablet":{"background-color":"","background-image":"","background-repeat":"repeat","background-position":"center center","background-size":"auto","background-attachment":"scroll","background-type":"","background-media":"","overlay-type":"","overlay-color":"","overlay-opacity":"","overlay-gradient":""},"mobile":{"background-color":"","background-image":"","background-repeat":"repeat","background-position":"center center","background-size":"auto","background-attachment":"scroll","background-type":"","background-media":"","overlay-type":"","overlay-color":"","overlay-opacity":"","overlay-gradient":""}},"ast-content-background-meta":{"desktop":{"background-color":"var(--ast-global-color-5)","background-image":"","background-repeat":"repeat","background-position":"center center","background-size":"auto","background-attachment":"scroll","background-type":"","background-media":"","overlay-type":"","overlay-color":"","overlay-opacity":"","overlay-gradient":""},"tablet":{"background-color":"var(--ast-global-color-5)","background-image":"","background-repeat":"repeat","background-position":"center center","background-size":"auto","background-attachment":"scroll","background-type":"","background-media":"","overlay-type":"","overlay-color":"","overlay-opacity":"","overlay-gradient":""},"mobile":{"background-color":"var(--ast-global-color-5)","background-image":"","background-repeat":"repeat","background-position":"center center","background-size":"auto","background-attachment":"scroll","background-type":"","background-media":"","overlay-type":"","overlay-color":"","overlay-opacity":"","overlay-gradient":""}}},"product_brand":[],"product_cat":[534,530],"product_tag":[],"class_list":{"0":"post-36535","1":"product","2":"type-product","3":"status-publish","4":"has-post-thumbnail","6":"product_cat-aerosol-varnish","7":"product_cat-hobby-paint-sprays","8":"pa_delivery_conditions-21-bausatz_unbemalt","9":"pa_delivery_time-2-3","10":"pa_dimension-29-28mm","11":"pa_material-35-weimetall","12":"pa_teile-40-4","13":"desktop-align-left","14":"tablet-align-left","15":"mobile-align-left","17":"first","18":"instock","19":"taxable","20":"shipping-taxable","21":"purchasable","22":"product-type-simple"},"uagb_featured_image_src":{"full":["https:\/\/stronghold-terrain.de\/wp-content\/uploads\/2020\/04\/the-army-painter-base-primer-anti-shine-matt-varnish_AP004.jpg",500,500,false],"thumbnail":["https:\/\/stronghold-terrain.de\/wp-content\/uploads\/2020\/04\/the-army-painter-base-primer-anti-shine-matt-varnish_AP004-150x150.jpg",150,150,true],"medium":["https:\/\/stronghold-terrain.de\/wp-content\/uploads\/2020\/04\/the-army-painter-base-primer-anti-shine-matt-varnish_AP004-300x300.jpg",300,300,true],"medium_large":["https:\/\/stronghold-terrain.de\/wp-content\/uploads\/2020\/04\/the-army-painter-base-primer-anti-shine-matt-varnish_AP004.jpg",500,500,false],"large":["https:\/\/stronghold-terrain.de\/wp-content\/uploads\/2020\/04\/the-army-painter-base-primer-anti-shine-matt-varnish_AP004.jpg",500,500,false],"1536x1536":["https:\/\/stronghold-terrain.de\/wp-content\/uploads\/2020\/04\/the-army-painter-base-primer-anti-shine-matt-varnish_AP004.jpg",500,500,false],"2048x2048":["https:\/\/stronghold-terrain.de\/wp-content\/uploads\/2020\/04\/the-army-painter-base-primer-anti-shine-matt-varnish_AP004.jpg",500,500,false],"woocommerce_thumbnail":["https:\/\/stronghold-terrain.de\/wp-content\/uploads\/2020\/04\/the-army-painter-base-primer-anti-shine-matt-varnish_AP004-262x328.jpg",262,328,true],"woocommerce_single":["https:\/\/stronghold-terrain.de\/wp-content\/uploads\/2020\/04\/the-army-painter-base-primer-anti-shine-matt-varnish_AP004.jpg",500,500,false],"woocommerce_gallery_thumbnail":["https:\/\/stronghold-terrain.de\/wp-content\/uploads\/2020\/04\/the-army-painter-base-primer-anti-shine-matt-varnish_AP004-100x100.jpg",100,100,true],"woosq":["https:\/\/stronghold-terrain.de\/wp-content\/uploads\/2020\/04\/the-army-painter-base-primer-anti-shine-matt-varnish_AP004-460x460.jpg",460,460,true]},"uagb_author_info":{"display_name":"Mirco Wenning","author_link":"https:\/\/stronghold-terrain.de\/en\/author\/"},"uagb_comment_info":0,"uagb_excerpt":"Qualitativ sehr hochwertiger Spr\u00fch- Mattlack, ideal geeignet zur Veredelung und zum Schutz eurer liebevoll bemalten Miniaturen. &#8211; Spray-Dosen in Armee-Gr\u00f6\u00dfe (400ml)! Hinweis: Normalerweise trocknen Acrylfarben schnell, dies h\u00e4ngt jedoch stark von Temperatur, Luftfeuchtigkeit, Licht und Luftstrom sowie von der Oberfl\u00e4che ab auf der das Produkt aufgetragen wird. Bei der Anwendung auf saugf\u00e4higem Untergrund verdunstet das&hellip;","_links":{"self":[{"href":"https:\/\/stronghold-terrain.de\/en\/wp-json\/wp\/v2\/product\/36535","targetHints":{"allow":["GET"]}}],"collection":[{"href":"https:\/\/stronghold-terrain.de\/en\/wp-json\/wp\/v2\/product"}],"about":[{"href":"https:\/\/stronghold-terrain.de\/en\/wp-json\/wp\/v2\/types\/product"}],"wp:featuredmedia":[{"embeddable":true,"href":"https:\/\/stronghold-terrain.de\/en\/wp-json\/wp\/v2\/media\/36536"}],"wp:attachment":[{"href":"https:\/\/stronghold-terrain.de\/en\/wp-json\/wp\/v2\/media?parent=36535"}],"wp:term":[{"taxonomy":"product_brand","embeddable":true,"href":"https:\/\/stronghold-terrain.de\/en\/wp-json\/wp\/v2\/product_brand?post=36535"},{"taxonomy":"product_cat","embeddable":true,"href":"https:\/\/stronghold-terrain.de\/en\/wp-json\/wp\/v2\/product_cat?post=36535"},{"taxonomy":"product_tag","embeddable":true,"href":"https:\/\/stronghold-terrain.de\/en\/wp-json\/wp\/v2\/product_tag?post=36535"}],"curies":[{"name":"wp","href":"https:\/\/api.w.org\/{rel}","templated":true}]}}