{"id":37525,"date":"2020-06-10T08:25:43","date_gmt":"2020-06-10T08:25:43","guid":{"rendered":"https:\/\/stronghold-terrain.de\/?post_type=product&#038;p=37525"},"modified":"2024-06-05T06:45:08","modified_gmt":"2024-06-05T06:45:08","slug":"the-army-painter-hobby-tool-kit","status":"publish","type":"product","link":"https:\/\/stronghold-terrain.de\/en\/shop\/the-army-painter-hobby-tool-kit\/","title":{"rendered":"The Army Painter: Hobby Tool Kit"},"content":{"rendered":"<p>Dieses erstaunliche Set wurde entwickelt, um dem Wargamer einen &#8220;One Box fits all&#8221; Werkzeugkasten zu geben. Enth\u00e4lt alle grundlegenden Werkzeuge, die Sie ben\u00f6tigen, um jede Miniaturarmee zusammenzustellen. Es enth\u00e4lt auch einen kostenlosen 5g Superkleber sowie eine Anleitung zur Werkzeugsicherheit und den Army Painter Technique Painting Guide.<\/p>\n<p>&#8211; Kostenloser 5g Sekundenkleber<br \/>\n&#8211; Enth\u00e4lt auch: Hobbyfeile, Hobbymesser, Gr\u00fcnzeug (2 St\u00fcck), Hobbybohrer (3 Bohrer), Hobby-Seitenschneider, Bildhauerwerkzeug<br \/>\n&#8211; Superspar-Set mit hochwertigen Werkzeugen und Kleber<br \/>\n&#8211; All-in-One-Set &#8211; das perfekte Geschenk!<\/p>\n","protected":false},"excerpt":{"rendered":"<p>Dieses erstaunliche Set wurde entwickelt, um dem Wargamer einen &#8220;One Box fits all&#8221; Werkzeugkasten zu geben. Enth\u00e4lt alle grundlegenden Werkzeuge, die Sie ben\u00f6tigen, um jede Miniaturarmee zusammenzustellen. Es enth\u00e4lt auch einen kostenlosen 5g Superkleber sowie eine Anleitung zur Werkzeugsicherheit und den Army Painter Technique Painting Guide. &#8211; Kostenloser 5g Sekundenkleber &#8211; Enth\u00e4lt auch: Hobbyfeile, Hobbymesser, [&hellip;]<\/p>\n","protected":false},"featured_media":37527,"template":"","meta":{"_crdt_document":"","_uag_custom_page_level_css":"","site-sidebar-layout":"default","site-content-layout":"","ast-site-content-layout":"","site-content-style":"default","site-sidebar-style":"default","ast-global-header-display":"","ast-banner-title-visibility":"","ast-main-header-display":"","ast-hfb-above-header-display":"","ast-hfb-below-header-display":"","ast-hfb-mobile-header-display":"","site-post-title":"","ast-breadcrumbs-content":"","ast-featured-img":"","footer-sml-layout":"","theme-transparent-header-meta":"","adv-header-id-meta":"","stick-header-meta":"","header-above-stick-meta":"","header-main-stick-meta":"","header-below-stick-meta":"","astra-migrate-meta-layouts":"default","ast-page-background-enabled":"default","ast-page-background-meta":{"desktop":{"background-color":"var(--ast-global-color-4)","background-image":"","background-repeat":"repeat","background-position":"center center","background-size":"auto","background-attachment":"scroll","background-type":"","background-media":"","overlay-type":"","overlay-color":"","overlay-opacity":"","overlay-gradient":""},"tablet":{"background-color":"","background-image":"","background-repeat":"repeat","background-position":"center center","background-size":"auto","background-attachment":"scroll","background-type":"","background-media":"","overlay-type":"","overlay-color":"","overlay-opacity":"","overlay-gradient":""},"mobile":{"background-color":"","background-image":"","background-repeat":"repeat","background-position":"center center","background-size":"auto","background-attachment":"scroll","background-type":"","background-media":"","overlay-type":"","overlay-color":"","overlay-opacity":"","overlay-gradient":""}},"ast-content-background-meta":{"desktop":{"background-color":"var(--ast-global-color-5)","background-image":"","background-repeat":"repeat","background-position":"center center","background-size":"auto","background-attachment":"scroll","background-type":"","background-media":"","overlay-type":"","overlay-color":"","overlay-opacity":"","overlay-gradient":""},"tablet":{"background-color":"var(--ast-global-color-5)","background-image":"","background-repeat":"repeat","background-position":"center center","background-size":"auto","background-attachment":"scroll","background-type":"","background-media":"","overlay-type":"","overlay-color":"","overlay-opacity":"","overlay-gradient":""},"mobile":{"background-color":"var(--ast-global-color-5)","background-image":"","background-repeat":"repeat","background-position":"center center","background-size":"auto","background-attachment":"scroll","background-type":"","background-media":"","overlay-type":"","overlay-color":"","overlay-opacity":"","overlay-gradient":""}}},"product_brand":[],"product_cat":[810],"product_tag":[],"class_list":{"0":"post-37525","1":"product","2":"type-product","3":"status-publish","4":"has-post-thumbnail","6":"product_cat-pinsel-zubehoer","7":"pa_delivery_conditions-53-bausatz_vorbemalt","8":"pa_delivery_time-14-2-3tage","9":"pa_dimension-29-28mm","10":"pa_material-11-holz","11":"pa_teile-41-02","12":"desktop-align-left","13":"tablet-align-left","14":"mobile-align-left","16":"first","17":"outofstock","18":"taxable","19":"shipping-taxable","20":"purchasable","21":"product-type-simple"},"uagb_featured_image_src":{"full":["https:\/\/stronghold-terrain.de\/wp-content\/uploads\/2020\/06\/APTL5050-Hobby-Tool-Kit-1.jpg",500,502,false],"thumbnail":["https:\/\/stronghold-terrain.de\/wp-content\/uploads\/2020\/06\/APTL5050-Hobby-Tool-Kit-1-150x150.jpg",150,150,true],"medium":["https:\/\/stronghold-terrain.de\/wp-content\/uploads\/2020\/06\/APTL5050-Hobby-Tool-Kit-1-300x300.jpg",300,300,true],"medium_large":["https:\/\/stronghold-terrain.de\/wp-content\/uploads\/2020\/06\/APTL5050-Hobby-Tool-Kit-1.jpg",500,502,false],"large":["https:\/\/stronghold-terrain.de\/wp-content\/uploads\/2020\/06\/APTL5050-Hobby-Tool-Kit-1.jpg",500,502,false],"1536x1536":["https:\/\/stronghold-terrain.de\/wp-content\/uploads\/2020\/06\/APTL5050-Hobby-Tool-Kit-1.jpg",500,502,false],"2048x2048":["https:\/\/stronghold-terrain.de\/wp-content\/uploads\/2020\/06\/APTL5050-Hobby-Tool-Kit-1.jpg",500,502,false],"woocommerce_thumbnail":["https:\/\/stronghold-terrain.de\/wp-content\/uploads\/2020\/06\/APTL5050-Hobby-Tool-Kit-1-262x328.jpg",262,328,true],"woocommerce_single":["https:\/\/stronghold-terrain.de\/wp-content\/uploads\/2020\/06\/APTL5050-Hobby-Tool-Kit-1.jpg",500,502,false],"woocommerce_gallery_thumbnail":["https:\/\/stronghold-terrain.de\/wp-content\/uploads\/2020\/06\/APTL5050-Hobby-Tool-Kit-1-100x100.jpg",100,100,true],"woosq":["https:\/\/stronghold-terrain.de\/wp-content\/uploads\/2020\/06\/APTL5050-Hobby-Tool-Kit-1-460x460.jpg",460,460,true]},"uagb_author_info":{"display_name":"Mirco Wenning","author_link":"https:\/\/stronghold-terrain.de\/en\/author\/"},"uagb_comment_info":0,"uagb_excerpt":"Dieses erstaunliche Set wurde entwickelt, um dem Wargamer einen &#8220;One Box fits all&#8221; Werkzeugkasten zu geben. Enth\u00e4lt alle grundlegenden Werkzeuge, die Sie ben\u00f6tigen, um jede Miniaturarmee zusammenzustellen. Es enth\u00e4lt auch einen kostenlosen 5g Superkleber sowie eine Anleitung zur Werkzeugsicherheit und den Army Painter Technique Painting Guide. &#8211; Kostenloser 5g Sekundenkleber &#8211; Enth\u00e4lt auch: Hobbyfeile, Hobbymesser,&hellip;","_links":{"self":[{"href":"https:\/\/stronghold-terrain.de\/en\/wp-json\/wp\/v2\/product\/37525","targetHints":{"allow":["GET"]}}],"collection":[{"href":"https:\/\/stronghold-terrain.de\/en\/wp-json\/wp\/v2\/product"}],"about":[{"href":"https:\/\/stronghold-terrain.de\/en\/wp-json\/wp\/v2\/types\/product"}],"wp:featuredmedia":[{"embeddable":true,"href":"https:\/\/stronghold-terrain.de\/en\/wp-json\/wp\/v2\/media\/37527"}],"wp:attachment":[{"href":"https:\/\/stronghold-terrain.de\/en\/wp-json\/wp\/v2\/media?parent=37525"}],"wp:term":[{"taxonomy":"product_brand","embeddable":true,"href":"https:\/\/stronghold-terrain.de\/en\/wp-json\/wp\/v2\/product_brand?post=37525"},{"taxonomy":"product_cat","embeddable":true,"href":"https:\/\/stronghold-terrain.de\/en\/wp-json\/wp\/v2\/product_cat?post=37525"},{"taxonomy":"product_tag","embeddable":true,"href":"https:\/\/stronghold-terrain.de\/en\/wp-json\/wp\/v2\/product_tag?post=37525"}],"curies":[{"name":"wp","href":"https:\/\/api.w.org\/{rel}","templated":true}]}}