{"id":39714,"date":"2020-11-03T08:45:36","date_gmt":"2020-11-03T08:45:36","guid":{"rendered":"https:\/\/stronghold-terrain.de\/?post_type=product&#038;p=39714"},"modified":"2026-05-01T14:43:04","modified_gmt":"2026-05-01T14:43:04","slug":"vorbestellung-muskets-tomahawks-regelbuch-deutsch","status":"publish","type":"product","link":"https:\/\/stronghold-terrain.de\/en\/shop\/vorbestellung-muskets-tomahawks-regelbuch-deutsch\/","title":{"rendered":"Muskets &#038; Tomahawks Regelbuch + Gratisminiatur (Deutsch)"},"content":{"rendered":"<p>Muskets &amp; Tomahawks ist ein Regelsystem, mit dem du die kleinen Gefechte der gro\u00dfen Kriege des 18. und 19. Jahrhunderts nachspielen kannst.<br \/>\nDieser \u201cKleine Krieg\u201d war essentieller Bestandteil gr\u00f6\u00dferer Feldz\u00fcge und hatte zahllose Facetten: Aufkl\u00e4rungsmissionen, \u00dcberf\u00e4lle auf D\u00f6rfer, Angriffe auf Konvois oder Au\u00dfenposten und vieles mehr.<\/p>\n<p>In unserem Spiel f\u00fchrst du einen Truppenverband in die Schlacht, der zwanzig, manchmal aber auch \u00fcber hundert Modelle umfassen kann. Die kartenbasierte Aktivierung verschiedener Truppentypen und weitere innovative Mechaniken, die das Chaos dieser Gefechte simulieren, bilden das Herz von Muskets &amp; Tomahawks und lassen dich die gro\u00dfen Kriege der Schwarzpulver\u00e4ra nacherleben: den Franzosen- und Indianerkrieg, die amerikanische Revolution, Napoleons Feldz\u00fcge, den amerikanischen B\u00fcrgerkrieg und die zahllosen Konflikte in den Kolonien der europ\u00e4ischen Weltreiche.<\/p>\n<p>In diesem Buch findest du die Grundregeln, sowie ein Set spezieller Regeln, die die Besonderheiten des kleinen Krieges nachstellen: das Entdecken des Feindes, verborgene Bewegungen, unterschiedliche Reaktionen verschieden ausgebildeter Einheiten, K\u00e4mpfe unter besonderen Umst\u00e4nden und die ganz eigenen Ziele ehrgeiziger Offiziere.<\/p>\n<p>Neben diesem Regelbuch brauchst du nur noch die Muskets &amp; Tomahawks-Erweiterung, die die Epoche deiner Wahl abdeckt, und schon kann dein erstes Spiel kommen!<\/p>\n<ul>\n<li>80 Seiten<\/li>\n<li>Hardcover mit Leseb\u00e4ndchen<\/li>\n<li>Im Vergleich zur englischen Version komplett erratiert<\/li>\n<li>Schnellreferenz und Spielmarker als separater Pappbogen<\/li>\n<li>inklusive der Gratisfigur Miliz Offizier (solange der Vorrat reicht)<\/li>\n<\/ul>\n<p>Hier findet ihr einen ausf\u00fchrlichen Spielbericht, der viele der Regelmechanismen aufgreift. Bringt aber etwas Zeit mit:<\/p>\n<div class=\"ast-oembed-container \" style=\"height: 100%;\"><iframe loading=\"lazy\" title=\"Muskets and Tomahawks BatRep: Lernrunde mit Mirco von Stronghold Terrain | Spielebude\" width=\"500\" height=\"281\" src=\"https:\/\/www.youtube.com\/embed\/1sWhQ7qQNus?feature=oembed\" frameborder=\"0\" allow=\"accelerometer; autoplay; clipboard-write; encrypted-media; gyroscope; picture-in-picture; web-share\" referrerpolicy=\"strict-origin-when-cross-origin\" allowfullscreen><\/iframe><\/div>\n","protected":false},"excerpt":{"rendered":"<p>Muskets &amp; Tomahawks ist ein Regelsystem, mit dem du die kleinen Gefechte der gro\u00dfen Kriege des 18. und 19. Jahrhunderts nachspielen kannst. Dieser \u201cKleine Krieg\u201d war essentieller Bestandteil gr\u00f6\u00dferer Feldz\u00fcge und hatte zahllose Facetten: Aufkl\u00e4rungsmissionen, \u00dcberf\u00e4lle auf D\u00f6rfer, Angriffe auf Konvois oder Au\u00dfenposten und vieles mehr. In unserem Spiel f\u00fchrst du einen Truppenverband in die [&hellip;]<\/p>\n","protected":false},"featured_media":39715,"template":"","meta":{"_crdt_document":"","_uag_custom_page_level_css":"","site-sidebar-layout":"default","site-content-layout":"","ast-site-content-layout":"","site-content-style":"default","site-sidebar-style":"default","ast-global-header-display":"","ast-banner-title-visibility":"","ast-main-header-display":"","ast-hfb-above-header-display":"","ast-hfb-below-header-display":"","ast-hfb-mobile-header-display":"","site-post-title":"","ast-breadcrumbs-content":"","ast-featured-img":"","footer-sml-layout":"","theme-transparent-header-meta":"","adv-header-id-meta":"","stick-header-meta":"","header-above-stick-meta":"","header-main-stick-meta":"","header-below-stick-meta":"","astra-migrate-meta-layouts":"default","ast-page-background-enabled":"default","ast-page-background-meta":{"desktop":{"background-color":"var(--ast-global-color-4)","background-image":"","background-repeat":"repeat","background-position":"center center","background-size":"auto","background-attachment":"scroll","background-type":"","background-media":"","overlay-type":"","overlay-color":"","overlay-opacity":"","overlay-gradient":""},"tablet":{"background-color":"","background-image":"","background-repeat":"repeat","background-position":"center center","background-size":"auto","background-attachment":"scroll","background-type":"","background-media":"","overlay-type":"","overlay-color":"","overlay-opacity":"","overlay-gradient":""},"mobile":{"background-color":"","background-image":"","background-repeat":"repeat","background-position":"center center","background-size":"auto","background-attachment":"scroll","background-type":"","background-media":"","overlay-type":"","overlay-color":"","overlay-opacity":"","overlay-gradient":""}},"ast-content-background-meta":{"desktop":{"background-color":"var(--ast-global-color-5)","background-image":"","background-repeat":"repeat","background-position":"center center","background-size":"auto","background-attachment":"scroll","background-type":"","background-media":"","overlay-type":"","overlay-color":"","overlay-opacity":"","overlay-gradient":""},"tablet":{"background-color":"var(--ast-global-color-5)","background-image":"","background-repeat":"repeat","background-position":"center center","background-size":"auto","background-attachment":"scroll","background-type":"","background-media":"","overlay-type":"","overlay-color":"","overlay-opacity":"","overlay-gradient":""},"mobile":{"background-color":"var(--ast-global-color-5)","background-image":"","background-repeat":"repeat","background-position":"center center","background-size":"auto","background-attachment":"scroll","background-type":"","background-media":"","overlay-type":"","overlay-color":"","overlay-opacity":"","overlay-gradient":""}}},"product_brand":[],"product_cat":[494,600,603],"product_tag":[1304],"class_list":{"0":"post-39714","1":"product","2":"type-product","3":"status-publish","4":"has-post-thumbnail","6":"product_cat-4-miniatures","7":"product_cat-muskets-tomahawks","8":"product_cat-muskets-tomahawks-rules","9":"product_tag-regelbuch","10":"pa_delivery_conditions-21-bausatz_unbemalt","11":"pa_delivery_time-2-3","12":"pa_dimension-29-28mm","13":"pa_material-35-weimetall","14":"pa_teile-45-2","15":"desktop-align-left","16":"tablet-align-left","17":"mobile-align-left","19":"first","20":"instock","21":"taxable","22":"shipping-taxable","23":"purchasable","24":"product-type-simple"},"uagb_featured_image_src":{"full":["https:\/\/stronghold-terrain.de\/wp-content\/uploads\/2020\/11\/MT-Regelbuch-Gratisfigur.jpg",856,1280,false],"thumbnail":["https:\/\/stronghold-terrain.de\/wp-content\/uploads\/2020\/11\/MT-Regelbuch-Gratisfigur-150x150.jpg",150,150,true],"medium":["https:\/\/stronghold-terrain.de\/wp-content\/uploads\/2020\/11\/MT-Regelbuch-Gratisfigur-201x300.jpg",201,300,true],"medium_large":["https:\/\/stronghold-terrain.de\/wp-content\/uploads\/2020\/11\/MT-Regelbuch-Gratisfigur-768x1148.jpg",768,1148,true],"large":["https:\/\/stronghold-terrain.de\/wp-content\/uploads\/2020\/11\/MT-Regelbuch-Gratisfigur-685x1024.jpg",685,1024,true],"1536x1536":["https:\/\/stronghold-terrain.de\/wp-content\/uploads\/2020\/11\/MT-Regelbuch-Gratisfigur.jpg",856,1280,false],"2048x2048":["https:\/\/stronghold-terrain.de\/wp-content\/uploads\/2020\/11\/MT-Regelbuch-Gratisfigur.jpg",856,1280,false],"woocommerce_thumbnail":["https:\/\/stronghold-terrain.de\/wp-content\/uploads\/2020\/11\/MT-Regelbuch-Gratisfigur-262x328.jpg",262,328,true],"woocommerce_single":["https:\/\/stronghold-terrain.de\/wp-content\/uploads\/2020\/11\/MT-Regelbuch-Gratisfigur-555x830.jpg",555,830,true],"woocommerce_gallery_thumbnail":["https:\/\/stronghold-terrain.de\/wp-content\/uploads\/2020\/11\/MT-Regelbuch-Gratisfigur-100x100.jpg",100,100,true],"woosq":["https:\/\/stronghold-terrain.de\/wp-content\/uploads\/2020\/11\/MT-Regelbuch-Gratisfigur-460x460.jpg",460,460,true]},"uagb_author_info":{"display_name":"Mirco Wenning","author_link":"https:\/\/stronghold-terrain.de\/en\/author\/"},"uagb_comment_info":0,"uagb_excerpt":"Muskets &amp; Tomahawks ist ein Regelsystem, mit dem du die kleinen Gefechte der gro\u00dfen Kriege des 18. und 19. Jahrhunderts nachspielen kannst. Dieser \u201cKleine Krieg\u201d war essentieller Bestandteil gr\u00f6\u00dferer Feldz\u00fcge und hatte zahllose Facetten: Aufkl\u00e4rungsmissionen, \u00dcberf\u00e4lle auf D\u00f6rfer, Angriffe auf Konvois oder Au\u00dfenposten und vieles mehr. In unserem Spiel f\u00fchrst du einen Truppenverband in die&hellip;","_links":{"self":[{"href":"https:\/\/stronghold-terrain.de\/en\/wp-json\/wp\/v2\/product\/39714","targetHints":{"allow":["GET"]}}],"collection":[{"href":"https:\/\/stronghold-terrain.de\/en\/wp-json\/wp\/v2\/product"}],"about":[{"href":"https:\/\/stronghold-terrain.de\/en\/wp-json\/wp\/v2\/types\/product"}],"wp:featuredmedia":[{"embeddable":true,"href":"https:\/\/stronghold-terrain.de\/en\/wp-json\/wp\/v2\/media\/39715"}],"wp:attachment":[{"href":"https:\/\/stronghold-terrain.de\/en\/wp-json\/wp\/v2\/media?parent=39714"}],"wp:term":[{"taxonomy":"product_brand","embeddable":true,"href":"https:\/\/stronghold-terrain.de\/en\/wp-json\/wp\/v2\/product_brand?post=39714"},{"taxonomy":"product_cat","embeddable":true,"href":"https:\/\/stronghold-terrain.de\/en\/wp-json\/wp\/v2\/product_cat?post=39714"},{"taxonomy":"product_tag","embeddable":true,"href":"https:\/\/stronghold-terrain.de\/en\/wp-json\/wp\/v2\/product_tag?post=39714"}],"curies":[{"name":"wp","href":"https:\/\/api.w.org\/{rel}","templated":true}]}}