{"id":39721,"date":"2020-11-03T09:24:02","date_gmt":"2020-11-03T09:24:02","guid":{"rendered":"https:\/\/stronghold-terrain.de\/?post_type=product&#038;p=39721"},"modified":"2026-05-01T14:43:04","modified_gmt":"2026-05-01T14:43:04","slug":"vorbestellung-muskets-tomahawks-rotroecke-tomahawks-deutsch","status":"publish","type":"product","link":"https:\/\/stronghold-terrain.de\/en\/shop\/vorbestellung-muskets-tomahawks-rotroecke-tomahawks-deutsch\/","title":{"rendered":"Muskets &#038; Tomahawks Rotr\u00f6cke &#038; Tomahawks + Gratisminiatur (Deutsch)"},"content":{"rendered":"<p><em>Die nordamerikanischen Kriege des 18. Jahrhunderts pr\u00e4gten den Charakter der Nation, aus der sp\u00e4ter die Vereinigten Staaten von Amerika hervorgehen w\u00fcrden. Nachdem sie im Siebenj\u00e4hrigen Krieg von 1754 zun\u00e4chst an der Seite der Engl\u00e4nder gegen die Franzosen gek\u00e4mpft hatten, lehnten sich die Amerikaner in der zweiten H\u00e4lfte des Jahrhunderts gegen die britische Krone auf. Der letzte Krieg, in dem sich Briten und Amerikaner gegen\u00fcberstanden, fand schlie\u00dflich im Jahr 1812 in Kanada statt.<\/em><\/p>\n<p>\u201eDer Kleine Krieg\u201c war ein integraler Bestandteil dieser Kriege und Rotr\u00f6cke &amp; Tomahawks ist ein Erweiterungsband, mit dem du diese Konflikte nachspielen kannst.<\/p>\n<p><strong>Dieses Buch enth\u00e4lt:<\/strong><\/p>\n<ul>\n<li>Eine kurze historische Einf\u00fchrung in diese Epoche und die beteiligten Armeen.<\/li>\n<li>Armeelisten f\u00fcr die wichtigsten Konfliktparteien im Siebenj\u00e4hrigen Krieg, dem Amerikanischen Unabh\u00e4ngigkeitskrieg und dem Krieg von 1812: Engl\u00e4nder,<br \/>\nAmerikaner, Franzosen und Indianer.<\/li>\n<li>Einen asymmetrischer Szenariogenerator, der bei allen drei Kriegen genutzt werden kann.<\/li>\n<li>Eine Tabelle mit zuf\u00e4lligen Ereignissen f\u00fcr diese Epoche.<\/li>\n<li>42 Seiten<\/li>\n<li>Softcover<\/li>\n<li>Im Vergleich zur englischen Version komplett erratiert.<\/li>\n<li>inklusive der Gratisfigur Indianerh\u00e4uptling\u00a0 (solange der Vorrat reicht).<\/li>\n<\/ul>\n<p><span style=\"color: #ff0000;\">Um Rotr\u00f6cke &amp; Tomahawks zu spielen, ben\u00f6tigst du eine Ausgabe des Muskets &amp; Tomahawks Regelbuchs.<\/span><\/p>\n<div class=\"ast-oembed-container \" style=\"height: 100%;\"><iframe loading=\"lazy\" title=\"Muskets &amp; Tomahawks Teaser Deutsch\" width=\"500\" height=\"281\" src=\"https:\/\/www.youtube.com\/embed\/nNK1JP3VKcU?feature=oembed\" frameborder=\"0\" allow=\"accelerometer; autoplay; clipboard-write; encrypted-media; gyroscope; picture-in-picture; web-share\" referrerpolicy=\"strict-origin-when-cross-origin\" allowfullscreen><\/iframe><\/div>\n<p>Hier findet ihr einen ausf\u00fchrlichen Spielbericht, der viele der Regelmechanismen aufgreift. Bringt aber etwas Zeit mit:<\/p>\n<div class=\"ast-oembed-container \" style=\"height: 100%;\"><iframe loading=\"lazy\" title=\"Muskets and Tomahawks BatRep: Lernrunde mit Mirco von Stronghold Terrain | Spielebude\" width=\"500\" height=\"281\" src=\"https:\/\/www.youtube.com\/embed\/1sWhQ7qQNus?feature=oembed\" frameborder=\"0\" allow=\"accelerometer; autoplay; clipboard-write; encrypted-media; gyroscope; picture-in-picture; web-share\" referrerpolicy=\"strict-origin-when-cross-origin\" allowfullscreen><\/iframe><\/div>\n","protected":false},"excerpt":{"rendered":"<p>Die nordamerikanischen Kriege des 18. Jahrhunderts pr\u00e4gten den Charakter der Nation, aus der sp\u00e4ter die Vereinigten Staaten von Amerika hervorgehen w\u00fcrden. Nachdem sie im Siebenj\u00e4hrigen Krieg von 1754 zun\u00e4chst an der Seite der Engl\u00e4nder gegen die Franzosen gek\u00e4mpft hatten, lehnten sich die Amerikaner in der zweiten H\u00e4lfte des Jahrhunderts gegen die britische Krone auf. Der [&hellip;]<\/p>\n","protected":false},"featured_media":39946,"template":"","meta":{"_crdt_document":"","_uag_custom_page_level_css":"","site-sidebar-layout":"default","site-content-layout":"","ast-site-content-layout":"","site-content-style":"default","site-sidebar-style":"default","ast-global-header-display":"","ast-banner-title-visibility":"","ast-main-header-display":"","ast-hfb-above-header-display":"","ast-hfb-below-header-display":"","ast-hfb-mobile-header-display":"","site-post-title":"","ast-breadcrumbs-content":"","ast-featured-img":"","footer-sml-layout":"","theme-transparent-header-meta":"","adv-header-id-meta":"","stick-header-meta":"","header-above-stick-meta":"","header-main-stick-meta":"","header-below-stick-meta":"","astra-migrate-meta-layouts":"default","ast-page-background-enabled":"default","ast-page-background-meta":{"desktop":{"background-color":"var(--ast-global-color-4)","background-image":"","background-repeat":"repeat","background-position":"center center","background-size":"auto","background-attachment":"scroll","background-type":"","background-media":"","overlay-type":"","overlay-color":"","overlay-opacity":"","overlay-gradient":""},"tablet":{"background-color":"","background-image":"","background-repeat":"repeat","background-position":"center center","background-size":"auto","background-attachment":"scroll","background-type":"","background-media":"","overlay-type":"","overlay-color":"","overlay-opacity":"","overlay-gradient":""},"mobile":{"background-color":"","background-image":"","background-repeat":"repeat","background-position":"center center","background-size":"auto","background-attachment":"scroll","background-type":"","background-media":"","overlay-type":"","overlay-color":"","overlay-opacity":"","overlay-gradient":""}},"ast-content-background-meta":{"desktop":{"background-color":"var(--ast-global-color-5)","background-image":"","background-repeat":"repeat","background-position":"center center","background-size":"auto","background-attachment":"scroll","background-type":"","background-media":"","overlay-type":"","overlay-color":"","overlay-opacity":"","overlay-gradient":""},"tablet":{"background-color":"var(--ast-global-color-5)","background-image":"","background-repeat":"repeat","background-position":"center center","background-size":"auto","background-attachment":"scroll","background-type":"","background-media":"","overlay-type":"","overlay-color":"","overlay-opacity":"","overlay-gradient":""},"mobile":{"background-color":"var(--ast-global-color-5)","background-image":"","background-repeat":"repeat","background-position":"center center","background-size":"auto","background-attachment":"scroll","background-type":"","background-media":"","overlay-type":"","overlay-color":"","overlay-opacity":"","overlay-gradient":""}}},"product_brand":[],"product_cat":[494,600,603],"product_tag":[1304],"class_list":{"0":"post-39721","1":"product","2":"type-product","3":"status-publish","4":"has-post-thumbnail","6":"product_cat-4-miniatures","7":"product_cat-muskets-tomahawks","8":"product_cat-muskets-tomahawks-rules","9":"product_tag-regelbuch","10":"pa_delivery_conditions-21-bausatz_unbemalt","11":"pa_delivery_time-2-3","12":"pa_dimension-29-28mm","13":"pa_material-35-weimetall","14":"pa_teile-45-2","15":"desktop-align-left","16":"tablet-align-left","17":"mobile-align-left","19":"first","20":"instock","21":"taxable","22":"shipping-taxable","23":"purchasable","24":"product-type-simple"},"uagb_featured_image_src":{"full":["https:\/\/stronghold-terrain.de\/wp-content\/uploads\/2020\/11\/Rotroecke-Tomahawks-Gratisfigur-1.jpg",863,1232,false],"thumbnail":["https:\/\/stronghold-terrain.de\/wp-content\/uploads\/2020\/11\/Rotroecke-Tomahawks-Gratisfigur-1-150x150.jpg",150,150,true],"medium":["https:\/\/stronghold-terrain.de\/wp-content\/uploads\/2020\/11\/Rotroecke-Tomahawks-Gratisfigur-1-210x300.jpg",210,300,true],"medium_large":["https:\/\/stronghold-terrain.de\/wp-content\/uploads\/2020\/11\/Rotroecke-Tomahawks-Gratisfigur-1-768x1096.jpg",768,1096,true],"large":["https:\/\/stronghold-terrain.de\/wp-content\/uploads\/2020\/11\/Rotroecke-Tomahawks-Gratisfigur-1-717x1024.jpg",717,1024,true],"1536x1536":["https:\/\/stronghold-terrain.de\/wp-content\/uploads\/2020\/11\/Rotroecke-Tomahawks-Gratisfigur-1.jpg",863,1232,false],"2048x2048":["https:\/\/stronghold-terrain.de\/wp-content\/uploads\/2020\/11\/Rotroecke-Tomahawks-Gratisfigur-1.jpg",863,1232,false],"woocommerce_thumbnail":["https:\/\/stronghold-terrain.de\/wp-content\/uploads\/2020\/11\/Rotroecke-Tomahawks-Gratisfigur-1-262x328.jpg",262,328,true],"woocommerce_single":["https:\/\/stronghold-terrain.de\/wp-content\/uploads\/2020\/11\/Rotroecke-Tomahawks-Gratisfigur-1-555x792.jpg",555,792,true],"woocommerce_gallery_thumbnail":["https:\/\/stronghold-terrain.de\/wp-content\/uploads\/2020\/11\/Rotroecke-Tomahawks-Gratisfigur-1-100x100.jpg",100,100,true],"woosq":["https:\/\/stronghold-terrain.de\/wp-content\/uploads\/2020\/11\/Rotroecke-Tomahawks-Gratisfigur-1-460x460.jpg",460,460,true]},"uagb_author_info":{"display_name":"Mirco Wenning","author_link":"https:\/\/stronghold-terrain.de\/en\/author\/"},"uagb_comment_info":0,"uagb_excerpt":"Die nordamerikanischen Kriege des 18. Jahrhunderts pr\u00e4gten den Charakter der Nation, aus der sp\u00e4ter die Vereinigten Staaten von Amerika hervorgehen w\u00fcrden. Nachdem sie im Siebenj\u00e4hrigen Krieg von 1754 zun\u00e4chst an der Seite der Engl\u00e4nder gegen die Franzosen gek\u00e4mpft hatten, lehnten sich die Amerikaner in der zweiten H\u00e4lfte des Jahrhunderts gegen die britische Krone auf. Der&hellip;","_links":{"self":[{"href":"https:\/\/stronghold-terrain.de\/en\/wp-json\/wp\/v2\/product\/39721","targetHints":{"allow":["GET"]}}],"collection":[{"href":"https:\/\/stronghold-terrain.de\/en\/wp-json\/wp\/v2\/product"}],"about":[{"href":"https:\/\/stronghold-terrain.de\/en\/wp-json\/wp\/v2\/types\/product"}],"wp:featuredmedia":[{"embeddable":true,"href":"https:\/\/stronghold-terrain.de\/en\/wp-json\/wp\/v2\/media\/39946"}],"wp:attachment":[{"href":"https:\/\/stronghold-terrain.de\/en\/wp-json\/wp\/v2\/media?parent=39721"}],"wp:term":[{"taxonomy":"product_brand","embeddable":true,"href":"https:\/\/stronghold-terrain.de\/en\/wp-json\/wp\/v2\/product_brand?post=39721"},{"taxonomy":"product_cat","embeddable":true,"href":"https:\/\/stronghold-terrain.de\/en\/wp-json\/wp\/v2\/product_cat?post=39721"},{"taxonomy":"product_tag","embeddable":true,"href":"https:\/\/stronghold-terrain.de\/en\/wp-json\/wp\/v2\/product_tag?post=39721"}],"curies":[{"name":"wp","href":"https:\/\/api.w.org\/{rel}","templated":true}]}}