{"id":39964,"date":"2020-11-17T09:20:29","date_gmt":"2020-11-17T09:20:29","guid":{"rendered":"https:\/\/stronghold-terrain.de\/?post_type=product&#038;p=39964"},"modified":"2024-01-08T15:08:39","modified_gmt":"2024-01-08T15:08:39","slug":"vorbestellung-muskets-tomahawks-einsteiger-bundle","status":"publish","type":"product","link":"https:\/\/stronghold-terrain.de\/en\/shop\/vorbestellung-muskets-tomahawks-einsteiger-bundle\/","title":{"rendered":"Muskets &#038; Tomahawks Einsteiger Bundle (Rotr\u00f6cke &#038; Tomahawks)"},"content":{"rendered":"<p>Muskets &amp; Tomahawks Einsteiger Bundle<\/p>\n<p>Hierbei handelt es sich um ein konfigurierbares Angebot.<\/p>\n<p><strong>Es enth\u00e4lt n\u00f6tige Produkte:<\/strong><\/p>\n<ul>\n<li>M&amp;T Regelbuch<\/li>\n<li>M&amp;T Erweiterung Rotr\u00f6cke &amp; Tomahawks<\/li>\n<li>Kartenset Rotr\u00f6cke &amp; Tomahawks<\/li>\n<\/ul>\n<p><strong>Und frei konfigurierbare:<\/strong><\/p>\n<ul>\n<li>W\u00fcrfel<\/li>\n<li>Kunststoffsets &amp; Metallstarter (10% Rabatt)<\/li>\n<li>Stronghold Collectibles (10% Rabatt)<\/li>\n<li>Magnetisierte Metallbases 20x20mm (25% Rabatt)<\/li>\n<\/ul>\n<p><\/p>","protected":false},"excerpt":{"rendered":"<p>Muskets &amp; Tomahawks Einsteiger Bundle Hierbei handelt es sich um ein konfigurierbares Angebot. Es enth\u00e4lt n\u00f6tige Produkte: M&amp;T Regelbuch M&amp;T Erweiterung Rotr\u00f6cke &amp; Tomahawks Kartenset Rotr\u00f6cke &amp; Tomahawks Und frei konfigurierbare: W\u00fcrfel Kunststoffsets &amp; Metallstarter (10% Rabatt) Stronghold Collectibles (10% Rabatt) Magnetisierte Metallbases 20x20mm (25% Rabatt)<\/p>\n","protected":false},"featured_media":39966,"template":"","meta":{"_crdt_document":"","_uag_custom_page_level_css":"","site-sidebar-layout":"default","site-content-layout":"","ast-site-content-layout":"","site-content-style":"default","site-sidebar-style":"default","ast-global-header-display":"","ast-banner-title-visibility":"","ast-main-header-display":"","ast-hfb-above-header-display":"","ast-hfb-below-header-display":"","ast-hfb-mobile-header-display":"","site-post-title":"","ast-breadcrumbs-content":"","ast-featured-img":"","footer-sml-layout":"","theme-transparent-header-meta":"","adv-header-id-meta":"","stick-header-meta":"","header-above-stick-meta":"","header-main-stick-meta":"","header-below-stick-meta":"","astra-migrate-meta-layouts":"default","ast-page-background-enabled":"default","ast-page-background-meta":{"desktop":{"background-color":"var(--ast-global-color-4)","background-image":"","background-repeat":"repeat","background-position":"center center","background-size":"auto","background-attachment":"scroll","background-type":"","background-media":"","overlay-type":"","overlay-color":"","overlay-opacity":"","overlay-gradient":""},"tablet":{"background-color":"","background-image":"","background-repeat":"repeat","background-position":"center center","background-size":"auto","background-attachment":"scroll","background-type":"","background-media":"","overlay-type":"","overlay-color":"","overlay-opacity":"","overlay-gradient":""},"mobile":{"background-color":"","background-image":"","background-repeat":"repeat","background-position":"center center","background-size":"auto","background-attachment":"scroll","background-type":"","background-media":"","overlay-type":"","overlay-color":"","overlay-opacity":"","overlay-gradient":""}},"ast-content-background-meta":{"desktop":{"background-color":"var(--ast-global-color-5)","background-image":"","background-repeat":"repeat","background-position":"center center","background-size":"auto","background-attachment":"scroll","background-type":"","background-media":"","overlay-type":"","overlay-color":"","overlay-opacity":"","overlay-gradient":""},"tablet":{"background-color":"var(--ast-global-color-5)","background-image":"","background-repeat":"repeat","background-position":"center center","background-size":"auto","background-attachment":"scroll","background-type":"","background-media":"","overlay-type":"","overlay-color":"","overlay-opacity":"","overlay-gradient":""},"mobile":{"background-color":"var(--ast-global-color-5)","background-image":"","background-repeat":"repeat","background-position":"center center","background-size":"auto","background-attachment":"scroll","background-type":"","background-media":"","overlay-type":"","overlay-color":"","overlay-opacity":"","overlay-gradient":""}}},"product_brand":[],"product_cat":[423,600,603],"product_tag":[],"class_list":{"0":"post-39964","1":"product","2":"type-product","3":"status-publish","4":"has-post-thumbnail","6":"product_cat-7-deals","7":"product_cat-muskets-tomahawks","8":"product_cat-muskets-tomahawks-rules","9":"pa_delivery_conditions-21-bausatz_unbemalt","10":"pa_delivery_time-2-3","11":"pa_dimension-29-28mm","12":"pa_material-35-weimetall","13":"pa_teile-45-2","14":"desktop-align-left","15":"tablet-align-left","16":"mobile-align-left","18":"first","19":"instock","20":"taxable","21":"shipping-taxable","22":"purchasable","23":"product-type-composite"},"uagb_featured_image_src":{"full":["https:\/\/stronghold-terrain.de\/wp-content\/uploads\/2020\/11\/MT-Einsteiger-Bundle.jpg",1280,857,false],"thumbnail":["https:\/\/stronghold-terrain.de\/wp-content\/uploads\/2020\/11\/MT-Einsteiger-Bundle-150x150.jpg",150,150,true],"medium":["https:\/\/stronghold-terrain.de\/wp-content\/uploads\/2020\/11\/MT-Einsteiger-Bundle-300x201.jpg",300,201,true],"medium_large":["https:\/\/stronghold-terrain.de\/wp-content\/uploads\/2020\/11\/MT-Einsteiger-Bundle-768x514.jpg",768,514,true],"large":["https:\/\/stronghold-terrain.de\/wp-content\/uploads\/2020\/11\/MT-Einsteiger-Bundle-1024x686.jpg",1024,686,true],"1536x1536":["https:\/\/stronghold-terrain.de\/wp-content\/uploads\/2020\/11\/MT-Einsteiger-Bundle.jpg",1280,857,false],"2048x2048":["https:\/\/stronghold-terrain.de\/wp-content\/uploads\/2020\/11\/MT-Einsteiger-Bundle.jpg",1280,857,false],"woocommerce_thumbnail":["https:\/\/stronghold-terrain.de\/wp-content\/uploads\/2020\/11\/MT-Einsteiger-Bundle-262x328.jpg",262,328,true],"woocommerce_single":["https:\/\/stronghold-terrain.de\/wp-content\/uploads\/2020\/11\/MT-Einsteiger-Bundle-555x372.jpg",555,372,true],"woocommerce_gallery_thumbnail":["https:\/\/stronghold-terrain.de\/wp-content\/uploads\/2020\/11\/MT-Einsteiger-Bundle-100x100.jpg",100,100,true],"woosq":["https:\/\/stronghold-terrain.de\/wp-content\/uploads\/2020\/11\/MT-Einsteiger-Bundle-460x460.jpg",460,460,true]},"uagb_author_info":{"display_name":"Mirco Wenning","author_link":"https:\/\/stronghold-terrain.de\/en\/author\/"},"uagb_comment_info":0,"uagb_excerpt":"Muskets &amp; Tomahawks Einsteiger Bundle Hierbei handelt es sich um ein konfigurierbares Angebot. Es enth\u00e4lt n\u00f6tige Produkte: M&amp;T Regelbuch M&amp;T Erweiterung Rotr\u00f6cke &amp; Tomahawks Kartenset Rotr\u00f6cke &amp; Tomahawks Und frei konfigurierbare: W\u00fcrfel Kunststoffsets &amp; Metallstarter (10% Rabatt) Stronghold Collectibles (10% Rabatt) Magnetisierte Metallbases 20x20mm (25% Rabatt)","_links":{"self":[{"href":"https:\/\/stronghold-terrain.de\/en\/wp-json\/wp\/v2\/product\/39964","targetHints":{"allow":["GET"]}}],"collection":[{"href":"https:\/\/stronghold-terrain.de\/en\/wp-json\/wp\/v2\/product"}],"about":[{"href":"https:\/\/stronghold-terrain.de\/en\/wp-json\/wp\/v2\/types\/product"}],"wp:featuredmedia":[{"embeddable":true,"href":"https:\/\/stronghold-terrain.de\/en\/wp-json\/wp\/v2\/media\/39966"}],"wp:attachment":[{"href":"https:\/\/stronghold-terrain.de\/en\/wp-json\/wp\/v2\/media?parent=39964"}],"wp:term":[{"taxonomy":"product_brand","embeddable":true,"href":"https:\/\/stronghold-terrain.de\/en\/wp-json\/wp\/v2\/product_brand?post=39964"},{"taxonomy":"product_cat","embeddable":true,"href":"https:\/\/stronghold-terrain.de\/en\/wp-json\/wp\/v2\/product_cat?post=39964"},{"taxonomy":"product_tag","embeddable":true,"href":"https:\/\/stronghold-terrain.de\/en\/wp-json\/wp\/v2\/product_tag?post=39964"}],"curies":[{"name":"wp","href":"https:\/\/api.w.org\/{rel}","templated":true}]}}