{"id":42365,"date":"2021-03-25T10:46:50","date_gmt":"2021-03-25T10:46:50","guid":{"rendered":"https:\/\/stronghold-terrain.de\/?post_type=product&#038;p=42365"},"modified":"2026-04-30T11:59:45","modified_gmt":"2026-04-30T11:59:45","slug":"vorbestellung-saga-generische-kriegslisten-kartenset-32","status":"publish","type":"product","link":"https:\/\/stronghold-terrain.de\/en\/shop\/vorbestellung-saga-generische-kriegslisten-kartenset-32\/","title":{"rendered":"SAGA Allgemeine Kriegslisten &#8211; Kartenset (32)"},"content":{"rendered":"<p><em>Die Faszination f\u00fcr Kriegskunst f\u00fchrte in der Antike zur Ver\u00f6ffentlichung zahlreicher Texte und Memoiren. Im Mittelmeerraum nahm ihre Zahl nach Alexanders epischen Taten noch einmal zu. Aus den wenigen Fragmenten, die die Zeit \u00fcberdauert haben, geht deutlich hervor, wie wichtig unseren Vorfahren neben den richtigen Strategien auch listige T\u00e4uschungen waren.<\/em><\/p>\n<p><em>Obgleich der Sieg in einer ehrenhaften Schlacht, bei der sich die Gegner einvernehmlich auf ein Schlachtfeld einigten, das gr\u00f6\u00dfte Ansehen brachte, waren diese eher rar. Unsere Vorfahren wussten nur zu gut, dass ein listenreicher Sieg viel effizienter war. Dazu geh\u00f6rte es, den Gegner zu t\u00e4uschen, zu \u00fcberraschen und in eine unvorteilhafte Position zu bringen, um so die eigenen Erfolgsaussichten zu erh\u00f6hen. <\/em><\/p>\n<p>Es w\u00e4re eine Schande, diese M\u00f6glichkeiten f\u00fcr SAGA au\u00dfer Acht zu lassen! Bringe deinen Gegner durch listige T\u00e4uschungen zur Verzweiflung oder weide dich an seinen Tr\u00e4nen, nachdem du<br \/>\nseine Pl\u00e4ne zunichte gemacht hast!<\/p>\n<p>Du kannst Kriegslisten nutzen, um dem Spiel mehr W\u00fcrze zu verleihen. Sie sind vollst\u00e4ndig optional, wurden aber so gestaltet, dass sie auch weiterhin ein ausgeglichenes Spiel erm\u00f6glichen, ihm aber gleichzeitig neue Elemente hinzuf\u00fcgen, so dass kein Spiel dem anderen gleicht.<\/p>\n<p><strong>W\u00e4hle deine Kriegslisten:<\/strong><\/p>\n<p>Zun\u00e4chst musst du deine Punkte f\u00fcr Kriegslisten generieren.<br \/>\nJeder Spieler erh\u00e4lt eine Anzahl an Punkten, die dem Punktwert seiner Armee entspricht. Diese Punkte musst du beim Zusammenstellen deiner Armee f\u00fcr Kriegslisten ausgeben , also bevor das Szenario bestimmt wird und du die Zusammenstellung der gegnerischen Armee kennst.<\/p>\n<p>Du darfst deine Kriegslisten aus den besonderen Kriegslisten (Teil des SAGA Erweiterungsbands \u00c4ra des Hannibal) und aus den hier vorgestellten Allgemeinen Kriegslisten w\u00e4hlen.<\/p>\n<p><strong>Allgemeine Kriegslisten:<\/strong><\/p>\n<ul>\n<li>32 unterschiedliche Karten<\/li>\n<li>Unterteilt in 4 Kategorien (Rekrutierung, Vorbereitung, Elite, Strategie)<\/li>\n<li>Die Karten haben eine Gr\u00f6\u00dfe von 63 x 88mm und abgerundete Ecken.<\/li>\n<\/ul>\n<p>&nbsp;<\/p>\n<p>&nbsp;<\/p>\n<p>&nbsp;<\/p>\n<p><strong>\u00a0<\/strong><\/p>\n","protected":false},"excerpt":{"rendered":"<p>Die Faszination f\u00fcr Kriegskunst f\u00fchrte in der Antike zur Ver\u00f6ffentlichung zahlreicher Texte und Memoiren. Im Mittelmeerraum nahm ihre Zahl nach Alexanders epischen Taten noch einmal zu. Aus den wenigen Fragmenten, die die Zeit \u00fcberdauert haben, geht deutlich hervor, wie wichtig unseren Vorfahren neben den richtigen Strategien auch listige T\u00e4uschungen waren. Obgleich der Sieg in einer [&hellip;]<\/p>\n","protected":false},"featured_media":42355,"template":"","meta":{"_crdt_document":"","_uag_custom_page_level_css":"","site-sidebar-layout":"default","site-content-layout":"","ast-site-content-layout":"","site-content-style":"default","site-sidebar-style":"default","ast-global-header-display":"","ast-banner-title-visibility":"","ast-main-header-display":"","ast-hfb-above-header-display":"","ast-hfb-below-header-display":"","ast-hfb-mobile-header-display":"","site-post-title":"","ast-breadcrumbs-content":"","ast-featured-img":"","footer-sml-layout":"","theme-transparent-header-meta":"","adv-header-id-meta":"","stick-header-meta":"","header-above-stick-meta":"","header-main-stick-meta":"","header-below-stick-meta":"","astra-migrate-meta-layouts":"default","ast-page-background-enabled":"default","ast-page-background-meta":{"desktop":{"background-color":"var(--ast-global-color-4)","background-image":"","background-repeat":"repeat","background-position":"center center","background-size":"auto","background-attachment":"scroll","background-type":"","background-media":"","overlay-type":"","overlay-color":"","overlay-opacity":"","overlay-gradient":""},"tablet":{"background-color":"","background-image":"","background-repeat":"repeat","background-position":"center center","background-size":"auto","background-attachment":"scroll","background-type":"","background-media":"","overlay-type":"","overlay-color":"","overlay-opacity":"","overlay-gradient":""},"mobile":{"background-color":"","background-image":"","background-repeat":"repeat","background-position":"center center","background-size":"auto","background-attachment":"scroll","background-type":"","background-media":"","overlay-type":"","overlay-color":"","overlay-opacity":"","overlay-gradient":""}},"ast-content-background-meta":{"desktop":{"background-color":"var(--ast-global-color-5)","background-image":"","background-repeat":"repeat","background-position":"center center","background-size":"auto","background-attachment":"scroll","background-type":"","background-media":"","overlay-type":"","overlay-color":"","overlay-opacity":"","overlay-gradient":""},"tablet":{"background-color":"var(--ast-global-color-5)","background-image":"","background-repeat":"repeat","background-position":"center center","background-size":"auto","background-attachment":"scroll","background-type":"","background-media":"","overlay-type":"","overlay-color":"","overlay-opacity":"","overlay-gradient":""},"mobile":{"background-color":"var(--ast-global-color-5)","background-image":"","background-repeat":"repeat","background-position":"center center","background-size":"auto","background-attachment":"scroll","background-type":"","background-media":"","overlay-type":"","overlay-color":"","overlay-opacity":"","overlay-gradient":""}}},"product_brand":[],"product_cat":[741,236],"product_tag":[],"class_list":{"0":"post-42365","1":"product","2":"type-product","3":"status-publish","4":"has-post-thumbnail","6":"product_cat-regelbuecher-deutsch","7":"product_cat-saga-rules","8":"pa_delivery_conditions-31-neu","9":"pa_delivery_time-mitte-november","10":"pa_dimension-22-a4","11":"pa_material-24-papier","12":"pa_teile-49-6","13":"desktop-align-left","14":"tablet-align-left","15":"mobile-align-left","17":"first","18":"instock","19":"taxable","20":"shipping-taxable","21":"purchasable","22":"product-type-simple"},"uagb_featured_image_src":{"full":["https:\/\/stronghold-terrain.de\/wp-content\/uploads\/2021\/03\/SAK01-Allgemeine-Kriegslisten.jpg",931,658,false],"thumbnail":["https:\/\/stronghold-terrain.de\/wp-content\/uploads\/2021\/03\/SAK01-Allgemeine-Kriegslisten-150x150.jpg",150,150,true],"medium":["https:\/\/stronghold-terrain.de\/wp-content\/uploads\/2021\/03\/SAK01-Allgemeine-Kriegslisten-300x212.jpg",300,212,true],"medium_large":["https:\/\/stronghold-terrain.de\/wp-content\/uploads\/2021\/03\/SAK01-Allgemeine-Kriegslisten-768x543.jpg",768,543,true],"large":["https:\/\/stronghold-terrain.de\/wp-content\/uploads\/2021\/03\/SAK01-Allgemeine-Kriegslisten.jpg",931,658,false],"1536x1536":["https:\/\/stronghold-terrain.de\/wp-content\/uploads\/2021\/03\/SAK01-Allgemeine-Kriegslisten.jpg",931,658,false],"2048x2048":["https:\/\/stronghold-terrain.de\/wp-content\/uploads\/2021\/03\/SAK01-Allgemeine-Kriegslisten.jpg",931,658,false],"woocommerce_thumbnail":["https:\/\/stronghold-terrain.de\/wp-content\/uploads\/2021\/03\/SAK01-Allgemeine-Kriegslisten-262x328.jpg",262,328,true],"woocommerce_single":["https:\/\/stronghold-terrain.de\/wp-content\/uploads\/2021\/03\/SAK01-Allgemeine-Kriegslisten-555x392.jpg",555,392,true],"woocommerce_gallery_thumbnail":["https:\/\/stronghold-terrain.de\/wp-content\/uploads\/2021\/03\/SAK01-Allgemeine-Kriegslisten-100x100.jpg",100,100,true],"woosq":["https:\/\/stronghold-terrain.de\/wp-content\/uploads\/2021\/03\/SAK01-Allgemeine-Kriegslisten-460x460.jpg",460,460,true]},"uagb_author_info":{"display_name":"Mirco Wenning","author_link":"https:\/\/stronghold-terrain.de\/en\/author\/"},"uagb_comment_info":0,"uagb_excerpt":"Die Faszination f\u00fcr Kriegskunst f\u00fchrte in der Antike zur Ver\u00f6ffentlichung zahlreicher Texte und Memoiren. Im Mittelmeerraum nahm ihre Zahl nach Alexanders epischen Taten noch einmal zu. Aus den wenigen Fragmenten, die die Zeit \u00fcberdauert haben, geht deutlich hervor, wie wichtig unseren Vorfahren neben den richtigen Strategien auch listige T\u00e4uschungen waren. Obgleich der Sieg in einer&hellip;","_links":{"self":[{"href":"https:\/\/stronghold-terrain.de\/en\/wp-json\/wp\/v2\/product\/42365","targetHints":{"allow":["GET"]}}],"collection":[{"href":"https:\/\/stronghold-terrain.de\/en\/wp-json\/wp\/v2\/product"}],"about":[{"href":"https:\/\/stronghold-terrain.de\/en\/wp-json\/wp\/v2\/types\/product"}],"wp:featuredmedia":[{"embeddable":true,"href":"https:\/\/stronghold-terrain.de\/en\/wp-json\/wp\/v2\/media\/42355"}],"wp:attachment":[{"href":"https:\/\/stronghold-terrain.de\/en\/wp-json\/wp\/v2\/media?parent=42365"}],"wp:term":[{"taxonomy":"product_brand","embeddable":true,"href":"https:\/\/stronghold-terrain.de\/en\/wp-json\/wp\/v2\/product_brand?post=42365"},{"taxonomy":"product_cat","embeddable":true,"href":"https:\/\/stronghold-terrain.de\/en\/wp-json\/wp\/v2\/product_cat?post=42365"},{"taxonomy":"product_tag","embeddable":true,"href":"https:\/\/stronghold-terrain.de\/en\/wp-json\/wp\/v2\/product_tag?post=42365"}],"curies":[{"name":"wp","href":"https:\/\/api.w.org\/{rel}","templated":true}]}}