{"id":426,"date":"2015-03-05T10:06:19","date_gmt":"2015-03-05T10:06:19","guid":{"rendered":"http:\/\/stronghold-terrain.de\/produkt\/templar-infantry\/"},"modified":"2026-03-27T22:49:40","modified_gmt":"2026-03-27T22:49:40","slug":"templar-infantry","status":"publish","type":"product","link":"https:\/\/stronghold-terrain.de\/en\/shop\/templar-infantry\/","title":{"rendered":"Templar Infantry (24)"},"content":{"rendered":"<p>Die Box enth\u00e4lt insgesamt 24 detailierte Infantristen f\u00fcr die Ordensritter (12.-13. Jahrhundert) aus Kunststoff.<\/p>\n<p>Die Figuren k\u00f6nnen auf eine Vielzahl Arten zusammengebaut werden, wobei verschiedene Waffen (Speere, Schwerter, \u00c4xte, Streitkolben, Armbr\u00fcste), Schilde, K\u00f6pfe und andere Ausr\u00fcstungsoptionen zum Einsatz kommen.<\/p>\n<p>Insgesamt kann man mit dem Bausatz bis zu <strong>12 Armbrustsch\u00fctzen, bis zu 12 Ordensritter zu Fu\u00df und\/oder bis zu 24 Sergeanten zu Fu\u00df bauen.<\/strong><\/p>\n<p>Die Box ist daher bestens geeignet, um f\u00fcr SAGA eine Ordensritter Armee zu beginnen.<\/p>\n<p>Viele Teile sind mit den andrern Baus\u00e4tzen Fireforge Games austauschbar.<\/p>\n<p>&nbsp;<\/p>\n","protected":false},"excerpt":{"rendered":"<p>Die Box enth\u00e4lt insgesamt 24 detailierte Infantristen f\u00fcr die Ordensritter (12.-13. Jahrhundert) aus Kunststoff. Die Figuren k\u00f6nnen auf eine Vielzahl Arten zusammengebaut werden, wobei verschiedene Waffen (Speere, Schwerter, \u00c4xte, Streitkolben, Armbr\u00fcste), Schilde, K\u00f6pfe und andere Ausr\u00fcstungsoptionen zum Einsatz kommen. Insgesamt kann man mit dem Bausatz bis zu 12 Armbrustsch\u00fctzen, bis zu 12 Ordensritter zu Fu\u00df [&hellip;]<\/p>\n","protected":false},"featured_media":422,"template":"","meta":{"_crdt_document":"","_uag_custom_page_level_css":"","site-sidebar-layout":"default","site-content-layout":"","ast-site-content-layout":"","site-content-style":"default","site-sidebar-style":"default","ast-global-header-display":"","ast-banner-title-visibility":"","ast-main-header-display":"","ast-hfb-above-header-display":"","ast-hfb-below-header-display":"","ast-hfb-mobile-header-display":"","site-post-title":"","ast-breadcrumbs-content":"","ast-featured-img":"","footer-sml-layout":"","theme-transparent-header-meta":"","adv-header-id-meta":"","stick-header-meta":"","header-above-stick-meta":"","header-main-stick-meta":"","header-below-stick-meta":"","astra-migrate-meta-layouts":"default","ast-page-background-enabled":"default","ast-page-background-meta":{"desktop":{"background-color":"var(--ast-global-color-4)","background-image":"","background-repeat":"repeat","background-position":"center center","background-size":"auto","background-attachment":"scroll","background-type":"","background-media":"","overlay-type":"","overlay-color":"","overlay-opacity":"","overlay-gradient":""},"tablet":{"background-color":"","background-image":"","background-repeat":"repeat","background-position":"center center","background-size":"auto","background-attachment":"scroll","background-type":"","background-media":"","overlay-type":"","overlay-color":"","overlay-opacity":"","overlay-gradient":""},"mobile":{"background-color":"","background-image":"","background-repeat":"repeat","background-position":"center center","background-size":"auto","background-attachment":"scroll","background-type":"","background-media":"","overlay-type":"","overlay-color":"","overlay-opacity":"","overlay-gradient":""}},"ast-content-background-meta":{"desktop":{"background-color":"var(--ast-global-color-5)","background-image":"","background-repeat":"repeat","background-position":"center center","background-size":"auto","background-attachment":"scroll","background-type":"","background-media":"","overlay-type":"","overlay-color":"","overlay-opacity":"","overlay-gradient":""},"tablet":{"background-color":"var(--ast-global-color-5)","background-image":"","background-repeat":"repeat","background-position":"center center","background-size":"auto","background-attachment":"scroll","background-type":"","background-media":"","overlay-type":"","overlay-color":"","overlay-opacity":"","overlay-gradient":""},"mobile":{"background-color":"var(--ast-global-color-5)","background-image":"","background-repeat":"repeat","background-position":"center center","background-size":"auto","background-attachment":"scroll","background-type":"","background-media":"","overlay-type":"","overlay-color":"","overlay-opacity":"","overlay-gradient":""}}},"product_brand":[],"product_cat":[477,478],"product_tag":[],"class_list":{"0":"post-426","1":"product","2":"type-product","3":"status-publish","4":"has-post-thumbnail","6":"product_cat-fireforge-games","7":"product_cat-fireforge-games-kunststoffsets","8":"pa_delivery_conditions-21-bausatz_unbemalt","9":"pa_delivery_time-41-2-3tage","10":"pa_dimension-29-28mm","11":"pa_material-96-kunststoff","12":"desktop-align-left","13":"tablet-align-left","14":"mobile-align-left","16":"first","17":"instock","18":"sale","19":"taxable","20":"shipping-taxable","21":"purchasable","22":"product-type-simple"},"uagb_featured_image_src":{"full":["https:\/\/stronghold-terrain.de\/wp-content\/uploads\/2015\/03\/ffg006.png",940,650,false],"thumbnail":["https:\/\/stronghold-terrain.de\/wp-content\/uploads\/2015\/03\/ffg006-150x150.png",150,150,true],"medium":["https:\/\/stronghold-terrain.de\/wp-content\/uploads\/2015\/03\/ffg006-300x207.png",300,207,true],"medium_large":["https:\/\/stronghold-terrain.de\/wp-content\/uploads\/2015\/03\/ffg006-768x531.png",768,531,true],"large":["https:\/\/stronghold-terrain.de\/wp-content\/uploads\/2015\/03\/ffg006.png",940,650,false],"1536x1536":["https:\/\/stronghold-terrain.de\/wp-content\/uploads\/2015\/03\/ffg006.png",940,650,false],"2048x2048":["https:\/\/stronghold-terrain.de\/wp-content\/uploads\/2015\/03\/ffg006.png",940,650,false],"woocommerce_thumbnail":["https:\/\/stronghold-terrain.de\/wp-content\/uploads\/2015\/03\/ffg006-262x328.png",262,328,true],"woocommerce_single":["https:\/\/stronghold-terrain.de\/wp-content\/uploads\/2015\/03\/ffg006-555x384.png",555,384,true],"woocommerce_gallery_thumbnail":["https:\/\/stronghold-terrain.de\/wp-content\/uploads\/2015\/03\/ffg006-100x100.png",100,100,true],"woosq":["https:\/\/stronghold-terrain.de\/wp-content\/uploads\/2015\/03\/ffg006-460x460.png",460,460,true]},"uagb_author_info":{"display_name":"mediadesignlab","author_link":"https:\/\/stronghold-terrain.de\/en\/author\/"},"uagb_comment_info":0,"uagb_excerpt":"Die Box enth\u00e4lt insgesamt 24 detailierte Infantristen f\u00fcr die Ordensritter (12.-13. Jahrhundert) aus Kunststoff. Die Figuren k\u00f6nnen auf eine Vielzahl Arten zusammengebaut werden, wobei verschiedene Waffen (Speere, Schwerter, \u00c4xte, Streitkolben, Armbr\u00fcste), Schilde, K\u00f6pfe und andere Ausr\u00fcstungsoptionen zum Einsatz kommen. Insgesamt kann man mit dem Bausatz bis zu 12 Armbrustsch\u00fctzen, bis zu 12 Ordensritter zu Fu\u00df&hellip;","_links":{"self":[{"href":"https:\/\/stronghold-terrain.de\/en\/wp-json\/wp\/v2\/product\/426","targetHints":{"allow":["GET"]}}],"collection":[{"href":"https:\/\/stronghold-terrain.de\/en\/wp-json\/wp\/v2\/product"}],"about":[{"href":"https:\/\/stronghold-terrain.de\/en\/wp-json\/wp\/v2\/types\/product"}],"wp:featuredmedia":[{"embeddable":true,"href":"https:\/\/stronghold-terrain.de\/en\/wp-json\/wp\/v2\/media\/422"}],"wp:attachment":[{"href":"https:\/\/stronghold-terrain.de\/en\/wp-json\/wp\/v2\/media?parent=426"}],"wp:term":[{"taxonomy":"product_brand","embeddable":true,"href":"https:\/\/stronghold-terrain.de\/en\/wp-json\/wp\/v2\/product_brand?post=426"},{"taxonomy":"product_cat","embeddable":true,"href":"https:\/\/stronghold-terrain.de\/en\/wp-json\/wp\/v2\/product_cat?post=426"},{"taxonomy":"product_tag","embeddable":true,"href":"https:\/\/stronghold-terrain.de\/en\/wp-json\/wp\/v2\/product_tag?post=426"}],"curies":[{"name":"wp","href":"https:\/\/api.w.org\/{rel}","templated":true}]}}