{"id":438,"date":"2015-03-05T10:44:15","date_gmt":"2015-03-05T10:44:15","guid":{"rendered":"http:\/\/stronghold-terrain.de\/produkt\/mounted-sergeants\/"},"modified":"2026-02-11T22:06:57","modified_gmt":"2026-02-11T22:06:57","slug":"mounted-sergeants","status":"publish","type":"product","link":"https:\/\/stronghold-terrain.de\/en\/shop\/mounted-sergeants\/","title":{"rendered":"Mounted Sergeants (12)"},"content":{"rendered":"<p>Die Box enth\u00e4lt insgesamt 12 detailierte berittene Sergeanten aus Kunststoff auf unger\u00fcsteten Pferden.<\/p>\n<p>Die Sergeanten k\u00f6nnen auf eine Vielzahl Arten zusammengebaut werden, wobei verschiedene Waffen, Schilde, K\u00f6pfe und andere Ausr\u00fcstungsoptionen zum Einsatz kommen.<\/p>\n<p>Dar\u00fcber hinaus sind Teile f\u00fcr Musiker und Standartentr\u00e4ger enthalten.<\/p>\n<p>Die Box ist daher bestens geeignet, um f\u00fcr SAGA eine Ordensritter Armee zu beginnen.<\/p>\n<p>Viele Teile sind mit den andrern Baus\u00e4tzen Fireforge Games austauschbar.<\/p>\n<p>&nbsp;<\/p>\n","protected":false},"excerpt":{"rendered":"<p>Die Box enth\u00e4lt insgesamt 12 detailierte berittene Sergeanten aus Kunststoff auf unger\u00fcsteten Pferden. Die Sergeanten k\u00f6nnen auf eine Vielzahl Arten zusammengebaut werden, wobei verschiedene Waffen, Schilde, K\u00f6pfe und andere Ausr\u00fcstungsoptionen zum Einsatz kommen. Dar\u00fcber hinaus sind Teile f\u00fcr Musiker und Standartentr\u00e4ger enthalten. Die Box ist daher bestens geeignet, um f\u00fcr SAGA eine Ordensritter Armee zu [&hellip;]<\/p>\n","protected":false},"featured_media":435,"template":"","meta":{"_crdt_document":"","_uag_custom_page_level_css":"","site-sidebar-layout":"default","site-content-layout":"","ast-site-content-layout":"","site-content-style":"default","site-sidebar-style":"default","ast-global-header-display":"","ast-banner-title-visibility":"","ast-main-header-display":"","ast-hfb-above-header-display":"","ast-hfb-below-header-display":"","ast-hfb-mobile-header-display":"","site-post-title":"","ast-breadcrumbs-content":"","ast-featured-img":"","footer-sml-layout":"","theme-transparent-header-meta":"","adv-header-id-meta":"","stick-header-meta":"","header-above-stick-meta":"","header-main-stick-meta":"","header-below-stick-meta":"","astra-migrate-meta-layouts":"default","ast-page-background-enabled":"default","ast-page-background-meta":{"desktop":{"background-color":"var(--ast-global-color-4)","background-image":"","background-repeat":"repeat","background-position":"center center","background-size":"auto","background-attachment":"scroll","background-type":"","background-media":"","overlay-type":"","overlay-color":"","overlay-opacity":"","overlay-gradient":""},"tablet":{"background-color":"","background-image":"","background-repeat":"repeat","background-position":"center center","background-size":"auto","background-attachment":"scroll","background-type":"","background-media":"","overlay-type":"","overlay-color":"","overlay-opacity":"","overlay-gradient":""},"mobile":{"background-color":"","background-image":"","background-repeat":"repeat","background-position":"center center","background-size":"auto","background-attachment":"scroll","background-type":"","background-media":"","overlay-type":"","overlay-color":"","overlay-opacity":"","overlay-gradient":""}},"ast-content-background-meta":{"desktop":{"background-color":"var(--ast-global-color-5)","background-image":"","background-repeat":"repeat","background-position":"center center","background-size":"auto","background-attachment":"scroll","background-type":"","background-media":"","overlay-type":"","overlay-color":"","overlay-opacity":"","overlay-gradient":""},"tablet":{"background-color":"var(--ast-global-color-5)","background-image":"","background-repeat":"repeat","background-position":"center center","background-size":"auto","background-attachment":"scroll","background-type":"","background-media":"","overlay-type":"","overlay-color":"","overlay-opacity":"","overlay-gradient":""},"mobile":{"background-color":"var(--ast-global-color-5)","background-image":"","background-repeat":"repeat","background-position":"center center","background-size":"auto","background-attachment":"scroll","background-type":"","background-media":"","overlay-type":"","overlay-color":"","overlay-opacity":"","overlay-gradient":""}}},"product_brand":[],"product_cat":[477,478],"product_tag":[],"class_list":{"0":"post-438","1":"product","2":"type-product","3":"status-publish","4":"has-post-thumbnail","6":"product_cat-fireforge-games","7":"product_cat-fireforge-games-kunststoffsets","8":"pa_delivery_conditions-21-bausatz_unbemalt","9":"pa_delivery_time-41-2-3tage","10":"pa_dimension-29-28mm","11":"pa_material-96-kunststoff","12":"desktop-align-left","13":"tablet-align-left","14":"mobile-align-left","16":"first","17":"instock","18":"sale","19":"taxable","20":"shipping-taxable","21":"purchasable","22":"product-type-simple"},"uagb_featured_image_src":{"full":["https:\/\/stronghold-terrain.de\/wp-content\/uploads\/2015\/03\/ff_mounted_sergeants1.png",943,640,false],"thumbnail":["https:\/\/stronghold-terrain.de\/wp-content\/uploads\/2015\/03\/ff_mounted_sergeants1-150x150.png",150,150,true],"medium":["https:\/\/stronghold-terrain.de\/wp-content\/uploads\/2015\/03\/ff_mounted_sergeants1-300x204.png",300,204,true],"medium_large":["https:\/\/stronghold-terrain.de\/wp-content\/uploads\/2015\/03\/ff_mounted_sergeants1-768x521.png",768,521,true],"large":["https:\/\/stronghold-terrain.de\/wp-content\/uploads\/2015\/03\/ff_mounted_sergeants1.png",943,640,false],"1536x1536":["https:\/\/stronghold-terrain.de\/wp-content\/uploads\/2015\/03\/ff_mounted_sergeants1.png",943,640,false],"2048x2048":["https:\/\/stronghold-terrain.de\/wp-content\/uploads\/2015\/03\/ff_mounted_sergeants1.png",943,640,false],"woocommerce_thumbnail":["https:\/\/stronghold-terrain.de\/wp-content\/uploads\/2015\/03\/ff_mounted_sergeants1-262x328.png",262,328,true],"woocommerce_single":["https:\/\/stronghold-terrain.de\/wp-content\/uploads\/2015\/03\/ff_mounted_sergeants1-555x377.png",555,377,true],"woocommerce_gallery_thumbnail":["https:\/\/stronghold-terrain.de\/wp-content\/uploads\/2015\/03\/ff_mounted_sergeants1-100x100.png",100,100,true],"woosq":["https:\/\/stronghold-terrain.de\/wp-content\/uploads\/2015\/03\/ff_mounted_sergeants1-460x460.png",460,460,true]},"uagb_author_info":{"display_name":"mediadesignlab","author_link":"https:\/\/stronghold-terrain.de\/en\/author\/"},"uagb_comment_info":0,"uagb_excerpt":"Die Box enth\u00e4lt insgesamt 12 detailierte berittene Sergeanten aus Kunststoff auf unger\u00fcsteten Pferden. Die Sergeanten k\u00f6nnen auf eine Vielzahl Arten zusammengebaut werden, wobei verschiedene Waffen, Schilde, K\u00f6pfe und andere Ausr\u00fcstungsoptionen zum Einsatz kommen. Dar\u00fcber hinaus sind Teile f\u00fcr Musiker und Standartentr\u00e4ger enthalten. Die Box ist daher bestens geeignet, um f\u00fcr SAGA eine Ordensritter Armee zu&hellip;","_links":{"self":[{"href":"https:\/\/stronghold-terrain.de\/en\/wp-json\/wp\/v2\/product\/438","targetHints":{"allow":["GET"]}}],"collection":[{"href":"https:\/\/stronghold-terrain.de\/en\/wp-json\/wp\/v2\/product"}],"about":[{"href":"https:\/\/stronghold-terrain.de\/en\/wp-json\/wp\/v2\/types\/product"}],"wp:featuredmedia":[{"embeddable":true,"href":"https:\/\/stronghold-terrain.de\/en\/wp-json\/wp\/v2\/media\/435"}],"wp:attachment":[{"href":"https:\/\/stronghold-terrain.de\/en\/wp-json\/wp\/v2\/media?parent=438"}],"wp:term":[{"taxonomy":"product_brand","embeddable":true,"href":"https:\/\/stronghold-terrain.de\/en\/wp-json\/wp\/v2\/product_brand?post=438"},{"taxonomy":"product_cat","embeddable":true,"href":"https:\/\/stronghold-terrain.de\/en\/wp-json\/wp\/v2\/product_cat?post=438"},{"taxonomy":"product_tag","embeddable":true,"href":"https:\/\/stronghold-terrain.de\/en\/wp-json\/wp\/v2\/product_tag?post=438"}],"curies":[{"name":"wp","href":"https:\/\/api.w.org\/{rel}","templated":true}]}}