{"id":47108,"date":"2022-01-21T08:45:33","date_gmt":"2022-01-21T08:45:33","guid":{"rendered":"https:\/\/stronghold-terrain.de\/?post_type=product&#038;p=47108"},"modified":"2025-07-07T07:24:30","modified_gmt":"2025-07-07T07:24:30","slug":"vallejo-model-color-model-color-french-infantry-napoleonic-wars-paint-set-6-8-kopie","status":"publish","type":"product","link":"https:\/\/stronghold-terrain.de\/en\/shop\/vallejo-model-color-model-color-french-infantry-napoleonic-wars-paint-set-6-8-kopie\/","title":{"rendered":"Vallejo Model Color: Model Color: British Infantry Napoleonic Wars Paint Set (8)"},"content":{"rendered":"<p>Die rot gerockten Soldaten der britischen Infanterie bildeten die einzige Kraft, die der Macht der franz\u00f6sischen Armee der Napoleonischen Kriege standhalten konnte. Die britische Armee und ihre Verb\u00fcndeten k\u00e4mpften von Portugal bis Belgien und beendeten schlie\u00dflich in der Schlacht von Waterloo die Macht von Napoleons Frankreich: Die verheerenden Salven, die von den gut disziplinierten britischen Regimentslinien entfesselt wurden, erwiesen sich auf vielen europ\u00e4ischen Schlachtfeldern als Match f\u00fcr die franz\u00f6sische Armee.<\/p>\n<p><strong>Enth\u00e4lt: 8x17ml. \/ 0.57 Fl Oz<\/strong><\/p>\n","protected":false},"excerpt":{"rendered":"<p>Die rot gerockten Soldaten der britischen Infanterie bildeten die einzige Kraft, die der Macht der franz\u00f6sischen Armee der Napoleonischen Kriege standhalten konnte. Die britische Armee und ihre Verb\u00fcndeten k\u00e4mpften von Portugal bis Belgien und beendeten schlie\u00dflich in der Schlacht von Waterloo die Macht von Napoleons Frankreich: Die verheerenden Salven, die von den gut disziplinierten britischen [&hellip;]<\/p>\n","protected":false},"featured_media":47109,"template":"","meta":{"_crdt_document":"","_uag_custom_page_level_css":"","site-sidebar-layout":"default","site-content-layout":"","ast-site-content-layout":"","site-content-style":"default","site-sidebar-style":"default","ast-global-header-display":"","ast-banner-title-visibility":"","ast-main-header-display":"","ast-hfb-above-header-display":"","ast-hfb-below-header-display":"","ast-hfb-mobile-header-display":"","site-post-title":"","ast-breadcrumbs-content":"","ast-featured-img":"","footer-sml-layout":"","theme-transparent-header-meta":"","adv-header-id-meta":"","stick-header-meta":"","header-above-stick-meta":"","header-main-stick-meta":"","header-below-stick-meta":"","astra-migrate-meta-layouts":"default","ast-page-background-enabled":"default","ast-page-background-meta":{"desktop":{"background-color":"var(--ast-global-color-4)","background-image":"","background-repeat":"repeat","background-position":"center center","background-size":"auto","background-attachment":"scroll","background-type":"","background-media":"","overlay-type":"","overlay-color":"","overlay-opacity":"","overlay-gradient":""},"tablet":{"background-color":"","background-image":"","background-repeat":"repeat","background-position":"center center","background-size":"auto","background-attachment":"scroll","background-type":"","background-media":"","overlay-type":"","overlay-color":"","overlay-opacity":"","overlay-gradient":""},"mobile":{"background-color":"","background-image":"","background-repeat":"repeat","background-position":"center center","background-size":"auto","background-attachment":"scroll","background-type":"","background-media":"","overlay-type":"","overlay-color":"","overlay-opacity":"","overlay-gradient":""}},"ast-content-background-meta":{"desktop":{"background-color":"var(--ast-global-color-5)","background-image":"","background-repeat":"repeat","background-position":"center center","background-size":"auto","background-attachment":"scroll","background-type":"","background-media":"","overlay-type":"","overlay-color":"","overlay-opacity":"","overlay-gradient":""},"tablet":{"background-color":"var(--ast-global-color-5)","background-image":"","background-repeat":"repeat","background-position":"center center","background-size":"auto","background-attachment":"scroll","background-type":"","background-media":"","overlay-type":"","overlay-color":"","overlay-opacity":"","overlay-gradient":""},"mobile":{"background-color":"var(--ast-global-color-5)","background-image":"","background-repeat":"repeat","background-position":"center center","background-size":"auto","background-attachment":"scroll","background-type":"","background-media":"","overlay-type":"","overlay-color":"","overlay-opacity":"","overlay-gradient":""}}},"product_brand":[],"product_cat":[518],"product_tag":[],"class_list":{"0":"post-47108","1":"product","2":"type-product","3":"status-publish","4":"has-post-thumbnail","6":"product_cat-farben-vallejo","7":"pa_delivery_conditions-21-bausatz_unbemalt","8":"pa_delivery_time-2-3","9":"pa_dimension-29-28mm","10":"pa_material-35-weimetall","11":"pa_teile-40-4","12":"desktop-align-left","13":"tablet-align-left","14":"mobile-align-left","16":"first","17":"outofstock","18":"taxable","19":"shipping-taxable","20":"purchasable","21":"product-type-simple"},"uagb_featured_image_src":{"full":["https:\/\/stronghold-terrain.de\/wp-content\/uploads\/2022\/01\/VA70163-Vallejo-Model-Color-Model-Color-British-Infantry-Napoleonic-Wars-Paint-Set-6.jpg",1181,632,false],"thumbnail":["https:\/\/stronghold-terrain.de\/wp-content\/uploads\/2022\/01\/VA70163-Vallejo-Model-Color-Model-Color-British-Infantry-Napoleonic-Wars-Paint-Set-6-150x150.jpg",150,150,true],"medium":["https:\/\/stronghold-terrain.de\/wp-content\/uploads\/2022\/01\/VA70163-Vallejo-Model-Color-Model-Color-British-Infantry-Napoleonic-Wars-Paint-Set-6-300x161.jpg",300,161,true],"medium_large":["https:\/\/stronghold-terrain.de\/wp-content\/uploads\/2022\/01\/VA70163-Vallejo-Model-Color-Model-Color-British-Infantry-Napoleonic-Wars-Paint-Set-6-768x411.jpg",768,411,true],"large":["https:\/\/stronghold-terrain.de\/wp-content\/uploads\/2022\/01\/VA70163-Vallejo-Model-Color-Model-Color-British-Infantry-Napoleonic-Wars-Paint-Set-6-1024x548.jpg",1024,548,true],"1536x1536":["https:\/\/stronghold-terrain.de\/wp-content\/uploads\/2022\/01\/VA70163-Vallejo-Model-Color-Model-Color-British-Infantry-Napoleonic-Wars-Paint-Set-6.jpg",1181,632,false],"2048x2048":["https:\/\/stronghold-terrain.de\/wp-content\/uploads\/2022\/01\/VA70163-Vallejo-Model-Color-Model-Color-British-Infantry-Napoleonic-Wars-Paint-Set-6.jpg",1181,632,false],"woocommerce_thumbnail":["https:\/\/stronghold-terrain.de\/wp-content\/uploads\/2022\/01\/VA70163-Vallejo-Model-Color-Model-Color-British-Infantry-Napoleonic-Wars-Paint-Set-6-262x328.jpg",262,328,true],"woocommerce_single":["https:\/\/stronghold-terrain.de\/wp-content\/uploads\/2022\/01\/VA70163-Vallejo-Model-Color-Model-Color-British-Infantry-Napoleonic-Wars-Paint-Set-6-555x297.jpg",555,297,true],"woocommerce_gallery_thumbnail":["https:\/\/stronghold-terrain.de\/wp-content\/uploads\/2022\/01\/VA70163-Vallejo-Model-Color-Model-Color-British-Infantry-Napoleonic-Wars-Paint-Set-6-100x100.jpg",100,100,true],"woosq":["https:\/\/stronghold-terrain.de\/wp-content\/uploads\/2022\/01\/VA70163-Vallejo-Model-Color-Model-Color-British-Infantry-Napoleonic-Wars-Paint-Set-6-460x460.jpg",460,460,true]},"uagb_author_info":{"display_name":"Mirco Wenning","author_link":"https:\/\/stronghold-terrain.de\/en\/author\/"},"uagb_comment_info":0,"uagb_excerpt":"Die rot gerockten Soldaten der britischen Infanterie bildeten die einzige Kraft, die der Macht der franz\u00f6sischen Armee der Napoleonischen Kriege standhalten konnte. Die britische Armee und ihre Verb\u00fcndeten k\u00e4mpften von Portugal bis Belgien und beendeten schlie\u00dflich in der Schlacht von Waterloo die Macht von Napoleons Frankreich: Die verheerenden Salven, die von den gut disziplinierten britischen&hellip;","_links":{"self":[{"href":"https:\/\/stronghold-terrain.de\/en\/wp-json\/wp\/v2\/product\/47108","targetHints":{"allow":["GET"]}}],"collection":[{"href":"https:\/\/stronghold-terrain.de\/en\/wp-json\/wp\/v2\/product"}],"about":[{"href":"https:\/\/stronghold-terrain.de\/en\/wp-json\/wp\/v2\/types\/product"}],"wp:featuredmedia":[{"embeddable":true,"href":"https:\/\/stronghold-terrain.de\/en\/wp-json\/wp\/v2\/media\/47109"}],"wp:attachment":[{"href":"https:\/\/stronghold-terrain.de\/en\/wp-json\/wp\/v2\/media?parent=47108"}],"wp:term":[{"taxonomy":"product_brand","embeddable":true,"href":"https:\/\/stronghold-terrain.de\/en\/wp-json\/wp\/v2\/product_brand?post=47108"},{"taxonomy":"product_cat","embeddable":true,"href":"https:\/\/stronghold-terrain.de\/en\/wp-json\/wp\/v2\/product_cat?post=47108"},{"taxonomy":"product_tag","embeddable":true,"href":"https:\/\/stronghold-terrain.de\/en\/wp-json\/wp\/v2\/product_tag?post=47108"}],"curies":[{"name":"wp","href":"https:\/\/api.w.org\/{rel}","templated":true}]}}