{"id":50423,"date":"2022-07-01T15:11:32","date_gmt":"2022-07-01T15:11:32","guid":{"rendered":"https:\/\/stronghold-terrain.de\/?post_type=product&#038;p=50423"},"modified":"2026-03-31T11:11:23","modified_gmt":"2026-03-31T11:11:23","slug":"vorbestellung-saga-aera-der-invasionen-gratis-sachsen-kriegsherr","status":"publish","type":"product","link":"https:\/\/stronghold-terrain.de\/en\/shop\/vorbestellung-saga-aera-der-invasionen-gratis-sachsen-kriegsherr\/","title":{"rendered":"SAGA \u00c4ra der Invasionen + Gratis Sachsen Kriegsherr"},"content":{"rendered":"<p><em>Das R\u00f6mische Reich pr\u00e4gte f\u00fcnf Jahrhunderte lang die Weltgeschichte, unterwarf <\/em><em>Millionen Menschen und herrschte \u00fcber weite Teile der bekannten Welt. Zu Beginn <\/em><em>des f\u00fcnften Jahrhunderts \u00fcberquerten Barbaren aus Germanien im Winter den <\/em><em>gefrorenen Rhein und lie\u00dfen sich innerhalb der Reichsgrenzen nieder \u2013 der Beginn <\/em><em>schwerer Zeiten f\u00fcr Rom. Dieser \u00dcberfall und der darauf folgende Landverlust <\/em><em>lie\u00dfen das Reich erzittern und k\u00fcndeten vom langsamen Fall des Adlers. Als Reaktion <\/em><em>kehrten die R\u00f6mer Britannien den R\u00fccken, so dass die dort lebenden Romano-Briten <\/em><em>ihren Feinden von nun an alleine gegen\u00fcberstanden.<\/em><\/p>\n<p><em>Im Laufe der folgenden hundert Jahre musste der Westen des Reiches immer wieder <\/em><em>Angriffe von Eindringlingen abwehren, die das Reich pl\u00fcndern oder dort siedeln <\/em><em>wollten. Sachsen, Goten, Pikten und Hunnen waren nur einige der Barbaren, die Rom <\/em><em>zu f\u00fcrchten lernte. Auch im Osten war die Lage kaum besser, denn dort lauerte das <\/em><em>m\u00e4chtige Reich der Sassaniden, gegen das die R\u00f6mer bereits fast zweihundert Jahre <\/em><em>lang Krieg gef\u00fchrt hatten.<\/em><\/p>\n<p><em>Im Jahr 476 brach der westliche Teil des Reiches schlie\u00dflich zusammen, als sein Kaiser <\/em><em>von einem Barbarenh\u00e4uptling abgesetzt wurde. Die folgende Zeit der Instabilit\u00e4t <\/em><em>ging als dunkles Zeitalter in die Geschichte ein und endete erst im Jahr 1066.<\/em><\/p>\n<p><strong>Fakten:<\/strong><\/p>\n<ul>\n<li>96 Seiten Hardcover mit Leseb\u00e4ndchen<\/li>\n<li>8 Papp-Schlachtpl\u00e4ne<\/li>\n<li>Gratisminiatur &#8211; Sachsen Kriegsherr<\/li>\n<li>3 neue Szenarios<\/li>\n<li>Limes &#8211; 2 Spieler Kampagnenregeln<\/li>\n<li>Im Vergleich zur englischen Version (massiv) erratiert<\/li>\n<li>8 Fraktionen\n<ul>\n<li>R\u00f6mer<\/li>\n<li>Hunnen<\/li>\n<li>Goten<\/li>\n<li>Briten<\/li>\n<li>Sachsen<\/li>\n<li>Pikten<\/li>\n<li>Franken<\/li>\n<li>Sassaniden<\/li>\n<\/ul>\n<\/li>\n<li>4 weitere Fraktionen &#8211; Alte Freunde neue Feinde<\/li>\n<li>\u00a011 S\u00f6ldnereinheiten<\/li>\n<\/ul>\n<p>Der gute Wraith von Wraith Crypt hat das Buch einmal vollst\u00e4ndig vorgestellt. \u00dcber ein Abo seines richtig guten Kanals freut er sich immer!<\/p>\n<div class=\"ast-oembed-container \" style=\"height: 100%;\"><iframe loading=\"lazy\" title=\"Review: Ein Blick in \u00c4ra der Invasionen - neues Erweiterungsbuch\" width=\"500\" height=\"281\" src=\"https:\/\/www.youtube.com\/embed\/BWhv_963z4o?feature=oembed\" frameborder=\"0\" allow=\"accelerometer; autoplay; clipboard-write; encrypted-media; gyroscope; picture-in-picture; web-share\" referrerpolicy=\"strict-origin-when-cross-origin\" allowfullscreen><\/iframe><\/div>\n<p>&nbsp;<\/p>\n<p><strong>Vergleich \u00c4ra der Invasionen &#8211; Aetius &amp; Arthur<\/strong><\/p>\n<p>Bei dieser Neuauflage des SAGA Erweiterungsbandes, der erstmals 2017 unter dem Titel SAGA Aetius &amp; Arthur erschien, handelt es sich um eine vollst\u00e4ndig \u00fcberarbeite und erweiterte Version.<\/p>\n<p>Dier 2017 Version erschien zwischen dem Ausklang der ersten SAGA Edition und der schon am Horizont auftauchenden zweiten Edition, die dann 2018 erschien. Auch das offizielle Update FAQ Pack, konnte das Buch nie ganz in die zweite Edition retten.<\/p>\n<p>Und das hat eine so umtriebige und spannende Epoche wie die Zeit der V\u00f6lkerwanderung nicht verdient.<\/p>\n<p>\u00c4ra der Invasionen enth\u00e4lt die 6 Fraktionen aus Aetius &amp; Arthur sowie zwei v\u00f6llig neue namentlich die Sassaniden (Sp\u00e4tperser mit Elefanten) und die Franken. Dabei sei gesagt, dass alle enthaltenen Schlachtpl\u00e4ne v\u00f6llig neu konzipiert und auf einander abgestimmt sind. Mit 4 weiteren Fraktionen, die im Kapitel &#8220;Alte Freunde neue Feinde&#8221; vorgestellt sind (Skoten, Alt Clut &amp; Manaw Gododdin,\u00a0 die Cymry und die Vandalen) umfasst die Epoche nun insgesamt 12 spielbare Fraktionen.<\/p>\n<p>Auch die Limeskampagne wurde in vielen Details \u00fcberarbeitet und diverse Regell\u00fccken oder Unklarheiten bereinigt.<\/p>\n<p>SAGA \u00c4ra der Invasionen ist, wenn man Aetius &amp; Arthur kennt, kein v\u00f6llig neues Buch, aber endlich die Erweiterung f\u00fcr die zweite SAGA Edition, die diese spannende Epoche verdient hat.<\/p>\n<p>&nbsp;<\/p>\n<p>&nbsp;<\/p>\n<p>&nbsp;<\/p>\n","protected":false},"excerpt":{"rendered":"<p>Das R\u00f6mische Reich pr\u00e4gte f\u00fcnf Jahrhunderte lang die Weltgeschichte, unterwarf Millionen Menschen und herrschte \u00fcber weite Teile der bekannten Welt. Zu Beginn des f\u00fcnften Jahrhunderts \u00fcberquerten Barbaren aus Germanien im Winter den gefrorenen Rhein und lie\u00dfen sich innerhalb der Reichsgrenzen nieder \u2013 der Beginn schwerer Zeiten f\u00fcr Rom. Dieser \u00dcberfall und der darauf folgende Landverlust [&hellip;]<\/p>\n","protected":false},"featured_media":50751,"template":"","meta":{"_crdt_document":"","_uag_custom_page_level_css":"","site-sidebar-layout":"default","site-content-layout":"","ast-site-content-layout":"","site-content-style":"default","site-sidebar-style":"default","ast-global-header-display":"","ast-banner-title-visibility":"","ast-main-header-display":"","ast-hfb-above-header-display":"","ast-hfb-below-header-display":"","ast-hfb-mobile-header-display":"","site-post-title":"","ast-breadcrumbs-content":"","ast-featured-img":"","footer-sml-layout":"","theme-transparent-header-meta":"","adv-header-id-meta":"","stick-header-meta":"","header-above-stick-meta":"","header-main-stick-meta":"","header-below-stick-meta":"","astra-migrate-meta-layouts":"default","ast-page-background-enabled":"default","ast-page-background-meta":{"desktop":{"background-color":"var(--ast-global-color-4)","background-image":"","background-repeat":"repeat","background-position":"center center","background-size":"auto","background-attachment":"scroll","background-type":"","background-media":"","overlay-type":"","overlay-color":"","overlay-opacity":"","overlay-gradient":""},"tablet":{"background-color":"","background-image":"","background-repeat":"repeat","background-position":"center center","background-size":"auto","background-attachment":"scroll","background-type":"","background-media":"","overlay-type":"","overlay-color":"","overlay-opacity":"","overlay-gradient":""},"mobile":{"background-color":"","background-image":"","background-repeat":"repeat","background-position":"center center","background-size":"auto","background-attachment":"scroll","background-type":"","background-media":"","overlay-type":"","overlay-color":"","overlay-opacity":"","overlay-gradient":""}},"ast-content-background-meta":{"desktop":{"background-color":"var(--ast-global-color-5)","background-image":"","background-repeat":"repeat","background-position":"center center","background-size":"auto","background-attachment":"scroll","background-type":"","background-media":"","overlay-type":"","overlay-color":"","overlay-opacity":"","overlay-gradient":""},"tablet":{"background-color":"var(--ast-global-color-5)","background-image":"","background-repeat":"repeat","background-position":"center center","background-size":"auto","background-attachment":"scroll","background-type":"","background-media":"","overlay-type":"","overlay-color":"","overlay-opacity":"","overlay-gradient":""},"mobile":{"background-color":"var(--ast-global-color-5)","background-image":"","background-repeat":"repeat","background-position":"center center","background-size":"auto","background-attachment":"scroll","background-type":"","background-media":"","overlay-type":"","overlay-color":"","overlay-opacity":"","overlay-gradient":""}}},"product_brand":[],"product_cat":[741,236],"product_tag":[1304],"class_list":{"0":"post-50423","1":"product","2":"type-product","3":"status-publish","4":"has-post-thumbnail","6":"product_cat-regelbuecher-deutsch","7":"product_cat-saga-rules","8":"product_tag-regelbuch","9":"pa_delivery_conditions-31-neu","10":"pa_delivery_time-anfang-maerz","11":"pa_dimension-22-a4","12":"pa_material-24-papier","13":"pa_teile-49-6","14":"desktop-align-left","15":"tablet-align-left","16":"mobile-align-left","18":"first","19":"instock","20":"taxable","21":"shipping-taxable","22":"purchasable","23":"product-type-simple"},"uagb_featured_image_src":{"full":["https:\/\/stronghold-terrain.de\/wp-content\/uploads\/2022\/07\/SARB65-Aera-der-Invasionen-Cover-Aelle.jpg",734,1024,false],"thumbnail":["https:\/\/stronghold-terrain.de\/wp-content\/uploads\/2022\/07\/SARB65-Aera-der-Invasionen-Cover-Aelle-150x150.jpg",150,150,true],"medium":["https:\/\/stronghold-terrain.de\/wp-content\/uploads\/2022\/07\/SARB65-Aera-der-Invasionen-Cover-Aelle-215x300.jpg",215,300,true],"medium_large":["https:\/\/stronghold-terrain.de\/wp-content\/uploads\/2022\/07\/SARB65-Aera-der-Invasionen-Cover-Aelle.jpg",734,1024,false],"large":["https:\/\/stronghold-terrain.de\/wp-content\/uploads\/2022\/07\/SARB65-Aera-der-Invasionen-Cover-Aelle.jpg",734,1024,false],"1536x1536":["https:\/\/stronghold-terrain.de\/wp-content\/uploads\/2022\/07\/SARB65-Aera-der-Invasionen-Cover-Aelle.jpg",734,1024,false],"2048x2048":["https:\/\/stronghold-terrain.de\/wp-content\/uploads\/2022\/07\/SARB65-Aera-der-Invasionen-Cover-Aelle.jpg",734,1024,false],"woocommerce_thumbnail":["https:\/\/stronghold-terrain.de\/wp-content\/uploads\/2022\/07\/SARB65-Aera-der-Invasionen-Cover-Aelle-262x328.jpg",262,328,true],"woocommerce_single":["https:\/\/stronghold-terrain.de\/wp-content\/uploads\/2022\/07\/SARB65-Aera-der-Invasionen-Cover-Aelle-555x774.jpg",555,774,true],"woocommerce_gallery_thumbnail":["https:\/\/stronghold-terrain.de\/wp-content\/uploads\/2022\/07\/SARB65-Aera-der-Invasionen-Cover-Aelle-100x100.jpg",100,100,true],"woosq":["https:\/\/stronghold-terrain.de\/wp-content\/uploads\/2022\/07\/SARB65-Aera-der-Invasionen-Cover-Aelle-460x460.jpg",460,460,true]},"uagb_author_info":{"display_name":"Mirco Wenning","author_link":"https:\/\/stronghold-terrain.de\/en\/author\/"},"uagb_comment_info":0,"uagb_excerpt":"Das R\u00f6mische Reich pr\u00e4gte f\u00fcnf Jahrhunderte lang die Weltgeschichte, unterwarf Millionen Menschen und herrschte \u00fcber weite Teile der bekannten Welt. Zu Beginn des f\u00fcnften Jahrhunderts \u00fcberquerten Barbaren aus Germanien im Winter den gefrorenen Rhein und lie\u00dfen sich innerhalb der Reichsgrenzen nieder \u2013 der Beginn schwerer Zeiten f\u00fcr Rom. Dieser \u00dcberfall und der darauf folgende Landverlust&hellip;","_links":{"self":[{"href":"https:\/\/stronghold-terrain.de\/en\/wp-json\/wp\/v2\/product\/50423","targetHints":{"allow":["GET"]}}],"collection":[{"href":"https:\/\/stronghold-terrain.de\/en\/wp-json\/wp\/v2\/product"}],"about":[{"href":"https:\/\/stronghold-terrain.de\/en\/wp-json\/wp\/v2\/types\/product"}],"wp:featuredmedia":[{"embeddable":true,"href":"https:\/\/stronghold-terrain.de\/en\/wp-json\/wp\/v2\/media\/50751"}],"wp:attachment":[{"href":"https:\/\/stronghold-terrain.de\/en\/wp-json\/wp\/v2\/media?parent=50423"}],"wp:term":[{"taxonomy":"product_brand","embeddable":true,"href":"https:\/\/stronghold-terrain.de\/en\/wp-json\/wp\/v2\/product_brand?post=50423"},{"taxonomy":"product_cat","embeddable":true,"href":"https:\/\/stronghold-terrain.de\/en\/wp-json\/wp\/v2\/product_cat?post=50423"},{"taxonomy":"product_tag","embeddable":true,"href":"https:\/\/stronghold-terrain.de\/en\/wp-json\/wp\/v2\/product_tag?post=50423"}],"curies":[{"name":"wp","href":"https:\/\/api.w.org\/{rel}","templated":true}]}}