{"id":50590,"date":"2022-07-07T09:45:00","date_gmt":"2022-07-07T09:45:00","guid":{"rendered":"https:\/\/stronghold-terrain.de\/?post_type=product&#038;p=50590"},"modified":"2026-03-08T20:05:16","modified_gmt":"2026-03-08T20:05:16","slug":"saga-szenario-generator-kartenset-30","status":"publish","type":"product","link":"https:\/\/stronghold-terrain.de\/en\/shop\/saga-szenario-generator-kartenset-30\/","title":{"rendered":"SAGA Szenario Generator Kartenset (30)"},"content":{"rendered":"<p>Das Kartenset enth\u00e4lt insgesamt 30 unterschiedliche Karten, die in 5 Themengebiete (siehe unten)\u00a0 zu je 6 Karten unterteilt sind.<\/p>\n<p><em>Der SAGA Szenario Band &#8220;Buch der Schlachten&#8221;\u00a0 enth\u00e4lt einen Szenario Generator genannt &#8220;Kampf der Helden&#8221;.<\/em><\/p>\n<p><em>Dieses Szenario bietet zahlreiche Variablen, die insgesamt f\u00fcnf Kategorien abdecken: Gel\u00e4ndeaufbau, Aufstellung, Spieldauer, Sonderregel und Siegbedingungen. F\u00fcr jede Kategorie gibt es sechs verschiedene Varianten, also sechs Arten, das Gel\u00e4nde zu platzieren, sechs spezifische Siegbedingungen, etc.<\/em><\/p>\n<p><em>Kampf der Helden ist ein Szenario, das alle m\u00f6glichen Varianten der f\u00fcnf Kategorien zu einer einzigartigen Kombination<\/em><br \/>\n<em>vereint!<\/em><br \/>\n<em>Es gibt verschiedene Methoden, wie die unterschiedlichen Varianten der f\u00fcnf Kategorien bestimmt werden k\u00f6nnen. Manche sind restriktiver und zeitaufw\u00e4ndiger als andere, und jede Spielergruppe d\u00fcrfte eigene Vorlieben haben.<\/em><\/p>\n<p>Das Kartenset ist \u00e4u\u00dferst praktisch, wenn du so das ermittelte Szenario mit seiner Zusammensetzung an Aufstellung, Spieldauer, Sonderregeln usw. neben das Spielfeld legen kannst.<\/p>\n<p>&nbsp;<\/p>\n<p>&nbsp;<\/p>\n<p><strong>\u00a0<\/strong><\/p>\n","protected":false},"excerpt":{"rendered":"<p>Das Kartenset enth\u00e4lt insgesamt 30 unterschiedliche Karten, die in 5 Themengebiete (siehe unten)\u00a0 zu je 6 Karten unterteilt sind. Der SAGA Szenario Band &#8220;Buch der Schlachten&#8221;\u00a0 enth\u00e4lt einen Szenario Generator genannt &#8220;Kampf der Helden&#8221;. Dieses Szenario bietet zahlreiche Variablen, die insgesamt f\u00fcnf Kategorien abdecken: Gel\u00e4ndeaufbau, Aufstellung, Spieldauer, Sonderregel und Siegbedingungen. F\u00fcr jede Kategorie gibt es [&hellip;]<\/p>\n","protected":false},"featured_media":50589,"template":"","meta":{"_crdt_document":"","_uag_custom_page_level_css":"","site-sidebar-layout":"default","site-content-layout":"","ast-site-content-layout":"","site-content-style":"default","site-sidebar-style":"default","ast-global-header-display":"","ast-banner-title-visibility":"","ast-main-header-display":"","ast-hfb-above-header-display":"","ast-hfb-below-header-display":"","ast-hfb-mobile-header-display":"","site-post-title":"","ast-breadcrumbs-content":"","ast-featured-img":"","footer-sml-layout":"","theme-transparent-header-meta":"","adv-header-id-meta":"","stick-header-meta":"","header-above-stick-meta":"","header-main-stick-meta":"","header-below-stick-meta":"","astra-migrate-meta-layouts":"default","ast-page-background-enabled":"default","ast-page-background-meta":{"desktop":{"background-color":"var(--ast-global-color-4)","background-image":"","background-repeat":"repeat","background-position":"center center","background-size":"auto","background-attachment":"scroll","background-type":"","background-media":"","overlay-type":"","overlay-color":"","overlay-opacity":"","overlay-gradient":""},"tablet":{"background-color":"","background-image":"","background-repeat":"repeat","background-position":"center center","background-size":"auto","background-attachment":"scroll","background-type":"","background-media":"","overlay-type":"","overlay-color":"","overlay-opacity":"","overlay-gradient":""},"mobile":{"background-color":"","background-image":"","background-repeat":"repeat","background-position":"center center","background-size":"auto","background-attachment":"scroll","background-type":"","background-media":"","overlay-type":"","overlay-color":"","overlay-opacity":"","overlay-gradient":""}},"ast-content-background-meta":{"desktop":{"background-color":"var(--ast-global-color-5)","background-image":"","background-repeat":"repeat","background-position":"center center","background-size":"auto","background-attachment":"scroll","background-type":"","background-media":"","overlay-type":"","overlay-color":"","overlay-opacity":"","overlay-gradient":""},"tablet":{"background-color":"var(--ast-global-color-5)","background-image":"","background-repeat":"repeat","background-position":"center center","background-size":"auto","background-attachment":"scroll","background-type":"","background-media":"","overlay-type":"","overlay-color":"","overlay-opacity":"","overlay-gradient":""},"mobile":{"background-color":"var(--ast-global-color-5)","background-image":"","background-repeat":"repeat","background-position":"center center","background-size":"auto","background-attachment":"scroll","background-type":"","background-media":"","overlay-type":"","overlay-color":"","overlay-opacity":"","overlay-gradient":""}}},"product_brand":[],"product_cat":[741,236],"product_tag":[1304],"class_list":{"0":"post-50590","1":"product","2":"type-product","3":"status-publish","4":"has-post-thumbnail","6":"product_cat-regelbuecher-deutsch","7":"product_cat-saga-rules","8":"product_tag-regelbuch","9":"pa_delivery_conditions-31-neu","10":"pa_delivery_time-mitte-november","11":"pa_dimension-22-a4","12":"pa_material-24-papier","13":"pa_teile-49-6","14":"desktop-align-left","15":"tablet-align-left","16":"mobile-align-left","18":"first","19":"instock","20":"taxable","21":"shipping-taxable","22":"purchasable","23":"product-type-simple"},"uagb_featured_image_src":{"full":["https:\/\/stronghold-terrain.de\/wp-content\/uploads\/2019\/01\/SARB25K-Kartenset-Buch-der-Schlachten.jpg",1024,955,false],"thumbnail":["https:\/\/stronghold-terrain.de\/wp-content\/uploads\/2019\/01\/SARB25K-Kartenset-Buch-der-Schlachten-150x150.jpg",150,150,true],"medium":["https:\/\/stronghold-terrain.de\/wp-content\/uploads\/2019\/01\/SARB25K-Kartenset-Buch-der-Schlachten-300x280.jpg",300,280,true],"medium_large":["https:\/\/stronghold-terrain.de\/wp-content\/uploads\/2019\/01\/SARB25K-Kartenset-Buch-der-Schlachten-768x716.jpg",768,716,true],"large":["https:\/\/stronghold-terrain.de\/wp-content\/uploads\/2019\/01\/SARB25K-Kartenset-Buch-der-Schlachten.jpg",1024,955,false],"1536x1536":["https:\/\/stronghold-terrain.de\/wp-content\/uploads\/2019\/01\/SARB25K-Kartenset-Buch-der-Schlachten.jpg",1024,955,false],"2048x2048":["https:\/\/stronghold-terrain.de\/wp-content\/uploads\/2019\/01\/SARB25K-Kartenset-Buch-der-Schlachten.jpg",1024,955,false],"woocommerce_thumbnail":["https:\/\/stronghold-terrain.de\/wp-content\/uploads\/2019\/01\/SARB25K-Kartenset-Buch-der-Schlachten-262x328.jpg",262,328,true],"woocommerce_single":["https:\/\/stronghold-terrain.de\/wp-content\/uploads\/2019\/01\/SARB25K-Kartenset-Buch-der-Schlachten-555x518.jpg",555,518,true],"woocommerce_gallery_thumbnail":["https:\/\/stronghold-terrain.de\/wp-content\/uploads\/2019\/01\/SARB25K-Kartenset-Buch-der-Schlachten-100x100.jpg",100,100,true],"woosq":["https:\/\/stronghold-terrain.de\/wp-content\/uploads\/2019\/01\/SARB25K-Kartenset-Buch-der-Schlachten-460x460.jpg",460,460,true]},"uagb_author_info":{"display_name":"Mirco Wenning","author_link":"https:\/\/stronghold-terrain.de\/en\/author\/"},"uagb_comment_info":0,"uagb_excerpt":"Das Kartenset enth\u00e4lt insgesamt 30 unterschiedliche Karten, die in 5 Themengebiete (siehe unten)\u00a0 zu je 6 Karten unterteilt sind. Der SAGA Szenario Band &#8220;Buch der Schlachten&#8221;\u00a0 enth\u00e4lt einen Szenario Generator genannt &#8220;Kampf der Helden&#8221;. Dieses Szenario bietet zahlreiche Variablen, die insgesamt f\u00fcnf Kategorien abdecken: Gel\u00e4ndeaufbau, Aufstellung, Spieldauer, Sonderregel und Siegbedingungen. F\u00fcr jede Kategorie gibt es&hellip;","_links":{"self":[{"href":"https:\/\/stronghold-terrain.de\/en\/wp-json\/wp\/v2\/product\/50590","targetHints":{"allow":["GET"]}}],"collection":[{"href":"https:\/\/stronghold-terrain.de\/en\/wp-json\/wp\/v2\/product"}],"about":[{"href":"https:\/\/stronghold-terrain.de\/en\/wp-json\/wp\/v2\/types\/product"}],"wp:featuredmedia":[{"embeddable":true,"href":"https:\/\/stronghold-terrain.de\/en\/wp-json\/wp\/v2\/media\/50589"}],"wp:attachment":[{"href":"https:\/\/stronghold-terrain.de\/en\/wp-json\/wp\/v2\/media?parent=50590"}],"wp:term":[{"taxonomy":"product_brand","embeddable":true,"href":"https:\/\/stronghold-terrain.de\/en\/wp-json\/wp\/v2\/product_brand?post=50590"},{"taxonomy":"product_cat","embeddable":true,"href":"https:\/\/stronghold-terrain.de\/en\/wp-json\/wp\/v2\/product_cat?post=50590"},{"taxonomy":"product_tag","embeddable":true,"href":"https:\/\/stronghold-terrain.de\/en\/wp-json\/wp\/v2\/product_tag?post=50590"}],"curies":[{"name":"wp","href":"https:\/\/api.w.org\/{rel}","templated":true}]}}