{"id":51235,"date":"2022-08-29T15:09:17","date_gmt":"2022-08-29T15:09:17","guid":{"rendered":"https:\/\/stronghold-terrain.de\/?post_type=product&#038;p=51235"},"modified":"2025-12-23T08:56:38","modified_gmt":"2025-12-23T08:56:38","slug":"black-powder-ii-rulebook-german-softback","status":"publish","type":"product","link":"https:\/\/stronghold-terrain.de\/en\/shop\/black-powder-ii-rulebook-german-softback\/","title":{"rendered":"Black Powder II Rulebook (German &#8211; Softback)"},"content":{"rendered":"<p>Dieses Buch stellt das Spiel Black Powder mit all seinen Regeln vor, welche die Autoren und ihre Freunde bei ihren eigenen Spielen benutzen.<\/p>\n<p>Der Leser erh\u00e4lt dadurch die M\u00f6glichkeit (und wird dazu ermutigt), die gro\u00dfen Schlachten des 18. und 19. Jahrhunderts mithilfe von Armeen aus Modellsoldaten nachzustellen. Zus\u00e4tzlich zu den Grundregeln der Kriegsf\u00fchrung wie dem Erteilen von Befehlen, der Bewegung von Truppen, der Wirkung von Muskete und Kanone, sowie dem Ein\ufb02uss der Moral, enth\u00e4lt dieses Buch zahlreiche Beispiele f\u00fcr Sonderregeln, mit denen die Spieler ihre Partien nach eigenen Vorlieben anpassen k\u00f6nnen. Au\u00dferdem bieten zw\u00f6lf vollst\u00e4ndige Szenarien f\u00fcr Black Powder Spiele eine gro\u00dfe Auswahl aus den Kon\ufb02ikten dieser Zeit.<\/p>\n<ul>\n<li>Schlacht von Elixheim \u2013 Spanischer Erbfolgekrieg, 1705<\/li>\n<li>Schlacht von Clifton Moor \u2013 Jakobitenaufstand, 1745<\/li>\n<li>\u00dcberfall auf Fort Ligonier \u2013 Siebenj\u00e4hriger Krieg, 1758<\/li>\n<li>Schlacht bei Chinsura \u2013 Siebenj\u00e4hriger Krieg, 1759<\/li>\n<li>Schlacht von Bunker Hill \u2013 amerikanischer Unabh\u00e4ngigkeitskrieg, 1775<\/li>\n<li>Schlacht von North Point \u2013 Britisch- amerikanischer Krieg, 1814<\/li>\n<li>Quatre Bras \u2013 Napoleonische Kriege, 1815<\/li>\n<li>Der Abend vor Waterloo \u2013 Napoleonische Kriege, 1815<\/li>\n<li>Gefecht bei Kernstown \u2013 amerikanischer B\u00fcrgerkrieg , 1862<\/li>\n<li>Schlacht am Antietam \u2013 amerikanischer B\u00fcrgerkrieg, 1862<\/li>\n<li>Schlacht am Dead man\u2019s creek \u2013 Indianerkriege, 1876- 77<\/li>\n<li>Gefecht am iNyezane \u2013 Zululand, 1879<\/li>\n<\/ul>\n<p>&nbsp;<\/p>","protected":false},"excerpt":{"rendered":"<p>Dieses Buch stellt das Spiel Black Powder mit all seinen Regeln vor, welche die Autoren und ihre Freunde bei ihren eigenen Spielen benutzen. Der Leser erh\u00e4lt dadurch die M\u00f6glichkeit (und wird dazu ermutigt), die gro\u00dfen Schlachten des 18. und 19. Jahrhunderts mithilfe von Armeen aus Modellsoldaten nachzustellen. Zus\u00e4tzlich zu den Grundregeln der Kriegsf\u00fchrung wie dem [&hellip;]<\/p>\n","protected":false},"featured_media":51237,"template":"","meta":{"_crdt_document":"","_uag_custom_page_level_css":"","site-sidebar-layout":"default","site-content-layout":"","ast-site-content-layout":"","site-content-style":"default","site-sidebar-style":"default","ast-global-header-display":"","ast-banner-title-visibility":"","ast-main-header-display":"","ast-hfb-above-header-display":"","ast-hfb-below-header-display":"","ast-hfb-mobile-header-display":"","site-post-title":"","ast-breadcrumbs-content":"","ast-featured-img":"","footer-sml-layout":"","theme-transparent-header-meta":"","adv-header-id-meta":"","stick-header-meta":"","header-above-stick-meta":"","header-main-stick-meta":"","header-below-stick-meta":"","astra-migrate-meta-layouts":"default","ast-page-background-enabled":"default","ast-page-background-meta":{"desktop":{"background-color":"var(--ast-global-color-4)","background-image":"","background-repeat":"repeat","background-position":"center center","background-size":"auto","background-attachment":"scroll","background-type":"","background-media":"","overlay-type":"","overlay-color":"","overlay-opacity":"","overlay-gradient":""},"tablet":{"background-color":"","background-image":"","background-repeat":"repeat","background-position":"center center","background-size":"auto","background-attachment":"scroll","background-type":"","background-media":"","overlay-type":"","overlay-color":"","overlay-opacity":"","overlay-gradient":""},"mobile":{"background-color":"","background-image":"","background-repeat":"repeat","background-position":"center center","background-size":"auto","background-attachment":"scroll","background-type":"","background-media":"","overlay-type":"","overlay-color":"","overlay-opacity":"","overlay-gradient":""}},"ast-content-background-meta":{"desktop":{"background-color":"var(--ast-global-color-5)","background-image":"","background-repeat":"repeat","background-position":"center center","background-size":"auto","background-attachment":"scroll","background-type":"","background-media":"","overlay-type":"","overlay-color":"","overlay-opacity":"","overlay-gradient":""},"tablet":{"background-color":"var(--ast-global-color-5)","background-image":"","background-repeat":"repeat","background-position":"center center","background-size":"auto","background-attachment":"scroll","background-type":"","background-media":"","overlay-type":"","overlay-color":"","overlay-opacity":"","overlay-gradient":""},"mobile":{"background-color":"var(--ast-global-color-5)","background-image":"","background-repeat":"repeat","background-position":"center center","background-size":"auto","background-attachment":"scroll","background-type":"","background-media":"","overlay-type":"","overlay-color":"","overlay-opacity":"","overlay-gradient":""}}},"product_brand":[],"product_cat":[555,684,554,829,553],"product_tag":[1304],"class_list":{"0":"post-51235","1":"product","2":"type-product","3":"status-publish","4":"has-post-thumbnail","6":"product_cat-american-war-of-indipendence","7":"product_cat-various-games","8":"product_cat-french-indian-war","9":"product_cat-3-regeln-spielzubehoer","10":"product_cat-warlord-games","11":"product_tag-regelbuch","12":"pa_delivery_conditions-31-neu","13":"pa_delivery_time-anfang-maerz","14":"pa_dimension-22-a4","15":"pa_material-24-papier","16":"pa_teile-49-6","17":"desktop-align-left","18":"tablet-align-left","19":"mobile-align-left","21":"first","22":"instock","23":"sale","24":"taxable","25":"shipping-taxable","26":"purchasable","27":"product-type-simple"},"uagb_featured_image_src":{"full":["https:\/\/stronghold-terrain.de\/wp-content\/uploads\/2022\/08\/301030001_Black_Powder_2_German-1.webp",2048,2048,false],"thumbnail":["https:\/\/stronghold-terrain.de\/wp-content\/uploads\/2022\/08\/301030001_Black_Powder_2_German-1-150x150.webp",150,150,true],"medium":["https:\/\/stronghold-terrain.de\/wp-content\/uploads\/2022\/08\/301030001_Black_Powder_2_German-1-300x300.webp",300,300,true],"medium_large":["https:\/\/stronghold-terrain.de\/wp-content\/uploads\/2022\/08\/301030001_Black_Powder_2_German-1-768x768.webp",768,768,true],"large":["https:\/\/stronghold-terrain.de\/wp-content\/uploads\/2022\/08\/301030001_Black_Powder_2_German-1-1024x1024.webp",1024,1024,true],"1536x1536":["https:\/\/stronghold-terrain.de\/wp-content\/uploads\/2022\/08\/301030001_Black_Powder_2_German-1-1536x1536.webp",1536,1536,true],"2048x2048":["https:\/\/stronghold-terrain.de\/wp-content\/uploads\/2022\/08\/301030001_Black_Powder_2_German-1-2048x2048.webp",2048,2048,true],"woocommerce_thumbnail":["https:\/\/stronghold-terrain.de\/wp-content\/uploads\/2022\/08\/301030001_Black_Powder_2_German-1-262x328.webp",262,328,true],"woocommerce_single":["https:\/\/stronghold-terrain.de\/wp-content\/uploads\/2022\/08\/301030001_Black_Powder_2_German-1-555x555.webp",555,555,true],"woocommerce_gallery_thumbnail":["https:\/\/stronghold-terrain.de\/wp-content\/uploads\/2022\/08\/301030001_Black_Powder_2_German-1-100x100.webp",100,100,true],"woosq":["https:\/\/stronghold-terrain.de\/wp-content\/uploads\/2022\/08\/301030001_Black_Powder_2_German-1-460x460.webp",460,460,true]},"uagb_author_info":{"display_name":"Mirco Wenning","author_link":"https:\/\/stronghold-terrain.de\/en\/author\/"},"uagb_comment_info":0,"uagb_excerpt":"Dieses Buch stellt das Spiel Black Powder mit all seinen Regeln vor, welche die Autoren und ihre Freunde bei ihren eigenen Spielen benutzen. Der Leser erh\u00e4lt dadurch die M\u00f6glichkeit (und wird dazu ermutigt), die gro\u00dfen Schlachten des 18. und 19. Jahrhunderts mithilfe von Armeen aus Modellsoldaten nachzustellen. Zus\u00e4tzlich zu den Grundregeln der Kriegsf\u00fchrung wie dem&hellip;","_links":{"self":[{"href":"https:\/\/stronghold-terrain.de\/en\/wp-json\/wp\/v2\/product\/51235","targetHints":{"allow":["GET"]}}],"collection":[{"href":"https:\/\/stronghold-terrain.de\/en\/wp-json\/wp\/v2\/product"}],"about":[{"href":"https:\/\/stronghold-terrain.de\/en\/wp-json\/wp\/v2\/types\/product"}],"wp:featuredmedia":[{"embeddable":true,"href":"https:\/\/stronghold-terrain.de\/en\/wp-json\/wp\/v2\/media\/51237"}],"wp:attachment":[{"href":"https:\/\/stronghold-terrain.de\/en\/wp-json\/wp\/v2\/media?parent=51235"}],"wp:term":[{"taxonomy":"product_brand","embeddable":true,"href":"https:\/\/stronghold-terrain.de\/en\/wp-json\/wp\/v2\/product_brand?post=51235"},{"taxonomy":"product_cat","embeddable":true,"href":"https:\/\/stronghold-terrain.de\/en\/wp-json\/wp\/v2\/product_cat?post=51235"},{"taxonomy":"product_tag","embeddable":true,"href":"https:\/\/stronghold-terrain.de\/en\/wp-json\/wp\/v2\/product_tag?post=51235"}],"curies":[{"name":"wp","href":"https:\/\/api.w.org\/{rel}","templated":true}]}}