{"id":5292,"date":"2018-02-12T16:24:08","date_gmt":"2018-02-12T16:24:08","guid":{"rendered":"http:\/\/stronghold-terrain.de\/?post_type=product&#038;p=5292"},"modified":"2026-04-08T21:16:05","modified_gmt":"2026-04-08T21:16:05","slug":"4-punkte-angelsachsen-anglodaenen-kunststoff","status":"publish","type":"product","link":"https:\/\/stronghold-terrain.de\/en\/shop\/4-punkte-angelsachsen-anglodaenen-kunststoff\/","title":{"rendered":"4 Punkte Angelsachsen-Anglod\u00e4nen  (KUNSTSTOFF)"},"content":{"rendered":"<p>Die Box enth\u00e4lt eine Kombination aus Kunststoffminiaturen der Kunsstoff Angelsachsen und der Dark Age Krieger Box.<\/p>\n<p>Du kannst eine 4 Punkte Wikingerarmee bauen, die aus einem Kriegsherrn, 8 Veteranen und 16 Kriegern besteht.<\/p>\n<p>Die ben\u00f6tigten Rundbases sind ebenso enthalten.<\/p>\n<p>Zus\u00e4tzlich erh\u00e4ltst du 3 ger\u00fcstete und 4 unger\u00fcstete Miniaturen, so dass du wahlweise auch eine 12er Bauerneinheit bauen kannst.. Des Weteren diverse Einzelteile um deine Armee weiter zu individualisieren.<\/p>\n<p>&nbsp;<\/p>\n<p>&nbsp;<\/p>\n<p>&nbsp;<\/p>\n<p>&nbsp;<\/p>\n<p>&nbsp;<\/p>\n","protected":false},"excerpt":{"rendered":"<p>Die Box enth\u00e4lt eine Kombination aus Kunststoffminiaturen der Kunsstoff Angelsachsen und der Dark Age Krieger Box. Du kannst eine 4 Punkte Wikingerarmee bauen, die aus einem Kriegsherrn, 8 Veteranen und 16 Kriegern besteht. Die ben\u00f6tigten Rundbases sind ebenso enthalten. Zus\u00e4tzlich erh\u00e4ltst du 3 ger\u00fcstete und 4 unger\u00fcstete Miniaturen, so dass du wahlweise auch eine 12er [&hellip;]<\/p>\n","protected":false},"featured_media":626,"template":"","meta":{"_crdt_document":"","_uag_custom_page_level_css":"","site-sidebar-layout":"default","site-content-layout":"","ast-site-content-layout":"","site-content-style":"default","site-sidebar-style":"default","ast-global-header-display":"","ast-banner-title-visibility":"","ast-main-header-display":"","ast-hfb-above-header-display":"","ast-hfb-below-header-display":"","ast-hfb-mobile-header-display":"","site-post-title":"","ast-breadcrumbs-content":"","ast-featured-img":"","footer-sml-layout":"","theme-transparent-header-meta":"","adv-header-id-meta":"","stick-header-meta":"","header-above-stick-meta":"","header-main-stick-meta":"","header-below-stick-meta":"","astra-migrate-meta-layouts":"default","ast-page-background-enabled":"default","ast-page-background-meta":{"desktop":{"background-color":"var(--ast-global-color-4)","background-image":"","background-repeat":"repeat","background-position":"center center","background-size":"auto","background-attachment":"scroll","background-type":"","background-media":"","overlay-type":"","overlay-color":"","overlay-opacity":"","overlay-gradient":""},"tablet":{"background-color":"","background-image":"","background-repeat":"repeat","background-position":"center center","background-size":"auto","background-attachment":"scroll","background-type":"","background-media":"","overlay-type":"","overlay-color":"","overlay-opacity":"","overlay-gradient":""},"mobile":{"background-color":"","background-image":"","background-repeat":"repeat","background-position":"center center","background-size":"auto","background-attachment":"scroll","background-type":"","background-media":"","overlay-type":"","overlay-color":"","overlay-opacity":"","overlay-gradient":""}},"ast-content-background-meta":{"desktop":{"background-color":"var(--ast-global-color-5)","background-image":"","background-repeat":"repeat","background-position":"center center","background-size":"auto","background-attachment":"scroll","background-type":"","background-media":"","overlay-type":"","overlay-color":"","overlay-opacity":"","overlay-gradient":""},"tablet":{"background-color":"var(--ast-global-color-5)","background-image":"","background-repeat":"repeat","background-position":"center center","background-size":"auto","background-attachment":"scroll","background-type":"","background-media":"","overlay-type":"","overlay-color":"","overlay-opacity":"","overlay-gradient":""},"mobile":{"background-color":"var(--ast-global-color-5)","background-image":"","background-repeat":"repeat","background-position":"center center","background-size":"auto","background-attachment":"scroll","background-type":"","background-media":"","overlay-type":"","overlay-color":"","overlay-opacity":"","overlay-gradient":""}}},"product_brand":[],"product_cat":[270,263,396,838,404],"product_tag":[],"class_list":{"0":"post-5292","1":"product","2":"type-product","3":"status-publish","4":"has-post-thumbnail","6":"product_cat-anglo-saxons","7":"product_cat-anglo-danish","8":"product_cat-gripping-beast","9":"product_cat-kunststoff-sets","10":"product_cat-saxons","11":"pa_delivery_conditions-21-bausatz_unbemalt","12":"pa_delivery_time-41-2-3tage","13":"pa_dimension-29-28mm","14":"pa_material-96-kunststoff","15":"pa_teile-42-32miniaturen","16":"desktop-align-left","17":"tablet-align-left","18":"mobile-align-left","20":"first","21":"instock","22":"sale","23":"taxable","24":"shipping-taxable","25":"purchasable","26":"product-type-simple"},"uagb_featured_image_src":{"full":["https:\/\/stronghold-terrain.de\/wp-content\/uploads\/2016\/01\/gbp08_plastic_saxon_anglo_dane_starter_4_point_48406.gif",531,391,false],"thumbnail":["https:\/\/stronghold-terrain.de\/wp-content\/uploads\/2016\/01\/gbp08_plastic_saxon_anglo_dane_starter_4_point_48406-150x150.gif",150,150,true],"medium":["https:\/\/stronghold-terrain.de\/wp-content\/uploads\/2016\/01\/gbp08_plastic_saxon_anglo_dane_starter_4_point_48406-300x221.gif",300,221,true],"medium_large":["https:\/\/stronghold-terrain.de\/wp-content\/uploads\/2016\/01\/gbp08_plastic_saxon_anglo_dane_starter_4_point_48406.gif",531,391,false],"large":["https:\/\/stronghold-terrain.de\/wp-content\/uploads\/2016\/01\/gbp08_plastic_saxon_anglo_dane_starter_4_point_48406.gif",531,391,false],"1536x1536":["https:\/\/stronghold-terrain.de\/wp-content\/uploads\/2016\/01\/gbp08_plastic_saxon_anglo_dane_starter_4_point_48406.gif",531,391,false],"2048x2048":["https:\/\/stronghold-terrain.de\/wp-content\/uploads\/2016\/01\/gbp08_plastic_saxon_anglo_dane_starter_4_point_48406.gif",531,391,false],"woocommerce_thumbnail":["https:\/\/stronghold-terrain.de\/wp-content\/uploads\/2016\/01\/gbp08_plastic_saxon_anglo_dane_starter_4_point_48406-262x328.gif",262,328,true],"woocommerce_single":["https:\/\/stronghold-terrain.de\/wp-content\/uploads\/2016\/01\/gbp08_plastic_saxon_anglo_dane_starter_4_point_48406.gif",531,391,false],"woocommerce_gallery_thumbnail":["https:\/\/stronghold-terrain.de\/wp-content\/uploads\/2016\/01\/gbp08_plastic_saxon_anglo_dane_starter_4_point_48406-100x100.gif",100,100,true],"woosq":["https:\/\/stronghold-terrain.de\/wp-content\/uploads\/2016\/01\/gbp08_plastic_saxon_anglo_dane_starter_4_point_48406-460x391.gif",460,391,true]},"uagb_author_info":{"display_name":"Mirco Wenning","author_link":"https:\/\/stronghold-terrain.de\/en\/author\/"},"uagb_comment_info":0,"uagb_excerpt":"Die Box enth\u00e4lt eine Kombination aus Kunststoffminiaturen der Kunsstoff Angelsachsen und der Dark Age Krieger Box. Du kannst eine 4 Punkte Wikingerarmee bauen, die aus einem Kriegsherrn, 8 Veteranen und 16 Kriegern besteht. Die ben\u00f6tigten Rundbases sind ebenso enthalten. Zus\u00e4tzlich erh\u00e4ltst du 3 ger\u00fcstete und 4 unger\u00fcstete Miniaturen, so dass du wahlweise auch eine 12er&hellip;","_links":{"self":[{"href":"https:\/\/stronghold-terrain.de\/en\/wp-json\/wp\/v2\/product\/5292","targetHints":{"allow":["GET"]}}],"collection":[{"href":"https:\/\/stronghold-terrain.de\/en\/wp-json\/wp\/v2\/product"}],"about":[{"href":"https:\/\/stronghold-terrain.de\/en\/wp-json\/wp\/v2\/types\/product"}],"wp:featuredmedia":[{"embeddable":true,"href":"https:\/\/stronghold-terrain.de\/en\/wp-json\/wp\/v2\/media\/626"}],"wp:attachment":[{"href":"https:\/\/stronghold-terrain.de\/en\/wp-json\/wp\/v2\/media?parent=5292"}],"wp:term":[{"taxonomy":"product_brand","embeddable":true,"href":"https:\/\/stronghold-terrain.de\/en\/wp-json\/wp\/v2\/product_brand?post=5292"},{"taxonomy":"product_cat","embeddable":true,"href":"https:\/\/stronghold-terrain.de\/en\/wp-json\/wp\/v2\/product_cat?post=5292"},{"taxonomy":"product_tag","embeddable":true,"href":"https:\/\/stronghold-terrain.de\/en\/wp-json\/wp\/v2\/product_tag?post=5292"}],"curies":[{"name":"wp","href":"https:\/\/api.w.org\/{rel}","templated":true}]}}