{"id":53156,"date":"2023-01-23T07:36:27","date_gmt":"2023-01-23T07:36:27","guid":{"rendered":"https:\/\/stronghold-terrain.de\/?post_type=product&#038;p=53156"},"modified":"2026-04-07T08:11:53","modified_gmt":"2026-04-07T08:11:53","slug":"vorbestellung-saga-aera-des-alexander-gratis-miniatur","status":"publish","type":"product","link":"https:\/\/stronghold-terrain.de\/en\/shop\/vorbestellung-saga-aera-des-alexander-gratis-miniatur\/","title":{"rendered":"SAGA \u00c4ra des Alexander + Gratis Miniatur"},"content":{"rendered":"<p><em>Nachdem er im Jahr 334 v. Chr. die St\u00e4dte Griechenlands bezwungen hatte, \u00fcberquerte Alexander III., der junge K\u00f6nig Makedoniens, den Hellespont. Er verfolgte ein wahrlich einzigartiges Ziel: Er wollte das gr\u00f6\u00dfte Reich unterwerfen, das die Welt<\/em><br \/>\n<em>je gesehen hatte \u2013 das persische Ach\u00e4menidenreich.<\/em><\/p>\n<p><em>Im Verlauf seines unglaublichen Eroberungsfeldzugs, errang Alexander der Gro\u00dfe zahllose Siege, die ihm den Titel einbrachten, unter dem er noch heute bekannt ist. Er besiegte jeden Feind, der sich ihm in den Weg stellte, bis seine ausgelaugte Armee sich schlie\u00dflich weigerte, ihm noch weiter nach Indien zu folgen, wo ebenso m\u00e4chtige wie unbekannte Feinde warteten.<\/em><\/p>\n<p><em>Alexander starb unbesiegt, aber jung, und lie\u00df sein Reich in den gierigen H\u00e4nden verschiedener Empork\u00f6mmlinge zur\u00fcck, die sein Erbe in sinnlosen Kriegen vergeudeten. Unter ihrer kurzen Herrschaft dominierte die Phalanx ein letztes Mal die antiken Schlachtfelder, bevor diese kurzlebigen Dynastien von R\u00f6mern und Parthern hinweggefegt wurden.<\/em><\/p>\n<p><strong>Fakten:<\/strong><\/p>\n<ul>\n<li>92 Seiten Hardcover mit Leseb\u00e4ndchen<\/li>\n<li>Kartenset &#8211; Besondere Kriegslisten mit 36 Spielkarten (63 x 88 mm) (in der englischen Version nicht enthalten)<\/li>\n<li>6 Papp-Schlachtpl\u00e4ne<\/li>\n<li>SAGA Kampagne Di\u00e1dokhos &amp; A3 Farbposter<\/li>\n<li>Im Vergleich zur englischen Version stark erratiert<\/li>\n<li>6 Fraktionen\n<ul>\n<li>Perser<\/li>\n<li>Thraker<\/li>\n<li>Makedonen<\/li>\n<li>Inder<\/li>\n<li>Diadochenreiche<\/li>\n<li>Griechische St\u00e4dte<\/li>\n<\/ul>\n<\/li>\n<li>Gratis Miniatur: Makedonischer (Griechischer) Kriegsherr als 3D-Gedruckte Resin-Miniatur.<\/li>\n<\/ul>\n<p><strong>\u00c4ra des Alexander ist eine vollst\u00e4ndige SAGA-Spielwelt, die folgende Dinge enth\u00e4lt:<\/strong><\/p>\n<ul>\n<li>\u00c4ra des Alexander ist die zweite SAGA-Erweiterung, die sich mit der Antike besch\u00e4ftigt. Sie beschreibt die vielen Ereignisse, die die griechische Welt gepr\u00e4gt haben, von den Perserkriegen bis hin zur chaotischen Zeit der Diadochenreiche. Diese Erweiterung enth\u00e4lt sechs Fraktionen \u2013 von denen manche mehrere Varianten umfassen \u2013 die mit denen aus \u00c4ra des Hannibal und dem bald erscheinenden \u00c4ra der Caesaren vollst\u00e4ndig kompatibel sind. Alle enthaltenen Fraktionen besitzen einen eigenen Schlachtplan, eigene Geschichte,<br \/>\nlegend\u00e4re Einheiten und Sonderregeln.<\/li>\n<li>Zus\u00e4tzlich zu diesen Fraktionen findest du in diesem Buch eine gro\u00dfe Auswahl an S\u00f6ldnern, die deine Armee erg\u00e4nzen k\u00f6nnen, sowie neue Kriegslisten. Mit ihnen kannst du deine Armee individualisieren, indem du Einheiten besondere Vorteile gibst oder deinem Gegner hinterh\u00e4ltige Tiefschl\u00e4ge versetzt.<\/li>\n<li>Abgerundet wird diese Erweiterung von Di\u00e1dokhos, einem umfangreichen Kampagnensystem f\u00fcr SAGA, in dem du dich an die Spitze einer Diadochendynastie setzt und danach strebst, Alexanders Reich nach deinen Vorstellungen neu zu erschaffen. Di\u00e1dokhos umfasst neue Regeln und eine pr\u00e4chtige Kampagnenkarte, die die Lande zeigt, die du zu erobern trachtest.<\/li>\n<\/ul>\n<p>Um SAGA \u00c4ra des Alexander zu spielen, ben\u00f6tigst du eine Ausgabe des SAGA-Regelbuchs. \u00a0Des Weiteren empfehlen wir dir das Buch der Schlachten, um deine SAGA Spiele noch interessanter und abwechslungsreicher zu gestalten.<\/p>\n<p>&nbsp;<\/p>\n<p>&nbsp;<\/p>\n","protected":false},"excerpt":{"rendered":"<p>Nachdem er im Jahr 334 v. Chr. die St\u00e4dte Griechenlands bezwungen hatte, \u00fcberquerte Alexander III., der junge K\u00f6nig Makedoniens, den Hellespont. Er verfolgte ein wahrlich einzigartiges Ziel: Er wollte das gr\u00f6\u00dfte Reich unterwerfen, das die Welt je gesehen hatte \u2013 das persische Ach\u00e4menidenreich. Im Verlauf seines unglaublichen Eroberungsfeldzugs, errang Alexander der Gro\u00dfe zahllose Siege, die [&hellip;]<\/p>\n","protected":false},"featured_media":53157,"template":"","meta":{"_crdt_document":"","_uag_custom_page_level_css":"","site-sidebar-layout":"default","site-content-layout":"","ast-site-content-layout":"","site-content-style":"default","site-sidebar-style":"default","ast-global-header-display":"","ast-banner-title-visibility":"","ast-main-header-display":"","ast-hfb-above-header-display":"","ast-hfb-below-header-display":"","ast-hfb-mobile-header-display":"","site-post-title":"","ast-breadcrumbs-content":"","ast-featured-img":"","footer-sml-layout":"","theme-transparent-header-meta":"","adv-header-id-meta":"","stick-header-meta":"","header-above-stick-meta":"","header-main-stick-meta":"","header-below-stick-meta":"","astra-migrate-meta-layouts":"default","ast-page-background-enabled":"default","ast-page-background-meta":{"desktop":{"background-color":"var(--ast-global-color-4)","background-image":"","background-repeat":"repeat","background-position":"center center","background-size":"auto","background-attachment":"scroll","background-type":"","background-media":"","overlay-type":"","overlay-color":"","overlay-opacity":"","overlay-gradient":""},"tablet":{"background-color":"","background-image":"","background-repeat":"repeat","background-position":"center center","background-size":"auto","background-attachment":"scroll","background-type":"","background-media":"","overlay-type":"","overlay-color":"","overlay-opacity":"","overlay-gradient":""},"mobile":{"background-color":"","background-image":"","background-repeat":"repeat","background-position":"center center","background-size":"auto","background-attachment":"scroll","background-type":"","background-media":"","overlay-type":"","overlay-color":"","overlay-opacity":"","overlay-gradient":""}},"ast-content-background-meta":{"desktop":{"background-color":"var(--ast-global-color-5)","background-image":"","background-repeat":"repeat","background-position":"center center","background-size":"auto","background-attachment":"scroll","background-type":"","background-media":"","overlay-type":"","overlay-color":"","overlay-opacity":"","overlay-gradient":""},"tablet":{"background-color":"var(--ast-global-color-5)","background-image":"","background-repeat":"repeat","background-position":"center center","background-size":"auto","background-attachment":"scroll","background-type":"","background-media":"","overlay-type":"","overlay-color":"","overlay-opacity":"","overlay-gradient":""},"mobile":{"background-color":"var(--ast-global-color-5)","background-image":"","background-repeat":"repeat","background-position":"center center","background-size":"auto","background-attachment":"scroll","background-type":"","background-media":"","overlay-type":"","overlay-color":"","overlay-opacity":"","overlay-gradient":""}}},"product_brand":[],"product_cat":[741,236],"product_tag":[1304],"class_list":{"0":"post-53156","1":"product","2":"type-product","3":"status-publish","4":"has-post-thumbnail","6":"product_cat-regelbuecher-deutsch","7":"product_cat-saga-rules","8":"product_tag-regelbuch","9":"pa_delivery_conditions-31-neu","10":"pa_delivery_time-anfang-maerz","11":"pa_dimension-22-a4","12":"pa_material-24-papier","13":"pa_teile-49-6","14":"desktop-align-left","15":"tablet-align-left","16":"mobile-align-left","18":"first","19":"instock","20":"taxable","21":"shipping-taxable","22":"purchasable","23":"product-type-simple"},"uagb_featured_image_src":{"full":["https:\/\/stronghold-terrain.de\/wp-content\/uploads\/2023\/01\/SARB61-SAGA-Aera-des-Alexander-Gratisminiatur.jpg",888,1280,false],"thumbnail":["https:\/\/stronghold-terrain.de\/wp-content\/uploads\/2023\/01\/SARB61-SAGA-Aera-des-Alexander-Gratisminiatur-150x150.jpg",150,150,true],"medium":["https:\/\/stronghold-terrain.de\/wp-content\/uploads\/2023\/01\/SARB61-SAGA-Aera-des-Alexander-Gratisminiatur-208x300.jpg",208,300,true],"medium_large":["https:\/\/stronghold-terrain.de\/wp-content\/uploads\/2023\/01\/SARB61-SAGA-Aera-des-Alexander-Gratisminiatur-768x1107.jpg",768,1107,true],"large":["https:\/\/stronghold-terrain.de\/wp-content\/uploads\/2023\/01\/SARB61-SAGA-Aera-des-Alexander-Gratisminiatur-710x1024.jpg",710,1024,true],"1536x1536":["https:\/\/stronghold-terrain.de\/wp-content\/uploads\/2023\/01\/SARB61-SAGA-Aera-des-Alexander-Gratisminiatur.jpg",888,1280,false],"2048x2048":["https:\/\/stronghold-terrain.de\/wp-content\/uploads\/2023\/01\/SARB61-SAGA-Aera-des-Alexander-Gratisminiatur.jpg",888,1280,false],"woocommerce_thumbnail":["https:\/\/stronghold-terrain.de\/wp-content\/uploads\/2023\/01\/SARB61-SAGA-Aera-des-Alexander-Gratisminiatur-262x328.jpg",262,328,true],"woocommerce_single":["https:\/\/stronghold-terrain.de\/wp-content\/uploads\/2023\/01\/SARB61-SAGA-Aera-des-Alexander-Gratisminiatur-555x800.jpg",555,800,true],"woocommerce_gallery_thumbnail":["https:\/\/stronghold-terrain.de\/wp-content\/uploads\/2023\/01\/SARB61-SAGA-Aera-des-Alexander-Gratisminiatur-100x100.jpg",100,100,true],"woosq":["https:\/\/stronghold-terrain.de\/wp-content\/uploads\/2023\/01\/SARB61-SAGA-Aera-des-Alexander-Gratisminiatur-460x460.jpg",460,460,true]},"uagb_author_info":{"display_name":"Mirco Wenning","author_link":"https:\/\/stronghold-terrain.de\/en\/author\/"},"uagb_comment_info":0,"uagb_excerpt":"Nachdem er im Jahr 334 v. Chr. die St\u00e4dte Griechenlands bezwungen hatte, \u00fcberquerte Alexander III., der junge K\u00f6nig Makedoniens, den Hellespont. Er verfolgte ein wahrlich einzigartiges Ziel: Er wollte das gr\u00f6\u00dfte Reich unterwerfen, das die Welt je gesehen hatte \u2013 das persische Ach\u00e4menidenreich. Im Verlauf seines unglaublichen Eroberungsfeldzugs, errang Alexander der Gro\u00dfe zahllose Siege, die&hellip;","_links":{"self":[{"href":"https:\/\/stronghold-terrain.de\/en\/wp-json\/wp\/v2\/product\/53156","targetHints":{"allow":["GET"]}}],"collection":[{"href":"https:\/\/stronghold-terrain.de\/en\/wp-json\/wp\/v2\/product"}],"about":[{"href":"https:\/\/stronghold-terrain.de\/en\/wp-json\/wp\/v2\/types\/product"}],"wp:featuredmedia":[{"embeddable":true,"href":"https:\/\/stronghold-terrain.de\/en\/wp-json\/wp\/v2\/media\/53157"}],"wp:attachment":[{"href":"https:\/\/stronghold-terrain.de\/en\/wp-json\/wp\/v2\/media?parent=53156"}],"wp:term":[{"taxonomy":"product_brand","embeddable":true,"href":"https:\/\/stronghold-terrain.de\/en\/wp-json\/wp\/v2\/product_brand?post=53156"},{"taxonomy":"product_cat","embeddable":true,"href":"https:\/\/stronghold-terrain.de\/en\/wp-json\/wp\/v2\/product_cat?post=53156"},{"taxonomy":"product_tag","embeddable":true,"href":"https:\/\/stronghold-terrain.de\/en\/wp-json\/wp\/v2\/product_tag?post=53156"}],"curies":[{"name":"wp","href":"https:\/\/api.w.org\/{rel}","templated":true}]}}