{"id":539,"date":"2015-06-02T08:21:42","date_gmt":"2015-06-02T08:21:42","guid":{"rendered":"http:\/\/stronghold-terrain.de\/produkt\/arab-light-cavalry\/"},"modified":"2026-03-27T17:31:30","modified_gmt":"2026-03-27T17:31:30","slug":"arab-light-cavalry","status":"publish","type":"product","link":"https:\/\/stronghold-terrain.de\/en\/shop\/arab-light-cavalry\/","title":{"rendered":"Arabische leichte Kavallerie (12)"},"content":{"rendered":"<p>Die Box enth\u00e4lt insgesamt 12 detailierte Kunststoff Reiter f\u00fcr islamische Armeen im mittleren Osten des 10.-13. Jahrhunderts, oder der Turkomenen oder vergleichbare berittene Bogensch\u00fctzen die mit ihnen zusammen als Verb\u00fcndete gek\u00e4mpft haben. Jeder Krieger kann mit einem Speer oder Bogen bewaffnet werden. F\u00fcr weitere Flexibilit\u00e4t enth\u00e4lt der Bausatz zus\u00e4tzliche Teile f\u00fcr Musiker und Scxhwertk\u00e4mpfer Krieger mit Schwert, 32 mit Schleudern und bis zu 16 mit Wurfspeeren, ausr\u00fcsten zu k\u00f6nnen.<\/p>\n<p>Die mitgelieferten Bases enthalten eckige Bases und Multibases. Es ist nicht m\u00f6glich alle Miniaturen einzelnd zu Basen. Hierf\u00fcr empfehlen wir unsere gelaserten Metallbases die du <a href=\"http:\/\/stronghold-terrain.de\/index.php\/basing-weathering\/bases-446.html\" target=\"_blank\" rel=\"noopener noreferrer\">hier<\/a> findest.<\/p>\n<p><strong>Wir haben auch die wunderbaren Schild Designs von Little Big Men. Du findest sie <a href=\"http:\/\/stronghold-terrain.de\/index.php\/dark-age\/accessory\/shield-designs-little-big-men.html?___store=german&amp;___from_store=default\" target=\"_blank\" rel=\"noopener noreferrer\">hier.<\/a><\/strong><\/p>\n<p>&nbsp;<\/p>\n<p><strong>\u00a0<\/strong><\/p>\n<p>&nbsp;<\/p>\n","protected":false},"excerpt":{"rendered":"<p>Die Box enth\u00e4lt insgesamt 12 detailierte Kunststoff Reiter f\u00fcr islamische Armeen im mittleren Osten des 10.-13. Jahrhunderts, oder der Turkomenen oder vergleichbare berittene Bogensch\u00fctzen die mit ihnen zusammen als Verb\u00fcndete gek\u00e4mpft haben. Jeder Krieger kann mit einem Speer oder Bogen bewaffnet werden. F\u00fcr weitere Flexibilit\u00e4t enth\u00e4lt der Bausatz zus\u00e4tzliche Teile f\u00fcr Musiker und Scxhwertk\u00e4mpfer Krieger [&hellip;]<\/p>\n","protected":false},"featured_media":536,"template":"","meta":{"_crdt_document":"","_uag_custom_page_level_css":"","site-sidebar-layout":"default","site-content-layout":"","ast-site-content-layout":"","site-content-style":"default","site-sidebar-style":"default","ast-global-header-display":"","ast-banner-title-visibility":"","ast-main-header-display":"","ast-hfb-above-header-display":"","ast-hfb-below-header-display":"","ast-hfb-mobile-header-display":"","site-post-title":"","ast-breadcrumbs-content":"","ast-featured-img":"","footer-sml-layout":"","theme-transparent-header-meta":"","adv-header-id-meta":"","stick-header-meta":"","header-above-stick-meta":"","header-main-stick-meta":"","header-below-stick-meta":"","astra-migrate-meta-layouts":"default","ast-page-background-enabled":"default","ast-page-background-meta":{"desktop":{"background-color":"var(--ast-global-color-4)","background-image":"","background-repeat":"repeat","background-position":"center center","background-size":"auto","background-attachment":"scroll","background-type":"","background-media":"","overlay-type":"","overlay-color":"","overlay-opacity":"","overlay-gradient":""},"tablet":{"background-color":"","background-image":"","background-repeat":"repeat","background-position":"center center","background-size":"auto","background-attachment":"scroll","background-type":"","background-media":"","overlay-type":"","overlay-color":"","overlay-opacity":"","overlay-gradient":""},"mobile":{"background-color":"","background-image":"","background-repeat":"repeat","background-position":"center center","background-size":"auto","background-attachment":"scroll","background-type":"","background-media":"","overlay-type":"","overlay-color":"","overlay-opacity":"","overlay-gradient":""}},"ast-content-background-meta":{"desktop":{"background-color":"var(--ast-global-color-5)","background-image":"","background-repeat":"repeat","background-position":"center center","background-size":"auto","background-attachment":"scroll","background-type":"","background-media":"","overlay-type":"","overlay-color":"","overlay-opacity":"","overlay-gradient":""},"tablet":{"background-color":"var(--ast-global-color-5)","background-image":"","background-repeat":"repeat","background-position":"center center","background-size":"auto","background-attachment":"scroll","background-type":"","background-media":"","overlay-type":"","overlay-color":"","overlay-opacity":"","overlay-gradient":""},"mobile":{"background-color":"var(--ast-global-color-5)","background-image":"","background-repeat":"repeat","background-position":"center center","background-size":"auto","background-attachment":"scroll","background-type":"","background-media":"","overlay-type":"","overlay-color":"","overlay-opacity":"","overlay-gradient":""}}},"product_brand":[],"product_cat":[396,838,271,274,268],"product_tag":[],"class_list":{"0":"post-539","1":"product","2":"type-product","3":"status-publish","4":"has-post-thumbnail","6":"product_cat-gripping-beast","7":"product_cat-kunststoff-sets","8":"product_cat-moors","9":"product_cat-mutatawwi-a","10":"product_cat-saracen","11":"pa_delivery_conditions-17-bausatz_unbemalt_basennich","12":"pa_delivery_time-41-2-3tage","13":"pa_dimension-29-28mm","14":"pa_material-96-kunststoff","15":"desktop-align-left","16":"tablet-align-left","17":"mobile-align-left","19":"first","20":"instock","21":"sale","22":"taxable","23":"shipping-taxable","24":"purchasable","25":"product-type-simple"},"uagb_featured_image_src":{"full":["https:\/\/stronghold-terrain.de\/wp-content\/uploads\/2015\/06\/gbp06_arab_light_cavalry_42603_-_kopie.gif",500,342,false],"thumbnail":["https:\/\/stronghold-terrain.de\/wp-content\/uploads\/2015\/06\/gbp06_arab_light_cavalry_42603_-_kopie-150x150.gif",150,150,true],"medium":["https:\/\/stronghold-terrain.de\/wp-content\/uploads\/2015\/06\/gbp06_arab_light_cavalry_42603_-_kopie-300x205.gif",300,205,true],"medium_large":["https:\/\/stronghold-terrain.de\/wp-content\/uploads\/2015\/06\/gbp06_arab_light_cavalry_42603_-_kopie.gif",500,342,false],"large":["https:\/\/stronghold-terrain.de\/wp-content\/uploads\/2015\/06\/gbp06_arab_light_cavalry_42603_-_kopie.gif",500,342,false],"1536x1536":["https:\/\/stronghold-terrain.de\/wp-content\/uploads\/2015\/06\/gbp06_arab_light_cavalry_42603_-_kopie.gif",500,342,false],"2048x2048":["https:\/\/stronghold-terrain.de\/wp-content\/uploads\/2015\/06\/gbp06_arab_light_cavalry_42603_-_kopie.gif",500,342,false],"woocommerce_thumbnail":["https:\/\/stronghold-terrain.de\/wp-content\/uploads\/2015\/06\/gbp06_arab_light_cavalry_42603_-_kopie-262x328.gif",262,328,true],"woocommerce_single":["https:\/\/stronghold-terrain.de\/wp-content\/uploads\/2015\/06\/gbp06_arab_light_cavalry_42603_-_kopie.gif",500,342,false],"woocommerce_gallery_thumbnail":["https:\/\/stronghold-terrain.de\/wp-content\/uploads\/2015\/06\/gbp06_arab_light_cavalry_42603_-_kopie-100x100.gif",100,100,true],"woosq":["https:\/\/stronghold-terrain.de\/wp-content\/uploads\/2015\/06\/gbp06_arab_light_cavalry_42603_-_kopie-460x342.gif",460,342,true]},"uagb_author_info":{"display_name":"mediadesignlab","author_link":"https:\/\/stronghold-terrain.de\/en\/author\/"},"uagb_comment_info":0,"uagb_excerpt":"Die Box enth\u00e4lt insgesamt 12 detailierte Kunststoff Reiter f\u00fcr islamische Armeen im mittleren Osten des 10.-13. Jahrhunderts, oder der Turkomenen oder vergleichbare berittene Bogensch\u00fctzen die mit ihnen zusammen als Verb\u00fcndete gek\u00e4mpft haben. Jeder Krieger kann mit einem Speer oder Bogen bewaffnet werden. F\u00fcr weitere Flexibilit\u00e4t enth\u00e4lt der Bausatz zus\u00e4tzliche Teile f\u00fcr Musiker und Scxhwertk\u00e4mpfer Krieger&hellip;","_links":{"self":[{"href":"https:\/\/stronghold-terrain.de\/en\/wp-json\/wp\/v2\/product\/539","targetHints":{"allow":["GET"]}}],"collection":[{"href":"https:\/\/stronghold-terrain.de\/en\/wp-json\/wp\/v2\/product"}],"about":[{"href":"https:\/\/stronghold-terrain.de\/en\/wp-json\/wp\/v2\/types\/product"}],"wp:featuredmedia":[{"embeddable":true,"href":"https:\/\/stronghold-terrain.de\/en\/wp-json\/wp\/v2\/media\/536"}],"wp:attachment":[{"href":"https:\/\/stronghold-terrain.de\/en\/wp-json\/wp\/v2\/media?parent=539"}],"wp:term":[{"taxonomy":"product_brand","embeddable":true,"href":"https:\/\/stronghold-terrain.de\/en\/wp-json\/wp\/v2\/product_brand?post=539"},{"taxonomy":"product_cat","embeddable":true,"href":"https:\/\/stronghold-terrain.de\/en\/wp-json\/wp\/v2\/product_cat?post=539"},{"taxonomy":"product_tag","embeddable":true,"href":"https:\/\/stronghold-terrain.de\/en\/wp-json\/wp\/v2\/product_tag?post=539"}],"curies":[{"name":"wp","href":"https:\/\/api.w.org\/{rel}","templated":true}]}}