{"id":54050,"date":"2023-03-15T08:33:34","date_gmt":"2023-03-15T08:33:34","guid":{"rendered":"https:\/\/stronghold-terrain.de\/?post_type=product&#038;p=54050"},"modified":"2026-01-19T10:28:31","modified_gmt":"2026-01-19T10:28:31","slug":"saga-aera-des-hannibal-gratis-konsul","status":"publish","type":"product","link":"https:\/\/stronghold-terrain.de\/en\/shop\/saga-aera-des-hannibal-gratis-konsul\/","title":{"rendered":"SAGA \u00c4ra des Hannibal + Gratis Konsul"},"content":{"rendered":"<p><em>Wir schreiben das Jahr 218 v. Chr. Rom hat seinem alten Rivalen Karthago den Krieg erkl\u00e4rt und muss nun mit ansehen, wie eine karthagische Armee unter dem Kommando von Hannibal Barkas die Alpen \u00fcberquert.<\/em><\/p>\n<p><em>Seine Invasion, die den Krieg ins Herz der R\u00f6mischen Republik trug, war Teil der drei Punischen Kriege, einer Reihe von Konflikten, in denen Rom und Karthago um die Vorherrschaft im Mittelmeerraum k\u00e4mpften.<\/em><\/p>\n<p><em>Hannibal brachte seinen Feinden eine Reihe vernichtender Niederlagen bei, die teilweise noch heute in den Annalen der Milit\u00e4rgeschichte weiterleben. Erst sechzehn Jahre sp\u00e4ter wurde er in seiner eigenen Heimat auf der Ebene von Zama von einem jungen r\u00f6mischen Feldherr namens Scipio Africanus geschlagen.<\/em><\/p>\n<p><em>Doch an den Kriegen zwischen Rom und Karthago waren noch viele andere V\u00f6lker beteiligt. Kelten, Iberer, Numider und Italioten mussten allesamt eine Seite im Ringen der zwei Giganten w\u00e4hlen. Dem Sieger winkte die Herrschaft \u00fcber Europa und wom\u00f6glich die ganze Welt \u2026<\/em><\/p>\n<p><strong>Fakten:<\/strong><\/p>\n<ul>\n<li>80 Seiten Hardcover mit Leseb\u00e4ndchen<\/li>\n<li>Kartenset &#8211; Besondere Kriegslisten mit 36 Spielkarten (63 x 88 mm) (in der englischen Version nicht enthalten)<\/li>\n<li>6 Papp-Schlachtpl\u00e4ne<\/li>\n<li>SAGA Epic\u00a0 Inspirationsf\u00e4higkeiten als Pappbogen (in der englischen Version nicht enthalten)<\/li>\n<li>Im Vergleich zur englischen Version erratiert<\/li>\n<li>6 Fraktionen\n<ul>\n<li>Karthager<\/li>\n<li>R\u00f6mische Republik<\/li>\n<li>Griechen<\/li>\n<li>Iberer<\/li>\n<li>Numider<\/li>\n<li>Gallier<\/li>\n<\/ul>\n<\/li>\n<li>Gratis Miniatur: R\u00f6mischer Konsul<\/li>\n<\/ul>\n<p><strong>\u00c4ra des Hannibal ist eine vollst\u00e4ndige SAGA-Spielwelt, die folgende Dinge enth\u00e4lt:<\/strong><\/p>\n<ul>\n<li>\u00c4ra des Hannibal ist eine SAGA-Erweiterung, die die drei Punischen Kriege zwischen Rom und Karthago abdeckt, welche zwischen 264 und 146 v. Chr. stattfanden.<\/li>\n<li>Diese Erweiterung enth\u00e4lt sechs Fraktionen \u2013 von denen manche mehrere Varianten umfassen \u2013 jede mit einem eigenen Schlachtplan, eigener Geschichte, legend\u00e4ren Einheiten<br \/>\nund Sonderregeln.<\/li>\n<li>Zus\u00e4tzlich zu diesen Fraktionen findest du in diesem Buch eine gro\u00dfe Auswahl an S\u00f6ldnern, die deine Armee erg\u00e4nzen k\u00f6nnen, sowie die neuen Kriegslisten. Mit ihnen kannst du deine Armee individualisieren, indem du Einheiten besondere Vorteile gibst oder deinem Gegner hinterh\u00e4ltige Tiefschl\u00e4ge versetzt.<\/li>\n<li>Abgerundet wird diese Erweiterung von <strong>Epic SAGA<\/strong>, einer komplett neuen Art, SAGA zu spielen. Sie erlaubt es dir, Spiele mit Heeren von 12 bis 18 Punkten austragen. Nun kannst du die gr\u00f6\u00dften Schlachten der Antike auf deinem Spieltisch nacherleben! Dieser Spielmodus enth\u00e4lt besondere Regeln, neue Inspirationsf\u00e4higkeiten und eine besondere Form des Spielaufbaus.<\/li>\n<\/ul>\n<p>Um SAGA \u00c4ra des Hannibal zu spielen, ben\u00f6tigst du eine Ausgabe des SAGA-Regelbuchs. \u00a0Des Weiteren empfehlen wir dir das Buch der Schlachten, um deine SAGA Spiele noch interessanter und abwechslungsreicher zu gestalten.<\/p>\n<p>&nbsp;<\/p>\n<p>&nbsp;<\/p>","protected":false},"excerpt":{"rendered":"<p>Wir schreiben das Jahr 218 v. Chr. Rom hat seinem alten Rivalen Karthago den Krieg erkl\u00e4rt und muss nun mit ansehen, wie eine karthagische Armee unter dem Kommando von Hannibal Barkas die Alpen \u00fcberquert. Seine Invasion, die den Krieg ins Herz der R\u00f6mischen Republik trug, war Teil der drei Punischen Kriege, einer Reihe von Konflikten, [&hellip;]<\/p>\n","protected":false},"featured_media":45336,"template":"","meta":{"_crdt_document":"","_uag_custom_page_level_css":"","site-sidebar-layout":"default","site-content-layout":"","ast-site-content-layout":"","site-content-style":"default","site-sidebar-style":"default","ast-global-header-display":"","ast-banner-title-visibility":"","ast-main-header-display":"","ast-hfb-above-header-display":"","ast-hfb-below-header-display":"","ast-hfb-mobile-header-display":"","site-post-title":"","ast-breadcrumbs-content":"","ast-featured-img":"","footer-sml-layout":"","theme-transparent-header-meta":"","adv-header-id-meta":"","stick-header-meta":"","header-above-stick-meta":"","header-main-stick-meta":"","header-below-stick-meta":"","astra-migrate-meta-layouts":"default","ast-page-background-enabled":"default","ast-page-background-meta":{"desktop":{"background-color":"var(--ast-global-color-4)","background-image":"","background-repeat":"repeat","background-position":"center center","background-size":"auto","background-attachment":"scroll","background-type":"","background-media":"","overlay-type":"","overlay-color":"","overlay-opacity":"","overlay-gradient":""},"tablet":{"background-color":"","background-image":"","background-repeat":"repeat","background-position":"center center","background-size":"auto","background-attachment":"scroll","background-type":"","background-media":"","overlay-type":"","overlay-color":"","overlay-opacity":"","overlay-gradient":""},"mobile":{"background-color":"","background-image":"","background-repeat":"repeat","background-position":"center center","background-size":"auto","background-attachment":"scroll","background-type":"","background-media":"","overlay-type":"","overlay-color":"","overlay-opacity":"","overlay-gradient":""}},"ast-content-background-meta":{"desktop":{"background-color":"var(--ast-global-color-5)","background-image":"","background-repeat":"repeat","background-position":"center center","background-size":"auto","background-attachment":"scroll","background-type":"","background-media":"","overlay-type":"","overlay-color":"","overlay-opacity":"","overlay-gradient":""},"tablet":{"background-color":"var(--ast-global-color-5)","background-image":"","background-repeat":"repeat","background-position":"center center","background-size":"auto","background-attachment":"scroll","background-type":"","background-media":"","overlay-type":"","overlay-color":"","overlay-opacity":"","overlay-gradient":""},"mobile":{"background-color":"var(--ast-global-color-5)","background-image":"","background-repeat":"repeat","background-position":"center center","background-size":"auto","background-attachment":"scroll","background-type":"","background-media":"","overlay-type":"","overlay-color":"","overlay-opacity":"","overlay-gradient":""}}},"product_brand":[],"product_cat":[741,236],"product_tag":[1304],"class_list":{"0":"post-54050","1":"product","2":"type-product","3":"status-publish","4":"has-post-thumbnail","6":"product_cat-regelbuecher-deutsch","7":"product_cat-saga-rules","8":"product_tag-regelbuch","9":"pa_delivery_conditions-31-neu","10":"pa_delivery_time-anfang-maerz","11":"pa_dimension-22-a4","12":"pa_material-24-papier","13":"pa_teile-49-6","14":"desktop-align-left","15":"tablet-align-left","16":"mobile-align-left","18":"first","19":"instock","20":"sale","21":"taxable","22":"shipping-taxable","23":"purchasable","24":"product-type-composite"},"uagb_featured_image_src":{"full":["https:\/\/stronghold-terrain.de\/wp-content\/uploads\/2021\/03\/SARB60-Gratisminiatur.jpg",955,1371,false],"thumbnail":["https:\/\/stronghold-terrain.de\/wp-content\/uploads\/2021\/03\/SARB60-Gratisminiatur-150x150.jpg",150,150,true],"medium":["https:\/\/stronghold-terrain.de\/wp-content\/uploads\/2021\/03\/SARB60-Gratisminiatur-209x300.jpg",209,300,true],"medium_large":["https:\/\/stronghold-terrain.de\/wp-content\/uploads\/2021\/03\/SARB60-Gratisminiatur-768x1103.jpg",768,1103,true],"large":["https:\/\/stronghold-terrain.de\/wp-content\/uploads\/2021\/03\/SARB60-Gratisminiatur-713x1024.jpg",713,1024,true],"1536x1536":["https:\/\/stronghold-terrain.de\/wp-content\/uploads\/2021\/03\/SARB60-Gratisminiatur.jpg",955,1371,false],"2048x2048":["https:\/\/stronghold-terrain.de\/wp-content\/uploads\/2021\/03\/SARB60-Gratisminiatur.jpg",955,1371,false],"woocommerce_thumbnail":["https:\/\/stronghold-terrain.de\/wp-content\/uploads\/2021\/03\/SARB60-Gratisminiatur-262x328.jpg",262,328,true],"woocommerce_single":["https:\/\/stronghold-terrain.de\/wp-content\/uploads\/2021\/03\/SARB60-Gratisminiatur-555x797.jpg",555,797,true],"woocommerce_gallery_thumbnail":["https:\/\/stronghold-terrain.de\/wp-content\/uploads\/2021\/03\/SARB60-Gratisminiatur-100x100.jpg",100,100,true],"woosq":["https:\/\/stronghold-terrain.de\/wp-content\/uploads\/2021\/03\/SARB60-Gratisminiatur-460x460.jpg",460,460,true]},"uagb_author_info":{"display_name":"Mirco Wenning","author_link":"https:\/\/stronghold-terrain.de\/en\/author\/"},"uagb_comment_info":0,"uagb_excerpt":"Wir schreiben das Jahr 218 v. Chr. Rom hat seinem alten Rivalen Karthago den Krieg erkl\u00e4rt und muss nun mit ansehen, wie eine karthagische Armee unter dem Kommando von Hannibal Barkas die Alpen \u00fcberquert. Seine Invasion, die den Krieg ins Herz der R\u00f6mischen Republik trug, war Teil der drei Punischen Kriege, einer Reihe von Konflikten,&hellip;","_links":{"self":[{"href":"https:\/\/stronghold-terrain.de\/en\/wp-json\/wp\/v2\/product\/54050","targetHints":{"allow":["GET"]}}],"collection":[{"href":"https:\/\/stronghold-terrain.de\/en\/wp-json\/wp\/v2\/product"}],"about":[{"href":"https:\/\/stronghold-terrain.de\/en\/wp-json\/wp\/v2\/types\/product"}],"wp:featuredmedia":[{"embeddable":true,"href":"https:\/\/stronghold-terrain.de\/en\/wp-json\/wp\/v2\/media\/45336"}],"wp:attachment":[{"href":"https:\/\/stronghold-terrain.de\/en\/wp-json\/wp\/v2\/media?parent=54050"}],"wp:term":[{"taxonomy":"product_brand","embeddable":true,"href":"https:\/\/stronghold-terrain.de\/en\/wp-json\/wp\/v2\/product_brand?post=54050"},{"taxonomy":"product_cat","embeddable":true,"href":"https:\/\/stronghold-terrain.de\/en\/wp-json\/wp\/v2\/product_cat?post=54050"},{"taxonomy":"product_tag","embeddable":true,"href":"https:\/\/stronghold-terrain.de\/en\/wp-json\/wp\/v2\/product_tag?post=54050"}],"curies":[{"name":"wp","href":"https:\/\/api.w.org\/{rel}","templated":true}]}}