{"id":54051,"date":"2023-03-15T08:45:17","date_gmt":"2023-03-15T08:45:17","guid":{"rendered":"https:\/\/stronghold-terrain.de\/?post_type=product&#038;p=54051"},"modified":"2025-10-23T08:16:09","modified_gmt":"2025-10-23T08:16:09","slug":"saga-erweiterung-aera-der-wikinger-v-2021-gratisfigur","status":"publish","type":"product","link":"https:\/\/stronghold-terrain.de\/en\/shop\/saga-erweiterung-aera-der-wikinger-v-2021-gratisfigur\/","title":{"rendered":"SAGA-Erweiterung \u00c4ra der Wikinger  V.2021 &#038; Gratisfigur (German version)"},"content":{"rendered":"<p><\/p>\n<h3>SAGA-Erweiterung \u00c4ra der Wikinger V.2021 &amp; Gratisfigur<\/h3>\n<ul>\n<li>72 Seiten<\/li>\n<li>Hardcover (mit Leseb\u00e4ndchen)<\/li>\n<li>12 Schlachtpl\u00e4ne<\/li>\n<li>Plus die neue Gratis Figur <strong>Wikinger Standartentr\u00e4ger<\/strong><\/li>\n<\/ul>\n<p>\u00c4ra der Wikinger V.2021 enth\u00e4lt die \u00fcberarbeiteten Schlachtpl\u00e4ne (bei 8 von den 12 hat sich im Zuge der Errata der letzten Jahre teilweise recht viel ge\u00e4ndert).<\/p>\n<p>Das Buch selbst ist nicht \u00fcberarbeitet. Hierzu empfehlen wir dir das aktuelle <a href=\"https:\/\/stronghold-terrain.de\/category\/saga\/saga-downloads-saga\/\"><span style=\"color: #800000;\"><strong>FAQ<\/strong><\/span><\/a> herunterzuladen, welches einige Aktualisierungen und Klarstellungen enth\u00e4lt.<\/p>\n<p>&nbsp;<\/p>\n<p><em>\u00c4ra der Wikinger \u00c4ra der Wikinger \u00c4RA DER WIKINGER<\/em><br \/>\n<em>Wir schreiben das Jahr 793\u2026 Das friedliche Kloster auf der Insel Lindisfarne wird <\/em><em>\u00fcberfallen und gepl\u00fcndert. Die Angreifer erscheinen aus dem Nebel, und ihre<\/em><br \/>\n<em>m\u00e4chtigen Schiffe durchpfl\u00fcgen die Wellen. <\/em><em>Dieser erste Angriff leitet die \u00c4ra der Wikinger ein, die auch als Nordm\u00e4nner, <\/em><em>Seew\u00f6lfe und Heimsuchung der Gl\u00e4ubigen bekannt werden. \u00dcber drei Jahrhunderte <\/em><em>hinweg wird jede K\u00fcste und jede Stadt in Furcht vor diesen Kriegern und ihrer<\/em><br \/>\n<em>einzigartigen Wildheit erzittern.<\/em><br \/>\n<em>Schon bald werden die Nordm\u00e4nner sich nicht mehr l\u00e4nger nur mit Pl\u00fcndern und <\/em><em>Brandschatzen zufrieden geben. Die m\u00e4chtigen Armeen der skandinavischen K\u00f6nigreiche <\/em><em>werden sich in Flotten zusammenschlie\u00dfen und \u00fcber Europa hereinbrechen, <\/em><em>wo sie L\u00e4nder erobern, K\u00f6nige und Kaiser gefangen nehmen und eigene Kolonien <\/em><em>gr\u00fcnden werden.<\/em><\/p>\n<p>\u00c4ra der Wikinger ist ein SAGA-Erweiterungsband, der die Geschichte Europas von der Entstehung der nordischen K\u00f6nigreiche bis zur Schlacht von Hastings abdeckt, die allgemein als das Ende dieser Epoche gilt. Diese SAGA-Spielwelt umfasst 12 Fraktionen dieser \u00c4ra, die alle vier Ecken Europas abdecken. Jede von ihnen besitzt einen eigenen Schlachtplan, legend\u00e4re Einheiten und spezifische Sonderregeln.<\/p>\n<p><strong>Folgende V\u00f6lker sind in diesem Buch enthalten:<\/strong><br \/>\n\u2022 Angelsachsen<br \/>\n\u2022 Heidnische Rus<br \/>\n\u2022 Normannen\/Bretonen<br \/>\n\u2022 Anglod\u00e4nen<br \/>\n\u2022 Iren<br \/>\n\u2022 Schotten<br \/>\n\u2022 Die Letzten R\u00f6mer<br \/>\n\u2022 Jomswikinger<br \/>\n\u2022 Waliser\/Strathclyde<br \/>\n\u2022 Franken<br \/>\n\u2022 Nordische G\u00e4len<br \/>\n\u2022 Wikinger<\/p>\n<p>Dar\u00fcber hinaus enth\u00e4lt das Buch mehrere S\u00f6ldner, die du in deine Armee aufnehmen kannst, sowie ein Kapitel mit Reliquien und Artefakten aus dieser heldenhaften Zeit.<br \/>\nErwecke die Taten von Helden wie Harald Hardrada, Wilhelm dem Eroberer oder Karl dem Gro\u00dfen auf deinem Spieltisch erneut zum Leben! Die ber\u00fchmtesten Sagas der<br \/>\nGeschichte wurden von den Skalden der Wikinger verfasst. Kannst du sie \u00fcbertreffen? Um mit \u00c4ra der Wikinger zu spielen, ben\u00f6tigst du eine Ausgabe des SAGA-Regelbuchs.<\/p>\n<p>Diese Erweiterung beinhaltet 12 Schlachtpl\u00e4ne, die nicht separat erh\u00e4ltlich sind.<\/p>\n<div class=\"ast-oembed-container \" style=\"height: 100%;\"><iframe loading=\"lazy\" title=\"Review - Saga 2 Regelbuch und \u00c4ra der Wikinger\" width=\"500\" height=\"281\" src=\"https:\/\/www.youtube.com\/embed\/d4fs-n2TD2o?feature=oembed\" frameborder=\"0\" allow=\"accelerometer; autoplay; clipboard-write; encrypted-media; gyroscope; picture-in-picture; web-share\" referrerpolicy=\"strict-origin-when-cross-origin\" allowfullscreen><\/iframe><\/div>\n<p><strong>\u00a0<\/strong><\/p>","protected":false},"excerpt":{"rendered":"<p>SAGA-Erweiterung \u00c4ra der Wikinger V.2021 &amp; Gratisfigur 72 Seiten Hardcover (mit Leseb\u00e4ndchen) 12 Schlachtpl\u00e4ne Plus die neue Gratis Figur Wikinger Standartentr\u00e4ger \u00c4ra der Wikinger V.2021 enth\u00e4lt die \u00fcberarbeiteten Schlachtpl\u00e4ne (bei 8 von den 12 hat sich im Zuge der Errata der letzten Jahre teilweise recht viel ge\u00e4ndert). Das Buch selbst ist nicht \u00fcberarbeitet. Hierzu empfehlen [&hellip;]<\/p>\n","protected":false},"featured_media":56209,"template":"","meta":{"_crdt_document":"","_uag_custom_page_level_css":"","site-sidebar-layout":"default","site-content-layout":"","ast-site-content-layout":"default","site-content-style":"default","site-sidebar-style":"default","ast-global-header-display":"","ast-banner-title-visibility":"","ast-main-header-display":"","ast-hfb-above-header-display":"","ast-hfb-below-header-display":"","ast-hfb-mobile-header-display":"","site-post-title":"","ast-breadcrumbs-content":"","ast-featured-img":"","footer-sml-layout":"","theme-transparent-header-meta":"default","adv-header-id-meta":"","stick-header-meta":"","header-above-stick-meta":"","header-main-stick-meta":"","header-below-stick-meta":"","astra-migrate-meta-layouts":"set","ast-page-background-enabled":"default","ast-page-background-meta":{"desktop":{"background-color":"var(--ast-global-color-4)","background-image":"","background-repeat":"repeat","background-position":"center center","background-size":"auto","background-attachment":"scroll","background-type":"","background-media":"","overlay-type":"","overlay-color":"","overlay-opacity":"","overlay-gradient":""},"tablet":{"background-color":"","background-image":"","background-repeat":"repeat","background-position":"center center","background-size":"auto","background-attachment":"scroll","background-type":"","background-media":"","overlay-type":"","overlay-color":"","overlay-opacity":"","overlay-gradient":""},"mobile":{"background-color":"","background-image":"","background-repeat":"repeat","background-position":"center center","background-size":"auto","background-attachment":"scroll","background-type":"","background-media":"","overlay-type":"","overlay-color":"","overlay-opacity":"","overlay-gradient":""}},"ast-content-background-meta":{"desktop":{"background-color":"var(--ast-global-color-5)","background-image":"","background-repeat":"repeat","background-position":"center center","background-size":"auto","background-attachment":"scroll","background-type":"","background-media":"","overlay-type":"","overlay-color":"","overlay-opacity":"","overlay-gradient":""},"tablet":{"background-color":"var(--ast-global-color-5)","background-image":"","background-repeat":"repeat","background-position":"center center","background-size":"auto","background-attachment":"scroll","background-type":"","background-media":"","overlay-type":"","overlay-color":"","overlay-opacity":"","overlay-gradient":""},"mobile":{"background-color":"var(--ast-global-color-5)","background-image":"","background-repeat":"repeat","background-position":"center center","background-size":"auto","background-attachment":"scroll","background-type":"","background-media":"","overlay-type":"","overlay-color":"","overlay-opacity":"","overlay-gradient":""}}},"product_brand":[],"product_cat":[741,236],"product_tag":[1304],"class_list":{"0":"post-54051","1":"product","2":"type-product","3":"status-publish","4":"has-post-thumbnail","6":"product_cat-regelbuecher-deutsch","7":"product_cat-saga-rules","8":"product_tag-regelbuch","9":"pa_delivery_conditions-31-neu","10":"pa_dimension-22-a4","11":"pa_material-24-papier","12":"pa_teile-49-6","13":"desktop-align-left","14":"tablet-align-left","15":"mobile-align-left","17":"first","18":"instock","19":"sale","20":"taxable","21":"shipping-taxable","22":"purchasable","23":"product-type-composite"},"uagb_featured_image_src":{"full":["https:\/\/stronghold-terrain.de\/wp-content\/uploads\/2018\/02\/Aera-der-Wikinger-Cover-2.jpg",734,1024,false],"thumbnail":["https:\/\/stronghold-terrain.de\/wp-content\/uploads\/2018\/02\/Aera-der-Wikinger-Cover-2-150x150.jpg",150,150,true],"medium":["https:\/\/stronghold-terrain.de\/wp-content\/uploads\/2018\/02\/Aera-der-Wikinger-Cover-2-215x300.jpg",215,300,true],"medium_large":["https:\/\/stronghold-terrain.de\/wp-content\/uploads\/2018\/02\/Aera-der-Wikinger-Cover-2.jpg",734,1024,false],"large":["https:\/\/stronghold-terrain.de\/wp-content\/uploads\/2018\/02\/Aera-der-Wikinger-Cover-2.jpg",734,1024,false],"1536x1536":["https:\/\/stronghold-terrain.de\/wp-content\/uploads\/2018\/02\/Aera-der-Wikinger-Cover-2.jpg",734,1024,false],"2048x2048":["https:\/\/stronghold-terrain.de\/wp-content\/uploads\/2018\/02\/Aera-der-Wikinger-Cover-2.jpg",734,1024,false],"woocommerce_thumbnail":["https:\/\/stronghold-terrain.de\/wp-content\/uploads\/2018\/02\/Aera-der-Wikinger-Cover-2-262x328.jpg",262,328,true],"woocommerce_single":["https:\/\/stronghold-terrain.de\/wp-content\/uploads\/2018\/02\/Aera-der-Wikinger-Cover-2-555x774.jpg",555,774,true],"woocommerce_gallery_thumbnail":["https:\/\/stronghold-terrain.de\/wp-content\/uploads\/2018\/02\/Aera-der-Wikinger-Cover-2-100x100.jpg",100,100,true],"woosq":["https:\/\/stronghold-terrain.de\/wp-content\/uploads\/2018\/02\/Aera-der-Wikinger-Cover-2-460x460.jpg",460,460,true]},"uagb_author_info":{"display_name":"Mirco Wenning","author_link":"https:\/\/stronghold-terrain.de\/en\/author\/"},"uagb_comment_info":0,"uagb_excerpt":"SAGA-Erweiterung \u00c4ra der Wikinger V.2021 &amp; Gratisfigur 72 Seiten Hardcover (mit Leseb\u00e4ndchen) 12 Schlachtpl\u00e4ne Plus die neue Gratis Figur Wikinger Standartentr\u00e4ger \u00c4ra der Wikinger V.2021 enth\u00e4lt die \u00fcberarbeiteten Schlachtpl\u00e4ne (bei 8 von den 12 hat sich im Zuge der Errata der letzten Jahre teilweise recht viel ge\u00e4ndert). Das Buch selbst ist nicht \u00fcberarbeitet. Hierzu empfehlen&hellip;","_links":{"self":[{"href":"https:\/\/stronghold-terrain.de\/en\/wp-json\/wp\/v2\/product\/54051","targetHints":{"allow":["GET"]}}],"collection":[{"href":"https:\/\/stronghold-terrain.de\/en\/wp-json\/wp\/v2\/product"}],"about":[{"href":"https:\/\/stronghold-terrain.de\/en\/wp-json\/wp\/v2\/types\/product"}],"wp:featuredmedia":[{"embeddable":true,"href":"https:\/\/stronghold-terrain.de\/en\/wp-json\/wp\/v2\/media\/56209"}],"wp:attachment":[{"href":"https:\/\/stronghold-terrain.de\/en\/wp-json\/wp\/v2\/media?parent=54051"}],"wp:term":[{"taxonomy":"product_brand","embeddable":true,"href":"https:\/\/stronghold-terrain.de\/en\/wp-json\/wp\/v2\/product_brand?post=54051"},{"taxonomy":"product_cat","embeddable":true,"href":"https:\/\/stronghold-terrain.de\/en\/wp-json\/wp\/v2\/product_cat?post=54051"},{"taxonomy":"product_tag","embeddable":true,"href":"https:\/\/stronghold-terrain.de\/en\/wp-json\/wp\/v2\/product_tag?post=54051"}],"curies":[{"name":"wp","href":"https:\/\/api.w.org\/{rel}","templated":true}]}}