{"id":54753,"date":"2023-05-17T06:51:34","date_gmt":"2023-05-17T06:51:34","guid":{"rendered":"https:\/\/stronghold-terrain.de\/?post_type=product&#038;p=54753"},"modified":"2026-04-12T14:02:56","modified_gmt":"2026-04-12T14:02:56","slug":"saga-regelbuch-202er2-edition-plus-gratisfigur","status":"publish","type":"product","link":"https:\/\/stronghold-terrain.de\/en\/shop\/saga-regelbuch-202er2-edition-plus-gratisfigur\/","title":{"rendered":"SAGA Regelbuch 2022er Edition plus Gratisfigur (German Version)"},"content":{"rendered":"<p>SAGA Regelbuch 202er2 Edition plus Gratisfigur<\/p>\n<ul>\n<li><b>Alle relevanten Korrekturen der offiziellen SAGA 2022 FAQ sind eingearbeitet<\/b><\/li>\n<li>Enth\u00e4lt das SAGA-Regelwerk (keine Schlachtpl\u00e4ne)<\/li>\n<li>52 Seiten (Softcover)<\/li>\n<li>Plus Gratisfigur (Miniatur von Reconquer Designs, bemalt von Bastian van Lier)<\/li>\n<\/ul>\n<p>Das SAGA Regelbuch 2022er Edition ist hat eine Menger \u00c4nderungen erfahren. Zum einen haben wir neben der Einarbeitung der aktuellen Errata die Gelegenheit genutzt, um viele Formulierungen noch klarer zu formulieren. Zum anderen sind neue Miniaturenbilder enthalten, zu denen auch wir einige beisteuern durften.<\/p>\n<p>Muss man sich das neue Regelbuch kaufen, wenn ich schon eine \u00e4ltere Version habe? Nein, muss man nicht, da es das Errata auch bei uns zum Download gibt. Es macht allerdings vieles einfacher und bequemer, da du nicht immer zusammen mit dem FAQ hantieren musst, um ganz sicher zu sein, wenn es um eine Regel geht.<\/p>\n<p>Weiter unten gehen wir noch einmal n\u00e4her auf relevante Regel\u00e4nderungen ein (danke Christian).<\/p>\n<p><em>Jede \u00c4ra hat ihre Helden; Menschen, deren Heldenmut und Rechtschaffenheit sie zu weit<\/em><br \/>\n<em>mehr als normalen Sterblichen werden lie\u00dfen. Durch Entschlossenheit, Mut und St\u00e4rke<\/em><br \/>\n<em>schmiedeten sie ihr eigenes Schicksal. Ihre Namen \u00fcberdauern die Zeitalter: K\u00f6nig Artus,<\/em><br \/>\n<em>William der Eroberer, Achilles und Conan.<\/em><br \/>\n<em>Was auch immer sie zu Legenden machte \u2013 ihre Geburt, ihre Taten, die Kreativit\u00e4t der<\/em><br \/>\n<em>zeitgen\u00f6ssischen Schriftsteller oder die Annalen der Geschichtsschreibung \u2013, sie werden<\/em><br \/>\n<em>f\u00fcr immer in unserer gemeinsamen Erinnerung weiterleben.<\/em><br \/>\n<em>F\u00fcr jede die Zeit \u00fcberdauernde Geschichte warten unz\u00e4hlige weitere auf ihre Niederschrift.<\/em><br \/>\n<em>Tausende Helden d\u00fcrsten danach, sich auf dem Schlachtfeld zu beweisen, das<\/em><br \/>\n<em>Lied von Feuer und Stahl erklingen zu lassen und der Welt ihren Stempel aufzudr\u00fccken.<\/em><br \/>\n<em>Mit diesem Buch hast du die einmalige Gelegenheit, Anteil an dem Aufstieg von Legenden<\/em><br \/>\n<em>zu nehmen, und ihre M\u00fchen und Leiden bei der Erf\u00fcllung ihrer Vorsehung zu verfolgen.<\/em><br \/>\n<em>Deine SAGA beginnt hier \u2026<\/em><\/p>\n<p>SAGA ist ein Miniaturenspiel, das in den Zeitaltern gro\u00dfer Helden angesiedelt ist, seien sie historischen<br \/>\nUrsprungs, Geschichten aus dem Reich der Mythen oder der Feder von Schriftstellern entsprungen.<br \/>\nSAGA erweckt die Schlachten zwischen au\u00dfergew\u00f6hnlichen Kriegern zum Leben \u2013 Kriegsherren, die<br \/>\nsich an der Spitze ihrer Armee ihren Namen blutig verdienen.<\/p>\n<p>Dieses Spiel macht dich zum Anf\u00fchrer einer Kriegerhorde, die aus ungef\u00e4hr 30 Miniaturen besteht und<br \/>\nvon deinem Alter Ego, einem m\u00e4chtigen Kriegsherrn, in die Schlacht gef\u00fchrt wird. Jede SAGA-Armee<br \/>\nwird aus den Fraktionen einer SAGA-Spielwelt rekrutiert und nutzt einen einzigartigen Schlachtplan<br \/>\nmit unterschiedlichsten F\u00e4higkeiten sowie die zugeh\u00f6rigen SAGA-W\u00fcrfel.<\/p>\n<p>Das SAGA-Regelbuch beschreibt ein einfach zu erlernendes, schwierig zu meisterndes und gleichzeitig<br \/>\ninnovatives Spielsystem. Viele Illustrationen und Bilder stellen beispielhaft Situationen dar und \u00f6ffnen<br \/>\ndir den Blick auf die mannigfaltigen Spielwelten von SAGA, die nur auf deine Entdeckung warten.<br \/>\nDieses Regelwerk ist das Ergebnis jahrelanger Spieleentwicklung, zu dem auch die gro\u00dfe SAGA-Gemeinschaft<br \/>\n\u00fcberall auf der Welt entscheidend beigetragen hat.<br \/>\nSobald du dieses Buch gelesen hast, musst du dich nur noch f\u00fcr eine der SAGA-Spielwelten entscheiden<br \/>\nund deine Armee zusammenbauen.<\/p>\n<p>Schreibe deine eigene SAGA!<\/p>\n<p>&nbsp;<\/p>\n<p><strong>Regel\u00e4nderungen 2022er Edition:<\/strong><\/p>\n<p>Wie bereits angesprochen, wurden die bisherigen Regelanpassungen direkt in das Regelwerk integriert, um die zu gew\u00e4hrleisten, die aktuellen Regeln in einem Buch zu haben..<br \/>\nIm neuen Errata wurden jedoch neue Anpassungen eingef\u00fchrt, auf die wir nun auf Einzelne kurz eingehen wollen.<\/p>\n<p><strong><em>Formation:<\/em><\/strong> Die Regeln zur Formation wurden nach der erstmaligen Anpassung \/ Klarstellung \u00fcberarbeitet und konkretisiert. Das Bezugsmodell zur \u00dcberpr\u00fcfung zum Einhalten der Formation ist jedoch nicht mehr das erstgef\u00fchrte Modell einer Einheit, sondern ein freiw\u00e4hlbares Modell (Ausnahme Nahkampf). Dies sorgt f\u00fcr einen fl\u00fcssigeren Spielfluss und ist eine sinnvolle Anpassung.<\/p>\n<p><em>Wiederholungsw\u00fcrfe und Modifikationen:<\/em> Diese Anpassung setzt nun klare Ober- und Untergrenzen f\u00fcr die Ergebnisse von W\u00fcrfen. Spieltechnisch hat es keine Auswirkungen, da automatische Treffer und unm\u00f6gliche Treffer weiter m\u00f6glich sind, jedoch vereinfacht diese Anpassung die Auswertung der Wurfergebnisse.<\/p>\n<p><em>Wer viel kann, darf auch weniger tun:<\/em> Eine gute Anpassung der Regeln, die es erlaubt von den Auswirkungen der SAGA-Sonderf\u00e4higkeiten abweichen zu k\u00f6nnen. Wenn eine F\u00e4higkeit fr\u00fcher festlegte, dass ist beispielsweise 3 Einheiten aktivieren muss, war es vor der Anpassung zu bestimmten Situationen nicht m\u00f6glich, diese F\u00e4higkeiten einzusetzen, da ich schlichtweg die Voraussetzungen nicht erf\u00fcllte. Nun darf man als Spieler in diesem Beispiel auch weniger Einheiten aktivieren. Dies mach das Spiel fl\u00fcssiger und bring neue Aspekte und Freiheiten beim Einsatz von SAGA-Sonderf\u00e4higkeiten und ich kann einzelne F\u00e4higkeiten daher nutzen, auch wenn wir im Spiel etwas weiter fortgeschritten sind.<\/p>\n<p><em>SAGA-W\u00fcrfel platzieren:<\/em> Diese Erl\u00e4uterung kl\u00e4rt lediglich Unklarheiten zum platzieren der SAGA-W\u00fcrfel in Abh\u00e4ngigkeit der Nutzung der F\u00e4higkeit in einem Spielzug.<\/p>\n<p><em>Rechteckige und ovale Bases:<\/em> Diese Anpassung besagt, dass die Ausrichtung einer Base, erst am Ende der Bewegung ge\u00e4ndert werden darf, Die Folgen sind, dass speziell ovale Bases teilweise nicht mehr durch L\u00fccken zwischen zwei Einheiten (oder zwischen einer Einheit und einem Gel\u00e4ndest\u00fcck) ohne Einschr\u00e4nkungen passieren k\u00f6nnen. Dies sorgt daf\u00fcr, dass beim Ausrichten der Modelle darauf geachtet werden sollte, dass ich in den kommenden Aktivierungen, mich nicht selbst blockieren. Eine Anpassung, die das Man\u00f6vrieren etwas komplexer macht, aber auch mehr taktische M\u00f6glichkeiten er\u00f6ffnet.<\/p>\n<p><em>Kampfpool und Bonus Angriffsw\u00fcrfel:<\/em> Die wohl derzeit umstrittenste Anpassung der Regeln. Bonus Angriffsw\u00fcrfel d\u00fcrfen den Kampfpool maximal verdoppeln, bis zu den bereits bekannten Obergrenzen und eine Einheit kann maximal die Anzahl Bonusw\u00fcrfel erhalten, die der Anzahl der Modelle der Einheit entspricht (Charisma wird hier ignoriert).<\/p>\n<p><em>Erm\u00fcdungmarker erhalten:<\/em> Einige vorhergehende \u00c4nderungen haben gezeigt, dass der Grundgedankte wohl die richtige Umsetzung war. Die Erm\u00fcdung f\u00fcr befreundete Einheiten innerhalb von K um eine vernichtete Einheit wird vor der Entfernung der Modelle \u00fcberpr\u00fcft.<\/p>\n<p><em>Wurfspeere:<\/em> Die Regeln f\u00fcr Wurfspeere wurden angepasst. Pro Spielzug darf der Spieler entscheiden, Einheiten mit Wurfspeeren f\u00fcr einen kostenlosen Fernkampf zu aktivieren. Das bringt einiges mehr Finesse in den Spielablauf, sorgt aber auch daf\u00fcr, dass der Wurfspeer wieder mehr f\u00fcr den Fernkampf genutzt werden kann, da eine vorhergehende Bewegungsaktivierung entf\u00e4llt.<\/p>\n<p><em>Angepasste Armeeaufstellung:<\/em> Die im vorhergehenden Errata empfohlene Anpassung ist nun offizieller Bestandteil des Regelwerks. Man kann nun bei der Zusammenstellung der Armee schlicht einen halben Punkt eines Truppentyps gegen einen anderen tauschen. Diese Anpassung macht es nun m\u00f6glich, mehr mit der Aufstellung der Einheiten zu spielen und bietet mehr taktische Tiefe mein Ausheben der Armee.<\/p>\n<p><em>Kampf der Kriegsherren:<\/em> Die Thematik Anzahl der SAGA-W\u00fcrfel im ersten Spielzug beim Startspieler wurde angepasst und entspricht nun eher den Regeln aus Edition 1. Der zweite Spieler bekommt vor der Befehlsphase des Startspielers 3 W\u00fcrfel auf den Schlachtplan und der Startspieler darf alle verf\u00fcgbaren SAGA-W\u00fcrfel nutzen. Dies macht die Funktion des Startspielers wieder attraktiver und sorgt f\u00fcr ein ausgewogenes Szenario. Weiterhin wurde die Ausstellungsmethode C angepasst und bringt eine neue spannende Aufstellung mit.<\/p>\n","protected":false},"excerpt":{"rendered":"<p>SAGA Regelbuch 202er2 Edition plus Gratisfigur Alle relevanten Korrekturen der offiziellen SAGA 2022 FAQ sind eingearbeitet Enth\u00e4lt das SAGA-Regelwerk (keine Schlachtpl\u00e4ne) 52 Seiten (Softcover) Plus Gratisfigur (Miniatur von Reconquer Designs, bemalt von Bastian van Lier) Das SAGA Regelbuch 2022er Edition ist hat eine Menger \u00c4nderungen erfahren. Zum einen haben wir neben der Einarbeitung der aktuellen [&hellip;]<\/p>\n","protected":false},"featured_media":54754,"template":"","meta":{"_crdt_document":"","_uag_custom_page_level_css":"","site-sidebar-layout":"default","site-content-layout":"","ast-site-content-layout":"default","site-content-style":"default","site-sidebar-style":"default","ast-global-header-display":"","ast-banner-title-visibility":"","ast-main-header-display":"","ast-hfb-above-header-display":"","ast-hfb-below-header-display":"","ast-hfb-mobile-header-display":"","site-post-title":"","ast-breadcrumbs-content":"","ast-featured-img":"","footer-sml-layout":"","theme-transparent-header-meta":"default","adv-header-id-meta":"","stick-header-meta":"","header-above-stick-meta":"","header-main-stick-meta":"","header-below-stick-meta":"","astra-migrate-meta-layouts":"set","ast-page-background-enabled":"default","ast-page-background-meta":{"desktop":{"background-color":"var(--ast-global-color-4)","background-image":"","background-repeat":"repeat","background-position":"center center","background-size":"auto","background-attachment":"scroll","background-type":"","background-media":"","overlay-type":"","overlay-color":"","overlay-opacity":"","overlay-gradient":""},"tablet":{"background-color":"","background-image":"","background-repeat":"repeat","background-position":"center center","background-size":"auto","background-attachment":"scroll","background-type":"","background-media":"","overlay-type":"","overlay-color":"","overlay-opacity":"","overlay-gradient":""},"mobile":{"background-color":"","background-image":"","background-repeat":"repeat","background-position":"center center","background-size":"auto","background-attachment":"scroll","background-type":"","background-media":"","overlay-type":"","overlay-color":"","overlay-opacity":"","overlay-gradient":""}},"ast-content-background-meta":{"desktop":{"background-color":"var(--ast-global-color-5)","background-image":"","background-repeat":"repeat","background-position":"center center","background-size":"auto","background-attachment":"scroll","background-type":"","background-media":"","overlay-type":"","overlay-color":"","overlay-opacity":"","overlay-gradient":""},"tablet":{"background-color":"var(--ast-global-color-5)","background-image":"","background-repeat":"repeat","background-position":"center center","background-size":"auto","background-attachment":"scroll","background-type":"","background-media":"","overlay-type":"","overlay-color":"","overlay-opacity":"","overlay-gradient":""},"mobile":{"background-color":"var(--ast-global-color-5)","background-image":"","background-repeat":"repeat","background-position":"center center","background-size":"auto","background-attachment":"scroll","background-type":"","background-media":"","overlay-type":"","overlay-color":"","overlay-opacity":"","overlay-gradient":""}}},"product_brand":[],"product_cat":[741,236],"product_tag":[1304],"class_list":{"0":"post-54753","1":"product","2":"type-product","3":"status-publish","4":"has-post-thumbnail","6":"product_cat-regelbuecher-deutsch","7":"product_cat-saga-rules","8":"product_tag-regelbuch","9":"pa_delivery_conditions-31-neu","10":"pa_delivery_time-2-3","11":"pa_dimension-22-a4","12":"pa_material-24-papier","13":"pa_teile-49-6","14":"desktop-align-left","15":"tablet-align-left","16":"mobile-align-left","18":"first","19":"instock","20":"taxable","21":"shipping-taxable","22":"purchasable","23":"product-type-simple"},"uagb_featured_image_src":{"full":["https:\/\/stronghold-terrain.de\/wp-content\/uploads\/2023\/05\/SAGA-Regelbuch-2022-Cover-Gratisfigur.jpg",730,1024,false],"thumbnail":["https:\/\/stronghold-terrain.de\/wp-content\/uploads\/2023\/05\/SAGA-Regelbuch-2022-Cover-Gratisfigur-150x150.jpg",150,150,true],"medium":["https:\/\/stronghold-terrain.de\/wp-content\/uploads\/2023\/05\/SAGA-Regelbuch-2022-Cover-Gratisfigur-214x300.jpg",214,300,true],"medium_large":["https:\/\/stronghold-terrain.de\/wp-content\/uploads\/2023\/05\/SAGA-Regelbuch-2022-Cover-Gratisfigur.jpg",730,1024,false],"large":["https:\/\/stronghold-terrain.de\/wp-content\/uploads\/2023\/05\/SAGA-Regelbuch-2022-Cover-Gratisfigur.jpg",730,1024,false],"1536x1536":["https:\/\/stronghold-terrain.de\/wp-content\/uploads\/2023\/05\/SAGA-Regelbuch-2022-Cover-Gratisfigur.jpg",730,1024,false],"2048x2048":["https:\/\/stronghold-terrain.de\/wp-content\/uploads\/2023\/05\/SAGA-Regelbuch-2022-Cover-Gratisfigur.jpg",730,1024,false],"woocommerce_thumbnail":["https:\/\/stronghold-terrain.de\/wp-content\/uploads\/2023\/05\/SAGA-Regelbuch-2022-Cover-Gratisfigur-262x328.jpg",262,328,true],"woocommerce_single":["https:\/\/stronghold-terrain.de\/wp-content\/uploads\/2023\/05\/SAGA-Regelbuch-2022-Cover-Gratisfigur-555x779.jpg",555,779,true],"woocommerce_gallery_thumbnail":["https:\/\/stronghold-terrain.de\/wp-content\/uploads\/2023\/05\/SAGA-Regelbuch-2022-Cover-Gratisfigur-100x100.jpg",100,100,true],"woosq":["https:\/\/stronghold-terrain.de\/wp-content\/uploads\/2023\/05\/SAGA-Regelbuch-2022-Cover-Gratisfigur-460x460.jpg",460,460,true]},"uagb_author_info":{"display_name":"Mirco Wenning","author_link":"https:\/\/stronghold-terrain.de\/en\/author\/"},"uagb_comment_info":0,"uagb_excerpt":"SAGA Regelbuch 202er2 Edition plus Gratisfigur Alle relevanten Korrekturen der offiziellen SAGA 2022 FAQ sind eingearbeitet Enth\u00e4lt das SAGA-Regelwerk (keine Schlachtpl\u00e4ne) 52 Seiten (Softcover) Plus Gratisfigur (Miniatur von Reconquer Designs, bemalt von Bastian van Lier) Das SAGA Regelbuch 2022er Edition ist hat eine Menger \u00c4nderungen erfahren. Zum einen haben wir neben der Einarbeitung der aktuellen&hellip;","_links":{"self":[{"href":"https:\/\/stronghold-terrain.de\/en\/wp-json\/wp\/v2\/product\/54753","targetHints":{"allow":["GET"]}}],"collection":[{"href":"https:\/\/stronghold-terrain.de\/en\/wp-json\/wp\/v2\/product"}],"about":[{"href":"https:\/\/stronghold-terrain.de\/en\/wp-json\/wp\/v2\/types\/product"}],"wp:featuredmedia":[{"embeddable":true,"href":"https:\/\/stronghold-terrain.de\/en\/wp-json\/wp\/v2\/media\/54754"}],"wp:attachment":[{"href":"https:\/\/stronghold-terrain.de\/en\/wp-json\/wp\/v2\/media?parent=54753"}],"wp:term":[{"taxonomy":"product_brand","embeddable":true,"href":"https:\/\/stronghold-terrain.de\/en\/wp-json\/wp\/v2\/product_brand?post=54753"},{"taxonomy":"product_cat","embeddable":true,"href":"https:\/\/stronghold-terrain.de\/en\/wp-json\/wp\/v2\/product_cat?post=54753"},{"taxonomy":"product_tag","embeddable":true,"href":"https:\/\/stronghold-terrain.de\/en\/wp-json\/wp\/v2\/product_tag?post=54753"}],"curies":[{"name":"wp","href":"https:\/\/api.w.org\/{rel}","templated":true}]}}