{"id":61247,"date":"2025-01-08T06:56:57","date_gmt":"2025-01-08T06:56:57","guid":{"rendered":"https:\/\/stronghold-terrain.de\/?post_type=product&#038;p=61247"},"modified":"2026-03-28T15:36:54","modified_gmt":"2026-03-28T15:36:54","slug":"gangs-of-rome-a5-schnellstart-regeln-deutsch","status":"publish","type":"product","link":"https:\/\/stronghold-terrain.de\/en\/shop\/gangs-of-rome-a5-schnellstart-regeln-deutsch\/","title":{"rendered":"Gangs of Rome A5 &#8211; Schnellstart Regeln (Deutsch)"},"content":{"rendered":"<h4><em><strong>Beim Kauf des Booklets bekommst du einen Gutscheincode \u00fcber 5\u20ac, der beim Kauf des Gangs of Rome Hardcover Regelbuchs eingel\u00f6st werden kann.\u00a0<\/strong><\/em><\/h4>\n<p>In einer Zeit, in der die Elite Roms brutale Banden als Instrumente ihres Willens einsetzt, l\u00e4dt Gangs of Rome dich ein, sich einen Weg zur Macht zu bahnen. Als Dominus rekrutierst und befehligst du eine bunt gemischte Truppe r\u00fccksichtsloser K\u00e4mpfer , um deine Ziele zu erreichen. Mit Wildheit, die nur durch deine Gerissenheit gemildert wird, steigst du in den Reihen der r\u00f6mischen Gesellschaft auf und vernichtest alle, die sich dir in den Weg stellen.<\/p>\n<p>Dieses Booklet f\u00fchrt dich in die Spielmechanik von Gangs of Rome ein. Es umfasst Regeln f\u00fcr die Aktivierung deiner K\u00e4mpfer, f\u00fcr Gel\u00e4nde, stellt die Mechanik des P\u00f6bel Roms in Form von Mob-Bases vor, bietet einige erste Szenarios.<\/p>\n<p>Das A5 Softcover Booklet umfasst insgesamt 36 Seiten.<\/p>\n<p>Gangs of Rome ist ein anderer Ansatz f\u00fcr antike Tabletop-Spiele, der sich auf die d\u00fcstere Schattenseite der r\u00f6mischen Gesellschaft konzentriert. Mit einem Spielstil, der den Schwerpunkt auf die Erz\u00e4hlung legt, ist Gangs of Rome perfekt f\u00fcr Spieler, die einmalige Spiele erleben oder eine Kampagne in den dunklen und gef\u00e4hrlichen Stra\u00dfen des antiken Roms durchf\u00fchren m\u00f6chten. Ob Sie nun versuchen, Reichtum anzuh\u00e4ufen, Einfluss zu gewinnen oder sich einen Platz in der halsabschneiderischen Welt der Banden zu sichern, Gangs of Rome bietet ein einzigartiges und fesselndes Spielerlebnis. Memento Mori.<\/p>\n<p>In dem bald erscheinendem <strong>Hardcover Regelbuch<\/strong> von Gangs of Rome wird es dar\u00fcber hinaus Regeln f\u00fcr die Erschaffung und Ausr\u00fcstung eigener Banden, sowie eine Vielzahl an Szenarios und auch Kampagnenregeln geben. Des Weiteren sind auch Kapitel f\u00fcr besondere Bewohner Roms und legend\u00e4re K\u00e4mpfer enthalten. Das Hardcover Regelbuch quillt \u00fcber mit liebevollen Details und Regeln, die das Spiel noch erz\u00e4hlerischer gestalten.<\/p>\n","protected":false},"excerpt":{"rendered":"<p>Beim Kauf des Booklets bekommst du einen Gutscheincode \u00fcber 5\u20ac, der beim Kauf des Gangs of Rome Hardcover Regelbuchs eingel\u00f6st werden kann.\u00a0 In einer Zeit, in der die Elite Roms brutale Banden als Instrumente ihres Willens einsetzt, l\u00e4dt Gangs of Rome dich ein, sich einen Weg zur Macht zu bahnen. Als Dominus rekrutierst und befehligst [&hellip;]<\/p>\n","protected":false},"featured_media":61252,"template":"","meta":{"_crdt_document":"","_uag_custom_page_level_css":"","site-sidebar-layout":"default","site-content-layout":"","ast-site-content-layout":"","site-content-style":"default","site-sidebar-style":"default","ast-global-header-display":"","ast-banner-title-visibility":"","ast-main-header-display":"","ast-hfb-above-header-display":"","ast-hfb-below-header-display":"","ast-hfb-mobile-header-display":"","site-post-title":"","ast-breadcrumbs-content":"","ast-featured-img":"","footer-sml-layout":"","theme-transparent-header-meta":"","adv-header-id-meta":"","stick-header-meta":"","header-above-stick-meta":"","header-main-stick-meta":"","header-below-stick-meta":"","astra-migrate-meta-layouts":"default","ast-page-background-enabled":"default","ast-page-background-meta":{"desktop":{"background-color":"var(--ast-global-color-4)","background-image":"","background-repeat":"repeat","background-position":"center center","background-size":"auto","background-attachment":"scroll","background-type":"","background-media":"","overlay-type":"","overlay-color":"","overlay-opacity":"","overlay-gradient":""},"tablet":{"background-color":"","background-image":"","background-repeat":"repeat","background-position":"center center","background-size":"auto","background-attachment":"scroll","background-type":"","background-media":"","overlay-type":"","overlay-color":"","overlay-opacity":"","overlay-gradient":""},"mobile":{"background-color":"","background-image":"","background-repeat":"repeat","background-position":"center center","background-size":"auto","background-attachment":"scroll","background-type":"","background-media":"","overlay-type":"","overlay-color":"","overlay-opacity":"","overlay-gradient":""}},"ast-content-background-meta":{"desktop":{"background-color":"var(--ast-global-color-5)","background-image":"","background-repeat":"repeat","background-position":"center center","background-size":"auto","background-attachment":"scroll","background-type":"","background-media":"","overlay-type":"","overlay-color":"","overlay-opacity":"","overlay-gradient":""},"tablet":{"background-color":"var(--ast-global-color-5)","background-image":"","background-repeat":"repeat","background-position":"center center","background-size":"auto","background-attachment":"scroll","background-type":"","background-media":"","overlay-type":"","overlay-color":"","overlay-opacity":"","overlay-gradient":""},"mobile":{"background-color":"var(--ast-global-color-5)","background-image":"","background-repeat":"repeat","background-position":"center center","background-size":"auto","background-attachment":"scroll","background-type":"","background-media":"","overlay-type":"","overlay-color":"","overlay-opacity":"","overlay-gradient":""}}},"product_brand":[],"product_cat":[435,437,829],"product_tag":[],"class_list":{"0":"post-61247","1":"product","2":"type-product","3":"status-publish","4":"has-post-thumbnail","6":"product_cat-gangs-of-rome","7":"product_cat-gangs-of-rome-rules","8":"product_cat-3-regeln-spielzubehoer","9":"pa_delivery_conditions-21-bausatz_unbemalt","10":"pa_delivery_time-2-3","11":"pa_dimension-29-28mm","12":"pa_material-35-weimetall","13":"pa_teile-40-4","14":"desktop-align-left","15":"tablet-align-left","16":"mobile-align-left","18":"first","19":"instock","20":"taxable","21":"shipping-taxable","22":"purchasable","23":"product-type-simple"},"uagb_featured_image_src":{"full":["https:\/\/stronghold-terrain.de\/wp-content\/uploads\/2025\/01\/GORRB1-Gangs-of-Rome-Schnellstart-Regeln-1.jpg",1128,1600,false],"thumbnail":["https:\/\/stronghold-terrain.de\/wp-content\/uploads\/2025\/01\/GORRB1-Gangs-of-Rome-Schnellstart-Regeln-1-150x150.jpg",150,150,true],"medium":["https:\/\/stronghold-terrain.de\/wp-content\/uploads\/2025\/01\/GORRB1-Gangs-of-Rome-Schnellstart-Regeln-1-212x300.jpg",212,300,true],"medium_large":["https:\/\/stronghold-terrain.de\/wp-content\/uploads\/2025\/01\/GORRB1-Gangs-of-Rome-Schnellstart-Regeln-1-768x1089.jpg",768,1089,true],"large":["https:\/\/stronghold-terrain.de\/wp-content\/uploads\/2025\/01\/GORRB1-Gangs-of-Rome-Schnellstart-Regeln-1-722x1024.jpg",722,1024,true],"1536x1536":["https:\/\/stronghold-terrain.de\/wp-content\/uploads\/2025\/01\/GORRB1-Gangs-of-Rome-Schnellstart-Regeln-1-1083x1536.jpg",1083,1536,true],"2048x2048":["https:\/\/stronghold-terrain.de\/wp-content\/uploads\/2025\/01\/GORRB1-Gangs-of-Rome-Schnellstart-Regeln-1.jpg",1128,1600,false],"woocommerce_thumbnail":["https:\/\/stronghold-terrain.de\/wp-content\/uploads\/2025\/01\/GORRB1-Gangs-of-Rome-Schnellstart-Regeln-1-262x328.jpg",262,328,true],"woocommerce_single":["https:\/\/stronghold-terrain.de\/wp-content\/uploads\/2025\/01\/GORRB1-Gangs-of-Rome-Schnellstart-Regeln-1-555x787.jpg",555,787,true],"woocommerce_gallery_thumbnail":["https:\/\/stronghold-terrain.de\/wp-content\/uploads\/2025\/01\/GORRB1-Gangs-of-Rome-Schnellstart-Regeln-1-100x100.jpg",100,100,true],"woosq":["https:\/\/stronghold-terrain.de\/wp-content\/uploads\/2025\/01\/GORRB1-Gangs-of-Rome-Schnellstart-Regeln-1-460x460.jpg",460,460,true]},"uagb_author_info":{"display_name":"Mirco Wenning","author_link":"https:\/\/stronghold-terrain.de\/en\/author\/"},"uagb_comment_info":0,"uagb_excerpt":"Beim Kauf des Booklets bekommst du einen Gutscheincode \u00fcber 5\u20ac, der beim Kauf des Gangs of Rome Hardcover Regelbuchs eingel\u00f6st werden kann.\u00a0 In einer Zeit, in der die Elite Roms brutale Banden als Instrumente ihres Willens einsetzt, l\u00e4dt Gangs of Rome dich ein, sich einen Weg zur Macht zu bahnen. Als Dominus rekrutierst und befehligst&hellip;","_links":{"self":[{"href":"https:\/\/stronghold-terrain.de\/en\/wp-json\/wp\/v2\/product\/61247","targetHints":{"allow":["GET"]}}],"collection":[{"href":"https:\/\/stronghold-terrain.de\/en\/wp-json\/wp\/v2\/product"}],"about":[{"href":"https:\/\/stronghold-terrain.de\/en\/wp-json\/wp\/v2\/types\/product"}],"wp:featuredmedia":[{"embeddable":true,"href":"https:\/\/stronghold-terrain.de\/en\/wp-json\/wp\/v2\/media\/61252"}],"wp:attachment":[{"href":"https:\/\/stronghold-terrain.de\/en\/wp-json\/wp\/v2\/media?parent=61247"}],"wp:term":[{"taxonomy":"product_brand","embeddable":true,"href":"https:\/\/stronghold-terrain.de\/en\/wp-json\/wp\/v2\/product_brand?post=61247"},{"taxonomy":"product_cat","embeddable":true,"href":"https:\/\/stronghold-terrain.de\/en\/wp-json\/wp\/v2\/product_cat?post=61247"},{"taxonomy":"product_tag","embeddable":true,"href":"https:\/\/stronghold-terrain.de\/en\/wp-json\/wp\/v2\/product_tag?post=61247"}],"curies":[{"name":"wp","href":"https:\/\/api.w.org\/{rel}","templated":true}]}}