{"id":62620,"date":"2025-05-06T07:27:28","date_gmt":"2025-05-06T07:27:28","guid":{"rendered":"https:\/\/stronghold-terrain.de\/?post_type=product&#038;p=62620"},"modified":"2026-04-17T07:56:19","modified_gmt":"2026-04-17T07:56:19","slug":"vorbestellung-saga-aera-der-ritter-gratis-miniatur-jeanne-darc","status":"publish","type":"product","link":"https:\/\/stronghold-terrain.de\/en\/shop\/vorbestellung-saga-aera-der-ritter-gratis-miniatur-jeanne-darc\/","title":{"rendered":"SAGA \u00c4ra der Ritter + Gratis Miniatur (Jeanne d\u2019Arc)"},"content":{"rendered":"<p><em>Wir schreiben das Jahr 1337. Um einen dynastischen, territorialen und wirtschaftlichen <\/em><em>Streit zu entscheiden, erkl\u00e4rt der K\u00f6nig von England dem K\u00f6nig von Frankreich <\/em><em>den Krieg. Dies markiert den Beginn des Hundertj\u00e4hrigen Krieges \u2013 Schauplatz <\/em><em>legend\u00e4rer Schlachten zwischen zwei konkurrierenden Kriegsparteien, die nicht nur <\/em><em>in Cr\u00e9cy, Poitiers und Azincourt aufeinandertrafen, sondern auch bei Patay, Formigny <\/em><em>und Castillon! <\/em><\/p>\n<p><em>Der Krieg endet erst 1453, als England nach dem Verlust fast all seine <\/em><em>Besitzt\u00fcmer auf dem Festland aufgibt und in einen B\u00fcrgerkrieg st\u00fcrzt.<\/em><\/p>\n<p><em>Doch der Hundertj\u00e4hrige Krieg beschr\u00e4nkte sich nicht auf England und Frankreich:<\/em><br \/>\n<em>Auch ihre Nachbarn, Verb\u00fcndeten und Vasallen nahmen daran teil. Schotten, Bretonen, <\/em><em>Flamen, Kastilier, Burgunder und Freikompanien mischten sich ins Geschehen ein \u2013 <\/em><em>w\u00e4hrend Italiener, Schweizer, Deutsche und sogar die Hussiten ihre ganz eigenen <\/em><em>Kriege f\u00fchrten.<\/em><\/p>\n<p><strong>Fakten:<\/strong><\/p>\n<ul>\n<li>Gratis Miniatur: Jeanne d\u2019Arc 3D-Gedruckte Resin-Miniatur. Exklusiv modelliert von Reconquer Designs.<\/li>\n<li>96 Seiten Hardcover mit Leseb\u00e4ndchen<\/li>\n<li>14 Papp-Schlachtpl\u00e4ne<\/li>\n<li>Im Vergleich zur englischen Version erratiert<\/li>\n<li>14 Fraktionen\n<ul>\n<li>Engl\u00e4nder<\/li>\n<li>Franzosen<\/li>\n<li>Freikompanien<\/li>\n<li>Burgunder<\/li>\n<li>Schotten<\/li>\n<li>Flamen<\/li>\n<li>Bretonen<\/li>\n<li>Kastilier<\/li>\n<li>Schweizer<\/li>\n<li>Deutsche<\/li>\n<li>Hussiten<\/li>\n<li>Condottieri<\/li>\n<li>Haus Lancaster<\/li>\n<li>Haus York<\/li>\n<\/ul>\n<\/li>\n<\/ul>\n<p><strong>SAGA \u00c4ra der Ritter ist eine vollst\u00e4ndige SAGA-Spielwelt, die folgende Dinge enth\u00e4lt:<\/strong><\/p>\n<p>\u00c4ra der Ritter ist eine Erweiterung f\u00fcr Saga, die sich dem Hundertj\u00e4hrigen Krieg, seinen<br \/>\nNebenschaupl\u00e4tzen und den Burgunderkriegen widmet.<\/p>\n<p>Diese Erweiterung enth\u00e4lt 12 Fraktionen, einige davon mit Varianten \u2013 jede mit eigenem<br \/>\nSchlachtplan, einer Zusammenfassung und Sonderregeln.<\/p>\n<p>Hinzu kommen zahlreiche S\u00f6ldner, die sich deiner Streitmacht anschlie\u00dfen k\u00f6nnen, sowie<br \/>\neine gro\u00dfe Auswahl an legend\u00e4ren Pers\u00f6nlichkeiten.<\/p>\n<p>Den Abschluss bildet ein Kapitel zu den Rosenkriegen, in dem sich die H\u00e4user York und<br \/>\nLancaster im erbitterten Kampf um den englischen Thron gegen\u00fcberstehen.<\/p>\n<p>Zum Spielen wird ein Exemplar des Saga-Regelbuchs ben\u00f6tigt. Diese Erweiterung beinhaltet<br \/>\n14 Schlachtpl\u00e4ne, die nicht separat erh\u00e4ltlich sind<\/p>\n<p>&nbsp;<\/p>\n<p>&nbsp;<\/p>\n","protected":false},"excerpt":{"rendered":"<p>Wir schreiben das Jahr 1337. Um einen dynastischen, territorialen und wirtschaftlichen Streit zu entscheiden, erkl\u00e4rt der K\u00f6nig von England dem K\u00f6nig von Frankreich den Krieg. Dies markiert den Beginn des Hundertj\u00e4hrigen Krieges \u2013 Schauplatz legend\u00e4rer Schlachten zwischen zwei konkurrierenden Kriegsparteien, die nicht nur in Cr\u00e9cy, Poitiers und Azincourt aufeinandertrafen, sondern auch bei Patay, Formigny und [&hellip;]<\/p>\n","protected":false},"featured_media":62624,"template":"","meta":{"_crdt_document":"","_uag_custom_page_level_css":"","site-sidebar-layout":"default","site-content-layout":"","ast-site-content-layout":"default","site-content-style":"default","site-sidebar-style":"default","ast-global-header-display":"","ast-banner-title-visibility":"","ast-main-header-display":"","ast-hfb-above-header-display":"","ast-hfb-below-header-display":"","ast-hfb-mobile-header-display":"","site-post-title":"","ast-breadcrumbs-content":"","ast-featured-img":"","footer-sml-layout":"","theme-transparent-header-meta":"default","adv-header-id-meta":"","stick-header-meta":"","header-above-stick-meta":"","header-main-stick-meta":"","header-below-stick-meta":"","astra-migrate-meta-layouts":"set","ast-page-background-enabled":"default","ast-page-background-meta":{"desktop":{"background-color":"var(--ast-global-color-4)","background-image":"","background-repeat":"repeat","background-position":"center center","background-size":"auto","background-attachment":"scroll","background-type":"","background-media":"","overlay-type":"","overlay-color":"","overlay-opacity":"","overlay-gradient":""},"tablet":{"background-color":"","background-image":"","background-repeat":"repeat","background-position":"center center","background-size":"auto","background-attachment":"scroll","background-type":"","background-media":"","overlay-type":"","overlay-color":"","overlay-opacity":"","overlay-gradient":""},"mobile":{"background-color":"","background-image":"","background-repeat":"repeat","background-position":"center center","background-size":"auto","background-attachment":"scroll","background-type":"","background-media":"","overlay-type":"","overlay-color":"","overlay-opacity":"","overlay-gradient":""}},"ast-content-background-meta":{"desktop":{"background-color":"var(--ast-global-color-5)","background-image":"","background-repeat":"repeat","background-position":"center center","background-size":"auto","background-attachment":"scroll","background-type":"","background-media":"","overlay-type":"","overlay-color":"","overlay-opacity":"","overlay-gradient":""},"tablet":{"background-color":"var(--ast-global-color-5)","background-image":"","background-repeat":"repeat","background-position":"center center","background-size":"auto","background-attachment":"scroll","background-type":"","background-media":"","overlay-type":"","overlay-color":"","overlay-opacity":"","overlay-gradient":""},"mobile":{"background-color":"var(--ast-global-color-5)","background-image":"","background-repeat":"repeat","background-position":"center center","background-size":"auto","background-attachment":"scroll","background-type":"","background-media":"","overlay-type":"","overlay-color":"","overlay-opacity":"","overlay-gradient":""}}},"product_brand":[],"product_cat":[741,236],"product_tag":[1304],"class_list":{"0":"post-62620","1":"product","2":"type-product","3":"status-publish","4":"has-post-thumbnail","6":"product_cat-regelbuecher-deutsch","7":"product_cat-saga-rules","8":"product_tag-regelbuch","9":"pa_delivery_conditions-31-neu","10":"pa_delivery_time-anfang-maerz","11":"pa_dimension-22-a4","12":"pa_material-24-papier","13":"pa_teile-49-6","14":"desktop-align-left","15":"tablet-align-left","16":"mobile-align-left","18":"first","19":"instock","20":"taxable","21":"shipping-taxable","22":"purchasable","23":"product-type-simple"},"uagb_featured_image_src":{"full":["https:\/\/stronghold-terrain.de\/wp-content\/uploads\/2025\/05\/SAGA-Aera-der-Ritter-Cover-Jeanne-SARB45.jpg",1024,1447,false],"thumbnail":["https:\/\/stronghold-terrain.de\/wp-content\/uploads\/2025\/05\/SAGA-Aera-der-Ritter-Cover-Jeanne-SARB45-150x150.jpg",150,150,true],"medium":["https:\/\/stronghold-terrain.de\/wp-content\/uploads\/2025\/05\/SAGA-Aera-der-Ritter-Cover-Jeanne-SARB45-212x300.jpg",212,300,true],"medium_large":["https:\/\/stronghold-terrain.de\/wp-content\/uploads\/2025\/05\/SAGA-Aera-der-Ritter-Cover-Jeanne-SARB45-768x1085.jpg",768,1085,true],"large":["https:\/\/stronghold-terrain.de\/wp-content\/uploads\/2025\/05\/SAGA-Aera-der-Ritter-Cover-Jeanne-SARB45-725x1024.jpg",725,1024,true],"1536x1536":["https:\/\/stronghold-terrain.de\/wp-content\/uploads\/2025\/05\/SAGA-Aera-der-Ritter-Cover-Jeanne-SARB45.jpg",1024,1447,false],"2048x2048":["https:\/\/stronghold-terrain.de\/wp-content\/uploads\/2025\/05\/SAGA-Aera-der-Ritter-Cover-Jeanne-SARB45.jpg",1024,1447,false],"woocommerce_thumbnail":["https:\/\/stronghold-terrain.de\/wp-content\/uploads\/2025\/05\/SAGA-Aera-der-Ritter-Cover-Jeanne-SARB45-262x328.jpg",262,328,true],"woocommerce_single":["https:\/\/stronghold-terrain.de\/wp-content\/uploads\/2025\/05\/SAGA-Aera-der-Ritter-Cover-Jeanne-SARB45-555x784.jpg",555,784,true],"woocommerce_gallery_thumbnail":["https:\/\/stronghold-terrain.de\/wp-content\/uploads\/2025\/05\/SAGA-Aera-der-Ritter-Cover-Jeanne-SARB45-100x100.jpg",100,100,true],"woosq":["https:\/\/stronghold-terrain.de\/wp-content\/uploads\/2025\/05\/SAGA-Aera-der-Ritter-Cover-Jeanne-SARB45-460x460.jpg",460,460,true]},"uagb_author_info":{"display_name":"Mirco Wenning","author_link":"https:\/\/stronghold-terrain.de\/en\/author\/"},"uagb_comment_info":0,"uagb_excerpt":"Wir schreiben das Jahr 1337. Um einen dynastischen, territorialen und wirtschaftlichen Streit zu entscheiden, erkl\u00e4rt der K\u00f6nig von England dem K\u00f6nig von Frankreich den Krieg. Dies markiert den Beginn des Hundertj\u00e4hrigen Krieges \u2013 Schauplatz legend\u00e4rer Schlachten zwischen zwei konkurrierenden Kriegsparteien, die nicht nur in Cr\u00e9cy, Poitiers und Azincourt aufeinandertrafen, sondern auch bei Patay, Formigny und&hellip;","_links":{"self":[{"href":"https:\/\/stronghold-terrain.de\/en\/wp-json\/wp\/v2\/product\/62620","targetHints":{"allow":["GET"]}}],"collection":[{"href":"https:\/\/stronghold-terrain.de\/en\/wp-json\/wp\/v2\/product"}],"about":[{"href":"https:\/\/stronghold-terrain.de\/en\/wp-json\/wp\/v2\/types\/product"}],"wp:featuredmedia":[{"embeddable":true,"href":"https:\/\/stronghold-terrain.de\/en\/wp-json\/wp\/v2\/media\/62624"}],"wp:attachment":[{"href":"https:\/\/stronghold-terrain.de\/en\/wp-json\/wp\/v2\/media?parent=62620"}],"wp:term":[{"taxonomy":"product_brand","embeddable":true,"href":"https:\/\/stronghold-terrain.de\/en\/wp-json\/wp\/v2\/product_brand?post=62620"},{"taxonomy":"product_cat","embeddable":true,"href":"https:\/\/stronghold-terrain.de\/en\/wp-json\/wp\/v2\/product_cat?post=62620"},{"taxonomy":"product_tag","embeddable":true,"href":"https:\/\/stronghold-terrain.de\/en\/wp-json\/wp\/v2\/product_tag?post=62620"}],"curies":[{"name":"wp","href":"https:\/\/api.w.org\/{rel}","templated":true}]}}