{"id":6524,"date":"2018-08-06T07:20:50","date_gmt":"2018-08-06T07:20:50","guid":{"rendered":"http:\/\/stronghold-terrain.de\/?post_type=product&#038;p=6524"},"modified":"2026-01-13T08:54:07","modified_gmt":"2026-01-13T08:54:07","slug":"shootout-in-dingstown-regelbuch","status":"publish","type":"product","link":"https:\/\/stronghold-terrain.de\/en\/shop\/shootout-in-dingstown-regelbuch\/","title":{"rendered":"Hardcover-Regelbuch Shootout in Dingstown"},"content":{"rendered":"<p>&#8220;<em>Zieh, Fremder!<\/em>&#8221; &#8211; und schon sprechen die Colts!<\/p>\n<p><em>Shootout in Dingstown<\/em>\u00a0entf\u00fchrt Dich und Deine Kumpels in die Welt des Wilden Westens, wo eine schnelle Hand und ein Hechtsprung hinter den n\u00e4chsten Planwagen \u00fcber Leben und Tod entscheiden k\u00f6nnen.<\/p>\n<p>Das\u00a0<strong>Hardcover-Regelbuch<\/strong>\u00a0mit 148 farbigen Inhaltsseiten enth\u00e4lt im Vergleich zur Softcover-Ausgabe 36 Seiten mit weiteren Zusatzregeln (siehe unten), die \u00fcbrigen Regeln sind jedoch in beiden Ausgaben (Hard- und Softcover) gleich.<\/p>\n<p>Diese\u00a0<strong>deutschsprachige Tabletop-Spielregel<\/strong>\u00a0erm\u00f6glicht es zwei bis vier Spielern, ihre Banden von Cowboys und Cowgirls, Mexikanern, Banditen, Untoten, Kavalleristen. Indianern und sonstigen Protagonisten gegeneinander antreten zu lassen, um Banken auszurauben, Postkutschen zu \u00fcberfallen, den beim letzten Coup gefangenen Mitt\u00e4ter zu befreien, unbekannte Wesen zu bek\u00e4mpfen oder was Euch sonst noch so in den Sinn kommt. Die Miniaturen aller g\u00e4ngigen Tabletop-Hersteller k\u00f6nnen problemlos verwendet werden. Eine Bande umfasst \u00fcblicherweise sechs bis acht Figuren, als Spielfeldgr\u00f6\u00dfe eignen sich Fl\u00e4chen von 1,20 x 1,20 m oder 1,0 x 1,50 m mit ein paar Geb\u00e4uden oder Gel\u00e4ndest\u00fccken.<\/p>\n<p><strong>Die Grundregeln von &#8220;Dingstown&#8221; sind einfach gehalten und schnell lernbar<\/strong>, nach wenigen Minuten Einf\u00fchrung kann es los gehen. Wem das nicht reicht, dem steht eine Auswahl\u00a0<strong>optionaler Sonderregeln<\/strong>\u00a0zur Verf\u00fcgung, um mehr Atmosph\u00e4re ins Spiel zu bringen oder den Lieblingscharakter vom einfachen Greenhorn bis zum Revolverhelden aufsteigen zu lassen.<\/p>\n<p><strong>Zum Spielen braucht Ihr<\/strong>\u00a0au\u00dfer der Spielregel nur ein normales Kartenspiel, ein Ma\u00dfband, ein paar zehnseitige W\u00fcrfel und beliebige Figuren, Gel\u00e4nde oder Geb\u00e4ude f\u00fcr Euer Szenario \u2013 und los geht\u2019s! Seht Euch auch die Youtube-Videos an, die unten in dieser Beschreibung verlinkt sind.<\/p>\n<p><strong>Was unterscheidet die Regeln von &#8220;Shootout in Dingstown&#8221; von anderen Spielen?<\/strong><br \/>\nAlle Schussmodifikationen (Entfernung, Deckung, Bewegung usw.) werden in den Trefferwurf des Sch\u00fctzen eingerechnet, der Getroffene hat einen Standard-Ausweichenwurf &#8211; misslingt dieser, ist er ausgeschaltet. Es kann also ziemlich schnell recht blutig werden. Spielmarker (Kopiervorlagen im Buch oder die Marker aus dem Webstore) dienen zur Darstellung besonderer Aktionen einer Figur wie z.B. Zielen, Rennen oder defekte Waffen. Entfernungen d\u00fcrfen nicht gemessen werden, was knifflig werden kann. Wer einen erforderlichen Wurf nicht schafft, muss das Resultat auf der Versagertabelle ausw\u00fcrfeln.<\/p>\n<p>Einen\u00a0<strong>Beispiel-Spielzug<\/strong>\u00a0findet Ihr unter der Rubrik &#8220;Freie Downloads&#8221; oder unten in den verlinkten Videos.<\/p>\n<p>Die Regeln sind auch bestens geeignet, um Scharm\u00fctzel bewaffneter Gruppen an anderen ber\u00fchmten Schaupl\u00e4tzen des 18. und 19. Jahrhunderts auszutragen. Wage Dich also in die Dschungel Schwarzafrikas, um Sklavenh\u00e4ndler zu bek\u00e4mpfen, Elfenbein zu rauben oder einfach nur klarzustellen, welche Kolonialmacht Anspruch auf ein unschuldiges Dschungeldorf hat. Auch Piraten\u00fcberf\u00e4lle, Sto\u00dftrupps im amerikanischen B\u00fcrgerkrieg oder Stra\u00dfenschlachten mit Aufr\u00fchrern in New York k\u00f6nnen gespielt werden. \u00dcberall, wo kleine Banden sich befehden, kannst Du die Shootout-Regeln einsetzen und damit mal wieder Miniaturen aus Deiner Vitrine holen, die schon l\u00e4nger keinen Einsatz mehr erlebt haben. Auch f\u00fcr Steampunks und ihre bizarren Experimentalwaffen sind Regeln vorhanden, die sich bestens eignen, um damit moderne Gefechte zu spielen. Und warum nicht auch Science Fiction ausprobieren? Die Regeln erlauben (fast) alles.<\/p>\n<p>Unter &#8220;Dokumente&#8221; oder unter &#8220;Freie Downloads&#8221; findet Ihr hilfreiches Spielmaterial.<\/p>\n<p><strong>Dieses Hardcover-Buch enth\u00e4lt die gleichen Regeln wie die bisherige Ausgabe:<\/strong><\/p>\n<table>\n<tbody>\n<tr>\n<td width=\"50\">\n<ul>\n<li><\/li>\n<\/ul>\n<\/td>\n<td width=\"654\">Spielregeln \u2013 Grundregeln, optionale Sonderregeln und Kampagnenregeln<\/td>\n<\/tr>\n<tr>\n<td width=\"50\">\n<ul>\n<li><\/li>\n<\/ul>\n<\/td>\n<td width=\"654\">Beispiele und Tipps<\/td>\n<\/tr>\n<tr>\n<td width=\"50\">\n<ul>\n<li><\/li>\n<\/ul>\n<\/td>\n<td width=\"654\">F\u00fcnf ausgearbeitete Szenarien f\u00fcr Western-Scharm\u00fctzel<\/td>\n<\/tr>\n<tr>\n<td width=\"50\">\n<ul>\n<li><\/li>\n<\/ul>\n<\/td>\n<td width=\"654\">\u00dcbersichtsbl\u00e4tter und Kopiervorlagen f\u00fcr Spielmarker und zwei Banden<\/td>\n<\/tr>\n<tr>\n<td width=\"50\">\n<ul>\n<li><\/li>\n<\/ul>\n<\/td>\n<td width=\"654\">Inhalts- und Stichwortverzeichnis zum Nachschlagen<\/td>\n<\/tr>\n<tr>\n<td width=\"50\">\n<ul>\n<li><\/li>\n<\/ul>\n<\/td>\n<td width=\"654\">Viele Farbfotos zur Illustration und Inspiration<\/td>\n<\/tr>\n<\/tbody>\n<\/table>\n<p>Geeignet ab 11 Jahren, Spieldauer ca. 90 Minuten<\/p>\n<p>Das 148-seitige Buch ist in hoher Qualit\u00e4t\u00a0<strong>vollfarbig im Format DIN A 4<\/strong>\u00a0gedruckt und als Hardcover gebunden.<\/p>\n<p>Diese Hardcover-Ausgabe enth\u00e4lt\u00a0<strong>36 Seiten mit zus\u00e4tzlichen Regeln<\/strong>, die \u00fcber die 2018 ver\u00f6ffentlichte Softcover-Ausgabe hinausgehen. Neu sind z.B. Regeln f\u00fcr:<\/p>\n<ul>\n<li>den amerikanischen B\u00fcrgerkrieg (AWI)<\/li>\n<li>gepanzerte Kutschen<\/li>\n<li>Steampunk-Flugger\u00e4te und -Walker<\/li>\n<li>Spiele in Eis &amp; Schnee<\/li>\n<li>Chinesen<\/li>\n<li>Kleintiere, wie Hunde, Schlangen und Schw\u00e4rme<\/li>\n<li>ein neues Szenario aus dem amerikanischen B\u00fcrgerkrieg (ACW) &amp; ein napoleonisches Szenario<\/li>\n<li>ausf\u00fchrlichere Erl\u00e4uterungen zu bestimmten Regeln, insbesondere zu den Spielkarten-Sondereigenschaften<\/li>\n<\/ul>\n<p>Die\u00a0<strong>Hardcover-Ausgabe des Regelbuches<\/strong>\u00a0wurde zum f\u00fcnfj\u00e4hrigen Jubil\u00e4um \u00fcber Kickstater finanziert. Weitere Einzelheiten zum Kickstarter findet Ihr unter folgendem\u00a0<a href=\"https:\/\/www.kickstarter.com\/projects\/dingstown\/shootout-in-dingstown-jubilaumsausgabe-als-hardcover?ref=user_menu\">Link<\/a><\/p>\n<p>Werft auch einen Blick auf das\u00a0<strong>Zubeh\u00f6r<\/strong>\u00a0hier im Store &#8211; die Spielmarker sowie die laminierten \u00dcbersichtsbl\u00e4tter sind im Spiel sehr n\u00fctzlich. Und Sheriff Jimjohn sollte nat\u00fcrlich auch nicht fehlen.<\/p>\n<p>Wem zeitweilig die Mitspieler fehlen, der kann mit dem separat erh\u00e4ltlichen Erg\u00e4nzungsbuch &#8220;Zombies in Dingstown &amp;\u00a0<strong>Solo-Regeln<\/strong>&#8221; auch K\u00e4mpfe gegen den Spielmechanismus ausfechten oder sich den Horden der Finsternis stellen. Die Solo-Regeln sind nat\u00fcrlich auch ohne Untote spielbar.<\/p>\n<p>Wer noch mehr zum Hintergrund und der Entstehung von &#8220;Dingstown&#8221; erfahren m\u00f6chte, kann sich den Podcast der Diceonauts mit dem Autor anh\u00f6ren:\u00a0<a href=\"https:\/\/diceonauts.com\/shootout-in-dingstown\/\">Dingstown-Interview<\/a><\/p>\n<p>Auf YouTube findet Ihr einen Spielbericht zu einem Solospiel von Tobias Knoll von &#8220;Bier und Brezel Tabletop&#8221;, wo auch das Regelbuch generell besprochen wird:\u00a0<a href=\"https:\/\/www.youtube.com\/watch?v=tHnNn32EMnM\">Spielbericht<\/a><\/p>\n<p>Rezensionen von Dingstown findet Ihr bei &#8220;Brettspiel Krone&#8221;\u00a0<a href=\"https:\/\/www.brettspiel-krone.de\/shootout-in-dingstown-western-tabletop-test\/\">Rezension\u00a0<\/a>\u00a0und ausf\u00fchrlich bei den &#8220;Teilzeithelden&#8221;\u00a0<a href=\"https:\/\/www.teilzeithelden.de\/2024\/01\/31\/shootout-in-dingstown-mehr-als-rauchende-colts-rezension\/\">Rezension<\/a><\/p>\n<p>Weitere Youtube-Videos zeigen Euch,<br \/>\n&#8211; was ihr bei der Zusammenstellung Eurer Banden f\u00fcr Dingstown beachten solltet (<a href=\"https:\/\/www.youtube.com\/watch?v=IJ1GE45pbKQ\">Bandenkarten f\u00fcr Dingstown<\/a>),<br \/>\n&#8211;\u00a0wie Ihr eine Westernstadt aufbaut (<a href=\"https:\/\/www.youtube.com\/watch?v=oZMqaQdYiZY\">Westernstadt Dingstown<\/a>),<br \/>\n&#8211; wie ein Bank\u00fcberfall in Dingstown ablaufen kann (<a href=\"https:\/\/www.youtube.com\/watch?v=zeQetHgdBBQ\">Demospiel Bank\u00fcberfall<\/a>),<br \/>\n&#8211; wie ein lustiges Dingstown-Spiel mit den Jungs von HTL-World ablaufen kann (<a href=\"https:\/\/www.youtube.com\/watch?v=UgLwCQT0kPc\">Demospiel mit HTL-World<\/a>)<\/p>\n<p>Alle Videos und Besprechungen zum Spiel findet Ihr auf dieser Webseite in der Kategorie &#8220;Videos&#8221;.<\/p>\n","protected":false},"excerpt":{"rendered":"<p>&#8220;Zieh, Fremder!&#8221; &#8211; und schon sprechen die Colts! Shootout in Dingstown\u00a0entf\u00fchrt Dich und Deine Kumpels in die Welt des Wilden Westens, wo eine schnelle Hand und ein Hechtsprung hinter den n\u00e4chsten Planwagen \u00fcber Leben und Tod entscheiden k\u00f6nnen. Das\u00a0Hardcover-Regelbuch\u00a0mit 148 farbigen Inhaltsseiten enth\u00e4lt im Vergleich zur Softcover-Ausgabe 36 Seiten mit weiteren Zusatzregeln (siehe unten), die [&hellip;]<\/p>\n","protected":false},"featured_media":58537,"template":"","meta":{"_crdt_document":"","_uag_custom_page_level_css":"","site-sidebar-layout":"default","site-content-layout":"","ast-site-content-layout":"","site-content-style":"default","site-sidebar-style":"default","ast-global-header-display":"","ast-banner-title-visibility":"","ast-main-header-display":"","ast-hfb-above-header-display":"","ast-hfb-below-header-display":"","ast-hfb-mobile-header-display":"","site-post-title":"","ast-breadcrumbs-content":"","ast-featured-img":"","footer-sml-layout":"","theme-transparent-header-meta":"","adv-header-id-meta":"","stick-header-meta":"","header-above-stick-meta":"","header-main-stick-meta":"","header-below-stick-meta":"","astra-migrate-meta-layouts":"default","ast-page-background-enabled":"default","ast-page-background-meta":{"desktop":{"background-color":"var(--ast-global-color-4)","background-image":"","background-repeat":"repeat","background-position":"center center","background-size":"auto","background-attachment":"scroll","background-type":"","background-media":"","overlay-type":"","overlay-color":"","overlay-opacity":"","overlay-gradient":""},"tablet":{"background-color":"","background-image":"","background-repeat":"repeat","background-position":"center center","background-size":"auto","background-attachment":"scroll","background-type":"","background-media":"","overlay-type":"","overlay-color":"","overlay-opacity":"","overlay-gradient":""},"mobile":{"background-color":"","background-image":"","background-repeat":"repeat","background-position":"center center","background-size":"auto","background-attachment":"scroll","background-type":"","background-media":"","overlay-type":"","overlay-color":"","overlay-opacity":"","overlay-gradient":""}},"ast-content-background-meta":{"desktop":{"background-color":"var(--ast-global-color-5)","background-image":"","background-repeat":"repeat","background-position":"center center","background-size":"auto","background-attachment":"scroll","background-type":"","background-media":"","overlay-type":"","overlay-color":"","overlay-opacity":"","overlay-gradient":""},"tablet":{"background-color":"var(--ast-global-color-5)","background-image":"","background-repeat":"repeat","background-position":"center center","background-size":"auto","background-attachment":"scroll","background-type":"","background-media":"","overlay-type":"","overlay-color":"","overlay-opacity":"","overlay-gradient":""},"mobile":{"background-color":"var(--ast-global-color-5)","background-image":"","background-repeat":"repeat","background-position":"center center","background-size":"auto","background-attachment":"scroll","background-type":"","background-media":"","overlay-type":"","overlay-color":"","overlay-opacity":"","overlay-gradient":""}}},"product_brand":[],"product_cat":[684],"product_tag":[1304],"class_list":{"0":"post-6524","1":"product","2":"type-product","3":"status-publish","4":"has-post-thumbnail","6":"product_cat-various-games","7":"product_tag-regelbuch","8":"pa_delivery_conditions-31-neu","9":"pa_delivery_time-41-2-3tage","10":"pa_dimension-22-a4","11":"pa_material-24-papier","12":"pa_teile-18-3","13":"desktop-align-left","14":"tablet-align-left","15":"mobile-align-left","17":"first","18":"instock","19":"taxable","20":"shipping-taxable","21":"purchasable","22":"product-type-simple"},"uagb_featured_image_src":{"full":["https:\/\/stronghold-terrain.de\/wp-content\/uploads\/2018\/08\/Coverbild-Jubilaeumsausgabe-final-verkl.jpg",433,600,false],"thumbnail":["https:\/\/stronghold-terrain.de\/wp-content\/uploads\/2018\/08\/Coverbild-Jubilaeumsausgabe-final-verkl-150x150.jpg",150,150,true],"medium":["https:\/\/stronghold-terrain.de\/wp-content\/uploads\/2018\/08\/Coverbild-Jubilaeumsausgabe-final-verkl-217x300.jpg",217,300,true],"medium_large":["https:\/\/stronghold-terrain.de\/wp-content\/uploads\/2018\/08\/Coverbild-Jubilaeumsausgabe-final-verkl.jpg",433,600,false],"large":["https:\/\/stronghold-terrain.de\/wp-content\/uploads\/2018\/08\/Coverbild-Jubilaeumsausgabe-final-verkl.jpg",433,600,false],"1536x1536":["https:\/\/stronghold-terrain.de\/wp-content\/uploads\/2018\/08\/Coverbild-Jubilaeumsausgabe-final-verkl.jpg",433,600,false],"2048x2048":["https:\/\/stronghold-terrain.de\/wp-content\/uploads\/2018\/08\/Coverbild-Jubilaeumsausgabe-final-verkl.jpg",433,600,false],"woocommerce_thumbnail":["https:\/\/stronghold-terrain.de\/wp-content\/uploads\/2018\/08\/Coverbild-Jubilaeumsausgabe-final-verkl-262x328.jpg",262,328,true],"woocommerce_single":["https:\/\/stronghold-terrain.de\/wp-content\/uploads\/2018\/08\/Coverbild-Jubilaeumsausgabe-final-verkl.jpg",433,600,false],"woocommerce_gallery_thumbnail":["https:\/\/stronghold-terrain.de\/wp-content\/uploads\/2018\/08\/Coverbild-Jubilaeumsausgabe-final-verkl-100x100.jpg",100,100,true],"woosq":["https:\/\/stronghold-terrain.de\/wp-content\/uploads\/2018\/08\/Coverbild-Jubilaeumsausgabe-final-verkl-433x460.jpg",433,460,true]},"uagb_author_info":{"display_name":"Mirco Wenning","author_link":"https:\/\/stronghold-terrain.de\/en\/author\/"},"uagb_comment_info":0,"uagb_excerpt":"&#8220;Zieh, Fremder!&#8221; &#8211; und schon sprechen die Colts! Shootout in Dingstown\u00a0entf\u00fchrt Dich und Deine Kumpels in die Welt des Wilden Westens, wo eine schnelle Hand und ein Hechtsprung hinter den n\u00e4chsten Planwagen \u00fcber Leben und Tod entscheiden k\u00f6nnen. Das\u00a0Hardcover-Regelbuch\u00a0mit 148 farbigen Inhaltsseiten enth\u00e4lt im Vergleich zur Softcover-Ausgabe 36 Seiten mit weiteren Zusatzregeln (siehe unten), die&hellip;","_links":{"self":[{"href":"https:\/\/stronghold-terrain.de\/en\/wp-json\/wp\/v2\/product\/6524","targetHints":{"allow":["GET"]}}],"collection":[{"href":"https:\/\/stronghold-terrain.de\/en\/wp-json\/wp\/v2\/product"}],"about":[{"href":"https:\/\/stronghold-terrain.de\/en\/wp-json\/wp\/v2\/types\/product"}],"wp:featuredmedia":[{"embeddable":true,"href":"https:\/\/stronghold-terrain.de\/en\/wp-json\/wp\/v2\/media\/58537"}],"wp:attachment":[{"href":"https:\/\/stronghold-terrain.de\/en\/wp-json\/wp\/v2\/media?parent=6524"}],"wp:term":[{"taxonomy":"product_brand","embeddable":true,"href":"https:\/\/stronghold-terrain.de\/en\/wp-json\/wp\/v2\/product_brand?post=6524"},{"taxonomy":"product_cat","embeddable":true,"href":"https:\/\/stronghold-terrain.de\/en\/wp-json\/wp\/v2\/product_cat?post=6524"},{"taxonomy":"product_tag","embeddable":true,"href":"https:\/\/stronghold-terrain.de\/en\/wp-json\/wp\/v2\/product_tag?post=6524"}],"curies":[{"name":"wp","href":"https:\/\/api.w.org\/{rel}","templated":true}]}}