{"id":7324,"date":"2018-11-22T13:13:15","date_gmt":"2018-11-22T13:13:15","guid":{"rendered":"http:\/\/stronghold-terrain.de\/?post_type=product&#038;p=7324"},"modified":"2023-05-04T13:20:52","modified_gmt":"2023-05-04T13:20:52","slug":"saga-sarazenen-einsteiger-deal","status":"publish","type":"product","link":"https:\/\/stronghold-terrain.de\/en\/shop\/saga-sarazenen-einsteiger-deal\/","title":{"rendered":"SAGA Sarazenen Einsteiger Deal"},"content":{"rendered":"<p>Alles was du f\u00fcr eine 4 Punkte Anglod\u00e4nen \/ Angelsachsen Armee brauchst<\/p>\n<ul>\n<li>Regelbuch (inklusive Gratisfigur)<\/li>\n<li>\u00c4ra der Kreuzz\u00fcge (inklusive Gratisfigur)<\/li>\n<li>Ma\u00dfst\u00e4be &amp; Erm\u00fcdungsmarker<\/li>\n<li>SAGA W\u00fcrfel<\/li>\n<li>4 Punkte Armee<\/li>\n<\/ul>\n<p><\/p>","protected":false},"excerpt":{"rendered":"<p>Alles was du f\u00fcr eine 4 Punkte Anglod\u00e4nen \/ Angelsachsen Armee brauchst Regelbuch (inklusive Gratisfigur) \u00c4ra der Kreuzz\u00fcge (inklusive Gratisfigur) Ma\u00dfst\u00e4be &amp; Erm\u00fcdungsmarker SAGA W\u00fcrfel 4 Punkte Armee<\/p>\n","protected":false},"featured_media":0,"template":"","meta":{"_crdt_document":"","_uag_custom_page_level_css":"","site-sidebar-layout":"default","site-content-layout":"","ast-site-content-layout":"","site-content-style":"default","site-sidebar-style":"default","ast-global-header-display":"","ast-banner-title-visibility":"","ast-main-header-display":"","ast-hfb-above-header-display":"","ast-hfb-below-header-display":"","ast-hfb-mobile-header-display":"","site-post-title":"","ast-breadcrumbs-content":"","ast-featured-img":"","footer-sml-layout":"","theme-transparent-header-meta":"","adv-header-id-meta":"","stick-header-meta":"","header-above-stick-meta":"","header-main-stick-meta":"","header-below-stick-meta":"","astra-migrate-meta-layouts":"default","ast-page-background-enabled":"default","ast-page-background-meta":{"desktop":{"background-color":"var(--ast-global-color-4)","background-image":"","background-repeat":"repeat","background-position":"center center","background-size":"auto","background-attachment":"scroll","background-type":"","background-media":"","overlay-type":"","overlay-color":"","overlay-opacity":"","overlay-gradient":""},"tablet":{"background-color":"","background-image":"","background-repeat":"repeat","background-position":"center center","background-size":"auto","background-attachment":"scroll","background-type":"","background-media":"","overlay-type":"","overlay-color":"","overlay-opacity":"","overlay-gradient":""},"mobile":{"background-color":"","background-image":"","background-repeat":"repeat","background-position":"center center","background-size":"auto","background-attachment":"scroll","background-type":"","background-media":"","overlay-type":"","overlay-color":"","overlay-opacity":"","overlay-gradient":""}},"ast-content-background-meta":{"desktop":{"background-color":"var(--ast-global-color-5)","background-image":"","background-repeat":"repeat","background-position":"center center","background-size":"auto","background-attachment":"scroll","background-type":"","background-media":"","overlay-type":"","overlay-color":"","overlay-opacity":"","overlay-gradient":""},"tablet":{"background-color":"var(--ast-global-color-5)","background-image":"","background-repeat":"repeat","background-position":"center center","background-size":"auto","background-attachment":"scroll","background-type":"","background-media":"","overlay-type":"","overlay-color":"","overlay-opacity":"","overlay-gradient":""},"mobile":{"background-color":"var(--ast-global-color-5)","background-image":"","background-repeat":"repeat","background-position":"center center","background-size":"auto","background-attachment":"scroll","background-type":"","background-media":"","overlay-type":"","overlay-color":"","overlay-opacity":"","overlay-gradient":""}}},"product_brand":[],"product_cat":[423,236],"product_tag":[],"class_list":{"0":"post-7324","1":"product","2":"type-product","3":"status-publish","5":"product_cat-7-deals","6":"product_cat-saga-rules","7":"desktop-align-left","8":"tablet-align-left","9":"mobile-align-left","11":"first","12":"instock","13":"sale","14":"taxable","15":"shipping-taxable","16":"purchasable","17":"product-type-simple"},"uagb_featured_image_src":{"full":false,"thumbnail":false,"medium":false,"medium_large":false,"large":false,"1536x1536":false,"2048x2048":false,"woocommerce_thumbnail":false,"woocommerce_single":false,"woocommerce_gallery_thumbnail":false,"woosq":false},"uagb_author_info":{"display_name":"Mirco Wenning","author_link":"https:\/\/stronghold-terrain.de\/en\/author\/"},"uagb_comment_info":0,"uagb_excerpt":"Alles was du f\u00fcr eine 4 Punkte Anglod\u00e4nen \/ Angelsachsen Armee brauchst Regelbuch (inklusive Gratisfigur) \u00c4ra der Kreuzz\u00fcge (inklusive Gratisfigur) Ma\u00dfst\u00e4be &amp; Erm\u00fcdungsmarker SAGA W\u00fcrfel 4 Punkte Armee","_links":{"self":[{"href":"https:\/\/stronghold-terrain.de\/en\/wp-json\/wp\/v2\/product\/7324","targetHints":{"allow":["GET"]}}],"collection":[{"href":"https:\/\/stronghold-terrain.de\/en\/wp-json\/wp\/v2\/product"}],"about":[{"href":"https:\/\/stronghold-terrain.de\/en\/wp-json\/wp\/v2\/types\/product"}],"wp:attachment":[{"href":"https:\/\/stronghold-terrain.de\/en\/wp-json\/wp\/v2\/media?parent=7324"}],"wp:term":[{"taxonomy":"product_brand","embeddable":true,"href":"https:\/\/stronghold-terrain.de\/en\/wp-json\/wp\/v2\/product_brand?post=7324"},{"taxonomy":"product_cat","embeddable":true,"href":"https:\/\/stronghold-terrain.de\/en\/wp-json\/wp\/v2\/product_cat?post=7324"},{"taxonomy":"product_tag","embeddable":true,"href":"https:\/\/stronghold-terrain.de\/en\/wp-json\/wp\/v2\/product_tag?post=7324"}],"curies":[{"name":"wp","href":"https:\/\/api.w.org\/{rel}","templated":true}]}}