{"id":976,"date":"2016-07-04T08:12:45","date_gmt":"2016-07-04T08:12:45","guid":{"rendered":"http:\/\/stronghold-terrain.de\/produkt\/dead-mans-hand-regelbuch-deutsch\/"},"modified":"2026-05-01T23:34:34","modified_gmt":"2026-05-01T23:34:34","slug":"dead-mans-hand-regelbuch-deutsch","status":"publish","type":"product","link":"https:\/\/stronghold-terrain.de\/en\/shop\/dead-mans-hand-regelbuch-deutsch\/","title":{"rendered":"Dead Man`s Hand Regelbuch (Deutsch)"},"content":{"rendered":"<p><strong>WICHTIG: Das zum Spielen notwendige Kartenset gibt es NICHT mehr auf Deutsch und wir k\u00f6nnen es leider nicht mehr drucken lassen.\u00a0<\/strong><\/p>\n<p><strong>Deutsches\u00a0Dead Man&#8217;s Hand\u00a0Regelbuch:<\/strong><strong><br \/>\n<\/strong><\/p>\n<ul>\n<li><strong>94 Seiten hochwertiges Hardcover <\/strong><\/li>\n<li><strong>2 Pappb\u00f6gen (Referenzbogen &amp; Spielmarker)<\/strong><\/li>\n<li><strong>Enth\u00e4lt neue optionale Regeln von Studio Tomahawk<\/strong><strong><br \/>\n<\/strong><\/li>\n<li>F\u00fchlt sich an, als ob man mitten in einem Italowestern steckt und einem die Kugeln um die Ohren sausen<\/li>\n<li>Leicht zu erlernendes Regelsystem auch f\u00fcr Greenhorns geeignet:\n<ul>\n<li>Vieles wird \u00fcber ein Spielkartendeck <span style=\"color: #ff0000;\">(seperat erh\u00e4ltlich nicht enthalten) <\/span>geregelt (Initiative, Ereignisse\u2026)<\/li>\n<li>Jede Figur hat 3 Aktionen pro Spielzug<\/li>\n<li>Intuitiver Umgang mit Gel\u00e4nde<\/li>\n<li>Erz\u00e4hlerische Szenarien, die meist aus drei aufeinander aufbauenden Szenen bestehen (26 verschiedene Szenarios plus Szenariogenerator)<\/li>\n<li>Spielzeit ca. 20m -1h<\/li>\n<\/ul>\n<\/li>\n<li>Regeln f\u00fcr 10 verschiedene Banden (Gesetzesh\u00fcter, Cowboys, Indianer, Desperados, US Kavallerie, Banditos, Gesetzlose, B\u00fcrgerwehr, Pinkertons und T\u00f6chter des Westens)<\/li>\n<li>Niedrige Einstiegsh\u00fcrden:\n<ul>\n<li>Banden bestehen gerade mal aus 7 Figuren<\/li>\n<li>\u00dcbersichtliche Spielfeldgr\u00f6\u00dfe von 90 x 90 cm<\/li>\n<li>Man ben\u00f6tigt lediglich einige Westernh\u00e4user<\/li>\n<\/ul>\n<\/li>\n<li>Langzeitmotivation dank der Kampagnenregeln<\/li>\n<li>Macht spontan Lust auf Bohnen mit Speck und Whisky<\/li>\n<\/ul>\n<div><\/div>\n<div>Eine ausf\u00fchrliche Podcast-Vostellung des Regelwerks findet ihr bei Magabotato:<\/div>\n<div><\/div>\n<div><span style=\"color: #ff0000; font-size: x-large;\"><strong><a href=\"http:\/\/www.magabotato.de\/podcast\/item\/episode-49\" target=\"_blank\" rel=\"noopener noreferrer\"><span style=\"color: #ff0000;\">Link<\/span><\/a><\/strong><\/span><\/div>\n<div><\/div>\n<div><\/div>\n<p>&nbsp;<\/p>\n<p><strong>\u00a0<\/strong><\/p>\n","protected":false},"excerpt":{"rendered":"<p>WICHTIG: Das zum Spielen notwendige Kartenset gibt es NICHT mehr auf Deutsch und wir k\u00f6nnen es leider nicht mehr drucken lassen.\u00a0 Deutsches\u00a0Dead Man&#8217;s Hand\u00a0Regelbuch: 94 Seiten hochwertiges Hardcover 2 Pappb\u00f6gen (Referenzbogen &amp; Spielmarker) Enth\u00e4lt neue optionale Regeln von Studio Tomahawk F\u00fchlt sich an, als ob man mitten in einem Italowestern steckt und einem die Kugeln [&hellip;]<\/p>\n","protected":false},"featured_media":971,"template":"","meta":{"_crdt_document":"","_uag_custom_page_level_css":"","site-sidebar-layout":"default","site-content-layout":"","ast-site-content-layout":"default","site-content-style":"default","site-sidebar-style":"default","ast-global-header-display":"","ast-banner-title-visibility":"","ast-main-header-display":"","ast-hfb-above-header-display":"","ast-hfb-below-header-display":"","ast-hfb-mobile-header-display":"","site-post-title":"","ast-breadcrumbs-content":"","ast-featured-img":"","footer-sml-layout":"","theme-transparent-header-meta":"default","adv-header-id-meta":"","stick-header-meta":"","header-above-stick-meta":"","header-main-stick-meta":"","header-below-stick-meta":"","astra-migrate-meta-layouts":"set","ast-page-background-enabled":"default","ast-page-background-meta":{"desktop":{"background-color":"var(--ast-global-color-4)","background-image":"","background-repeat":"repeat","background-position":"center center","background-size":"auto","background-attachment":"scroll","background-type":"","background-media":"","overlay-type":"","overlay-color":"","overlay-opacity":"","overlay-gradient":""},"tablet":{"background-color":"","background-image":"","background-repeat":"repeat","background-position":"center center","background-size":"auto","background-attachment":"scroll","background-type":"","background-media":"","overlay-type":"","overlay-color":"","overlay-opacity":"","overlay-gradient":""},"mobile":{"background-color":"","background-image":"","background-repeat":"repeat","background-position":"center center","background-size":"auto","background-attachment":"scroll","background-type":"","background-media":"","overlay-type":"","overlay-color":"","overlay-opacity":"","overlay-gradient":""}},"ast-content-background-meta":{"desktop":{"background-color":"var(--ast-global-color-5)","background-image":"","background-repeat":"repeat","background-position":"center center","background-size":"auto","background-attachment":"scroll","background-type":"","background-media":"","overlay-type":"","overlay-color":"","overlay-opacity":"","overlay-gradient":""},"tablet":{"background-color":"var(--ast-global-color-5)","background-image":"","background-repeat":"repeat","background-position":"center center","background-size":"auto","background-attachment":"scroll","background-type":"","background-media":"","overlay-type":"","overlay-color":"","overlay-opacity":"","overlay-gradient":""},"mobile":{"background-color":"var(--ast-global-color-5)","background-image":"","background-repeat":"repeat","background-position":"center center","background-size":"auto","background-attachment":"scroll","background-type":"","background-media":"","overlay-type":"","overlay-color":"","overlay-opacity":"","overlay-gradient":""}}},"product_brand":[],"product_cat":[237,423],"product_tag":[1304],"class_list":{"0":"post-976","1":"product","2":"type-product","3":"status-publish","4":"has-post-thumbnail","6":"product_cat-dead-mans-hand","7":"product_cat-7-deals","8":"product_tag-regelbuch","9":"pa_delivery_conditions-31-neu","10":"pa_delivery_time-41-2-3tage","11":"pa_dimension-22-a4","12":"pa_material-24-papier","13":"pa_teile-18-3","14":"desktop-align-left","15":"tablet-align-left","16":"mobile-align-left","18":"first","19":"instock","20":"sale","21":"taxable","22":"shipping-taxable","23":"purchasable","24":"product-type-simple"},"uagb_featured_image_src":{"full":["https:\/\/stronghold-terrain.de\/wp-content\/uploads\/2016\/07\/cover_1_1.jpg",800,1134,false],"thumbnail":["https:\/\/stronghold-terrain.de\/wp-content\/uploads\/2016\/07\/cover_1_1-150x150.jpg",150,150,true],"medium":["https:\/\/stronghold-terrain.de\/wp-content\/uploads\/2016\/07\/cover_1_1-212x300.jpg",212,300,true],"medium_large":["https:\/\/stronghold-terrain.de\/wp-content\/uploads\/2016\/07\/cover_1_1-768x1089.jpg",768,1089,true],"large":["https:\/\/stronghold-terrain.de\/wp-content\/uploads\/2016\/07\/cover_1_1-722x1024.jpg",722,1024,true],"1536x1536":["https:\/\/stronghold-terrain.de\/wp-content\/uploads\/2016\/07\/cover_1_1.jpg",800,1134,false],"2048x2048":["https:\/\/stronghold-terrain.de\/wp-content\/uploads\/2016\/07\/cover_1_1.jpg",800,1134,false],"woocommerce_thumbnail":["https:\/\/stronghold-terrain.de\/wp-content\/uploads\/2016\/07\/cover_1_1-262x328.jpg",262,328,true],"woocommerce_single":["https:\/\/stronghold-terrain.de\/wp-content\/uploads\/2016\/07\/cover_1_1-555x787.jpg",555,787,true],"woocommerce_gallery_thumbnail":["https:\/\/stronghold-terrain.de\/wp-content\/uploads\/2016\/07\/cover_1_1-100x100.jpg",100,100,true],"woosq":["https:\/\/stronghold-terrain.de\/wp-content\/uploads\/2016\/07\/cover_1_1-460x460.jpg",460,460,true]},"uagb_author_info":{"display_name":"mediadesignlab","author_link":"https:\/\/stronghold-terrain.de\/en\/author\/"},"uagb_comment_info":0,"uagb_excerpt":"WICHTIG: Das zum Spielen notwendige Kartenset gibt es NICHT mehr auf Deutsch und wir k\u00f6nnen es leider nicht mehr drucken lassen.\u00a0 Deutsches\u00a0Dead Man&#8217;s Hand\u00a0Regelbuch: 94 Seiten hochwertiges Hardcover 2 Pappb\u00f6gen (Referenzbogen &amp; Spielmarker) Enth\u00e4lt neue optionale Regeln von Studio Tomahawk F\u00fchlt sich an, als ob man mitten in einem Italowestern steckt und einem die Kugeln&hellip;","_links":{"self":[{"href":"https:\/\/stronghold-terrain.de\/en\/wp-json\/wp\/v2\/product\/976","targetHints":{"allow":["GET"]}}],"collection":[{"href":"https:\/\/stronghold-terrain.de\/en\/wp-json\/wp\/v2\/product"}],"about":[{"href":"https:\/\/stronghold-terrain.de\/en\/wp-json\/wp\/v2\/types\/product"}],"wp:featuredmedia":[{"embeddable":true,"href":"https:\/\/stronghold-terrain.de\/en\/wp-json\/wp\/v2\/media\/971"}],"wp:attachment":[{"href":"https:\/\/stronghold-terrain.de\/en\/wp-json\/wp\/v2\/media?parent=976"}],"wp:term":[{"taxonomy":"product_brand","embeddable":true,"href":"https:\/\/stronghold-terrain.de\/en\/wp-json\/wp\/v2\/product_brand?post=976"},{"taxonomy":"product_cat","embeddable":true,"href":"https:\/\/stronghold-terrain.de\/en\/wp-json\/wp\/v2\/product_cat?post=976"},{"taxonomy":"product_tag","embeddable":true,"href":"https:\/\/stronghold-terrain.de\/en\/wp-json\/wp\/v2\/product_tag?post=976"}],"curies":[{"name":"wp","href":"https:\/\/api.w.org\/{rel}","templated":true}]}}